{"id":340,"date":"2026-04-28T20:28:28","date_gmt":"2026-04-28T18:28:28","guid":{"rendered":"https:\/\/belgium-movers.be\/blog\/?page_id=340"},"modified":"2026-04-28T20:28:41","modified_gmt":"2026-04-28T18:28:41","slug":"demenagement-braine-lalleud-votre-expert-local-avec-belgium-movers","status":"publish","type":"page","link":"https:\/\/belgium-movers.be\/blog\/demenagement-braine-lalleud-votre-expert-local-avec-belgium-movers\/","title":{"rendered":"D\u00e9m\u00e9nagement Braine l\u2019Alleud : votre expert local avec Belgium Movers"},"content":{"rendered":"<p data-start=\"280\" data-end=\"516\">Vous recherchez une entreprise fiable pour votre <strong data-start=\"329\" data-end=\"363\">d\u00e9m\u00e9nagement \u00e0 Braine l\u2019Alleud<\/strong> ? Que vous changiez de maison, d\u2019appartement ou de bureau, un d\u00e9m\u00e9nagement demande du temps, de l\u2019organisation et surtout des professionnels comp\u00e9tents.<\/p>\n<p data-start=\"518\" data-end=\"689\">Chez <a href=\"https:\/\/belgium-movers.be\/\" target=\"_blank\" rel=\"noopener\"><strong data-start=\"523\" data-end=\"541\">Belgium Movers<\/strong><\/a>, nous mettons \u00e0 votre disposition des <strong data-start=\"580\" data-end=\"613\">d\u00e9m\u00e9nageurs \u00e0 Braine l\u2019Alleud<\/strong> exp\u00e9riment\u00e9s pour vous garantir un service rapide, s\u00e9curis\u00e9 et sans stress.<\/p>\n<p data-start=\"691\" data-end=\"808\">\ud83d\udc49 Notre objectif : vous offrir un <strong data-start=\"726\" data-end=\"767\">d\u00e9m\u00e9nagement Braine l\u2019Alleud efficace<\/strong>, adapt\u00e9 \u00e0 vos besoins et \u00e0 votre budget.<\/p>\n<hr data-start=\"810\" data-end=\"813\" \/>\n<h2 data-section-id=\"we0u59\" data-start=\"815\" data-end=\"871\">\ud83d\udccd D\u00e9m\u00e9nagement Braine l\u2019Alleud et r\u00e9gion bruxelloise<\/h2>\n<p data-start=\"873\" data-end=\"1072\">Braine l\u2019Alleud est une commune tr\u00e8s pris\u00e9e pour sa proximit\u00e9 avec <a href=\"https:\/\/fr.wikipedia.org\/wiki\/Bruxelles\" target=\"_blank\" rel=\"noopener\">Bruxelles<\/a> et sa qualit\u00e9 de vie. Que vous d\u00e9m\u00e9nagiez localement ou vers la capitale, il est essentiel de bien organiser votre projet.<\/p>\n<p data-start=\"1074\" data-end=\"1215\">Nos <strong data-start=\"1078\" data-end=\"1109\">d\u00e9m\u00e9nageurs Braine l\u2019Alleud<\/strong> interviennent non seulement dans la commune, mais aussi dans toute la <strong data-start=\"1180\" data-end=\"1202\">r\u00e9gion bruxelloise<\/strong>, notamment :<\/p>\n<ul data-start=\"1217\" data-end=\"1289\">\n<li data-section-id=\"pmygqy\" data-start=\"1217\" data-end=\"1232\"><a href=\"https:\/\/belgium-movers.be\/blog\/demenagement-ixelles\/\" target=\"_blank\" rel=\"noopener\"><strong data-start=\"1219\" data-end=\"1230\">Ixelles<\/strong><\/a><\/li>\n<li data-section-id=\"1d7cqb5\" data-start=\"1233\" data-end=\"1247\"><a href=\"https:\/\/belgium-movers.be\/blog\/demenagement-forest\/\" target=\"_blank\" rel=\"noopener\"><strong data-start=\"1235\" data-end=\"1245\">Forest<\/strong><\/a><\/li>\n<li data-section-id=\"c6p7is\" data-start=\"1248\" data-end=\"1261\"><a href=\"https:\/\/belgium-movers.be\/blog\/demenagement-uccle\/\" target=\"_blank\" rel=\"noopener\"><strong data-start=\"1250\" data-end=\"1259\">Uccle<\/strong><\/a><\/li>\n<li data-section-id=\"9461jt\" data-start=\"1262\" data-end=\"1289\"><a href=\"https:\/\/belgium-movers.be\/blog\/demenagement-auderghem\/\" target=\"_blank\" rel=\"noopener\"><strong data-start=\"1264\" data-end=\"1287\">Auderghem<\/strong><\/a><\/li>\n<\/ul>\n<p data-start=\"1291\" data-end=\"1409\">\ud83d\udc49 Gr\u00e2ce \u00e0 notre connaissance du terrain, nous optimisons chaque intervention pour un d\u00e9m\u00e9nagement rapide et efficace.<\/p>\n<hr data-start=\"1411\" data-end=\"1414\" \/>\n<h2 data-section-id=\"h0wncu\" data-start=\"1416\" data-end=\"1480\">\ud83e\udde0 Pourquoi faire appel \u00e0 des d\u00e9m\u00e9nageurs \u00e0 Braine l\u2019Alleud ?<\/h2>\n<p data-start=\"1482\" data-end=\"1568\">Un d\u00e9m\u00e9nagement peut rapidement devenir complexe sans organisation ni mat\u00e9riel adapt\u00e9.<\/p>\n<p data-start=\"1570\" data-end=\"1636\">Faire appel \u00e0 des <strong data-start=\"1588\" data-end=\"1619\">d\u00e9m\u00e9nageurs Braine l\u2019Alleud<\/strong> vous permet de :<\/p>\n<h3 data-section-id=\"1bls1kb\" data-start=\"1638\" data-end=\"1662\">\u2714\ufe0f Gagner du temps<\/h3>\n<p data-start=\"1663\" data-end=\"1712\">Nos \u00e9quipes prennent en charge toutes les \u00e9tapes.<\/p>\n<h3 data-section-id=\"to9g90\" data-start=\"1714\" data-end=\"1741\">\u2714\ufe0f Prot\u00e9ger vos biens<\/h3>\n<p data-start=\"1742\" data-end=\"1812\">Nous utilisons des \u00e9quipements professionnels pour \u00e9viter toute casse.<\/p>\n<h3 data-section-id=\"1kkrkls\" data-start=\"1814\" data-end=\"1840\">\u2714\ufe0f R\u00e9duire le stress<\/h3>\n<p data-start=\"1841\" data-end=\"1891\">Vous d\u00e9l\u00e9guez les t\u00e2ches physiques et logistiques.<\/p>\n<h3 data-section-id=\"edjij3\" data-start=\"1893\" data-end=\"1932\">\u2714\ufe0f Profiter d\u2019un service efficace<\/h3>\n<p data-start=\"1933\" data-end=\"1994\">Un d\u00e9m\u00e9nagement complet peut \u00eatre r\u00e9alis\u00e9 en quelques heures.<\/p>\n<hr data-start=\"1996\" data-end=\"1999\" \/>\n<h2 data-section-id=\"8a5nqe\" data-start=\"2001\" data-end=\"2053\">\ud83d\udce6 Nos services de d\u00e9m\u00e9nagement \u00e0 Braine l\u2019Alleud<\/h2>\n<p data-start=\"2055\" data-end=\"2181\">Chez <strong data-start=\"2060\" data-end=\"2078\">Belgium Movers<\/strong>, nous proposons des solutions compl\u00e8tes et personnalis\u00e9es pour votre <strong data-start=\"2148\" data-end=\"2180\">d\u00e9m\u00e9nagement <a href=\"https:\/\/www.google.com\/maps\/place\/Braine-l'Alleud\/@50.6801329,4.2738049,12z\/data=!3m1!4b1!4m6!3m5!1s0x47c3cddfea73dbed:0x40099ab2f4d6330!8m2!3d50.6852876!4d4.3752475!16zL20vMDE3cWxm?entry=ttu&amp;g_ep=EgoyMDI2MDQyMi4wIKXMDSoASAFQAw%3D%3D\" target=\"_blank\" rel=\"noopener\">Braine l\u2019Alleud<\/a><\/strong>.<\/p>\n<hr data-start=\"2183\" data-end=\"2186\" \/>\n<h3 data-section-id=\"1gsgm3\" data-start=\"2188\" data-end=\"2215\">\ud83d\ude9a D\u00e9m\u00e9nagement complet<\/h3>\n<p data-start=\"2217\" data-end=\"2245\">Nous nous occupons de tout :<\/p>\n<ul data-start=\"2247\" data-end=\"2334\">\n<li data-section-id=\"2202bb\" data-start=\"2247\" data-end=\"2271\">Emballage des objets<\/li>\n<li data-section-id=\"ar9syx\" data-start=\"2272\" data-end=\"2297\">D\u00e9montage des meubles<\/li>\n<li data-section-id=\"1ok47a\" data-start=\"2298\" data-end=\"2320\">Transport s\u00e9curis\u00e9<\/li>\n<li data-section-id=\"1g3xlok\" data-start=\"2321\" data-end=\"2334\">Remontage<\/li>\n<\/ul>\n<p data-start=\"2336\" data-end=\"2380\">\ud83d\udc49 Vous b\u00e9n\u00e9ficiez d\u2019un service cl\u00e9 en main.<\/p>\n<hr data-start=\"2382\" data-end=\"2385\" \/>\n<h3 data-section-id=\"1iaqp3o\" data-start=\"2387\" data-end=\"2417\">\ud83d\udce6 Emballage professionnel<\/h3>\n<p data-start=\"2419\" data-end=\"2468\">Nos <strong data-start=\"2423\" data-end=\"2456\">d\u00e9m\u00e9nageurs \u00e0 Braine l\u2019Alleud<\/strong> utilisent :<\/p>\n<ul data-start=\"2470\" data-end=\"2536\">\n<li data-section-id=\"1959xpx\" data-start=\"2470\" data-end=\"2489\">Cartons solides<\/li>\n<li data-section-id=\"z558ed\" data-start=\"2490\" data-end=\"2506\">Papier bulle<\/li>\n<li data-section-id=\"1pl9fiv\" data-start=\"2507\" data-end=\"2536\">Couvertures de protection<\/li>\n<\/ul>\n<p data-start=\"2538\" data-end=\"2589\">\ud83d\udc49 Vos objets fragiles sont parfaitement s\u00e9curis\u00e9s.<\/p>\n<hr data-start=\"2591\" data-end=\"2594\" \/>\n<h3 data-section-id=\"2bwmpp\" data-start=\"2596\" data-end=\"2630\">\ud83e\ude91 Transport de meubles lourds<\/h3>\n<p data-start=\"2632\" data-end=\"2666\">Canap\u00e9s, armoires, \u00e9lectrom\u00e9nager\u2026<\/p>\n<p data-start=\"2668\" data-end=\"2739\">\ud83d\udc49 Nous disposons du mat\u00e9riel n\u00e9cessaire pour un transport sans risque.<\/p>\n<hr data-start=\"2741\" data-end=\"2744\" \/>\n<h3 data-section-id=\"pzh3pi\" data-start=\"2746\" data-end=\"2778\">\ud83c\udfe2 D\u00e9m\u00e9nagement d\u2019entreprise<\/h3>\n<p data-start=\"2780\" data-end=\"2809\">Nous accompagnons \u00e9galement :<\/p>\n<ul data-start=\"2811\" data-end=\"2852\">\n<li data-section-id=\"153l7r8\" data-start=\"2811\" data-end=\"2822\">Bureaux<\/li>\n<li data-section-id=\"wnyznq\" data-start=\"2823\" data-end=\"2836\">Commerces<\/li>\n<li data-section-id=\"1v4ajam\" data-start=\"2837\" data-end=\"2852\">Entreprises<\/li>\n<\/ul>\n<p data-start=\"2854\" data-end=\"2919\">\ud83d\udc49 Intervention rapide pour limiter les interruptions d\u2019activit\u00e9.<\/p>\n<hr data-start=\"2921\" data-end=\"2924\" \/>\n<h2 data-section-id=\"1r3ff7k\" data-start=\"2926\" data-end=\"2987\">\u26a1 Comment bien pr\u00e9parer son d\u00e9m\u00e9nagement Braine l\u2019Alleud ?<\/h2>\n<p data-start=\"2989\" data-end=\"3081\">Une bonne pr\u00e9paration est essentielle pour r\u00e9ussir votre <strong data-start=\"3046\" data-end=\"3080\">d\u00e9m\u00e9nagement \u00e0 Braine l\u2019Alleud<\/strong>.<\/p>\n<h3 data-section-id=\"185h6q\" data-start=\"3083\" data-end=\"3099\">\u2714\ufe0f Anticiper<\/h3>\n<p data-start=\"3100\" data-end=\"3159\">Organisez votre d\u00e9m\u00e9nagement plusieurs semaines \u00e0 l\u2019avance.<\/p>\n<h3 data-section-id=\"xenjk5\" data-start=\"3161\" data-end=\"3173\">\u2714\ufe0f Trier<\/h3>\n<p data-start=\"3174\" data-end=\"3247\">R\u00e9duisez le volume en vendant ou donnant ce dont vous n\u2019avez plus besoin.<\/p>\n<h3 data-section-id=\"1z74em\" data-start=\"3249\" data-end=\"3276\">\u2714\ufe0f Pr\u00e9parer les cartons<\/h3>\n<p data-start=\"3277\" data-end=\"3324\">Utilisez des cartons solides et bien \u00e9tiquet\u00e9s.<\/p>\n<h3 data-section-id=\"jch55b\" data-start=\"3326\" data-end=\"3355\">\u2714\ufe0f Organiser le transport<\/h3>\n<p data-start=\"3356\" data-end=\"3395\">Pr\u00e9voyez les acc\u00e8s et le stationnement.<\/p>\n<hr data-start=\"3397\" data-end=\"3400\" \/>\n<h2 data-section-id=\"aoh8h7\" data-start=\"3402\" data-end=\"3458\">\ud83c\udfe0 Les sp\u00e9cificit\u00e9s d\u2019un d\u00e9m\u00e9nagement Braine l\u2019Alleud<\/h2>\n<p data-start=\"3460\" data-end=\"3534\">Un <strong data-start=\"3463\" data-end=\"3495\">d\u00e9m\u00e9nagement Braine l\u2019Alleud<\/strong> peut pr\u00e9senter certaines contraintes :<\/p>\n<ul data-start=\"3536\" data-end=\"3611\">\n<li data-section-id=\"xp7dc5\" data-start=\"3536\" data-end=\"3560\">Zones r\u00e9sidentielles<\/li>\n<li data-section-id=\"1ns89po\" data-start=\"3561\" data-end=\"3586\">Acc\u00e8s parfois \u00e9troits<\/li>\n<li data-section-id=\"1ck8imv\" data-start=\"3587\" data-end=\"3611\">Stationnement limit\u00e9<\/li>\n<\/ul>\n<p data-start=\"3613\" data-end=\"3696\">\ud83d\udc49 Nos <strong data-start=\"3620\" data-end=\"3651\">d\u00e9m\u00e9nageurs Braine l\u2019Alleud<\/strong> connaissent parfaitement ces particularit\u00e9s.<\/p>\n<hr data-start=\"3698\" data-end=\"3701\" \/>\n<h2 data-section-id=\"2n27aa\" data-start=\"3703\" data-end=\"3764\">\ud83d\ude9b Un mat\u00e9riel professionnel pour un d\u00e9m\u00e9nagement s\u00e9curis\u00e9<\/h2>\n<p><img loading=\"lazy\" decoding=\"async\" class=\"alignnone size-medium wp-image-342\" src=\"https:\/\/belgium-movers.be\/blog\/wp-content\/uploads\/2026\/04\/societe-materiel-demenagement-belgique-300x200.png\" alt=\"\" width=\"300\" height=\"200\" srcset=\"https:\/\/belgium-movers.be\/blog\/wp-content\/uploads\/2026\/04\/societe-materiel-demenagement-belgique-300x200.png 300w, https:\/\/belgium-movers.be\/blog\/wp-content\/uploads\/2026\/04\/societe-materiel-demenagement-belgique-1024x683.png 1024w, https:\/\/belgium-movers.be\/blog\/wp-content\/uploads\/2026\/04\/societe-materiel-demenagement-belgique-768x512.png 768w, https:\/\/belgium-movers.be\/blog\/wp-content\/uploads\/2026\/04\/societe-materiel-demenagement-belgique.png 1536w\" sizes=\"auto, (max-width: 300px) 100vw, 300px\" \/><\/p>\n<p data-start=\"3766\" data-end=\"3844\">Pour garantir un <strong data-start=\"3783\" data-end=\"3826\">d\u00e9m\u00e9nagement Braine l\u2019Alleud sans casse<\/strong>, nous utilisons :<\/p>\n<ul data-start=\"3846\" data-end=\"3951\">\n<li data-section-id=\"1md9k7a\" data-start=\"3846\" data-end=\"3865\">Camions adapt\u00e9s<\/li>\n<li data-section-id=\"1imhifp\" data-start=\"3866\" data-end=\"3889\">Sangles de maintien<\/li>\n<li data-section-id=\"1pl9fiv\" data-start=\"3890\" data-end=\"3919\">Couvertures de protection<\/li>\n<li data-section-id=\"3lgqpl\" data-start=\"3920\" data-end=\"3951\">Monte-meubles si n\u00e9cessaire<\/li>\n<\/ul>\n<p data-start=\"3953\" data-end=\"4001\">\ud83d\udc49 Chaque d\u00e9tail compte pour prot\u00e9ger vos biens.<\/p>\n<hr data-start=\"4003\" data-end=\"4006\" \/>\n<h2 data-section-id=\"152pfky\" data-start=\"4008\" data-end=\"4053\">\ud83d\udcbc Des services de d\u00e9m\u00e9nagement sur mesure<\/h2>\n<p data-start=\"4055\" data-end=\"4131\">Chez <strong data-start=\"4060\" data-end=\"4078\">Belgium Movers<\/strong>, chaque <strong data-start=\"4087\" data-end=\"4119\">d\u00e9m\u00e9nagement Braine l\u2019Alleud<\/strong> est unique.<\/p>\n<p data-start=\"4133\" data-end=\"4195\">\ud83d\udc49 C\u2019est pourquoi nous proposons des <strong data-start=\"4170\" data-end=\"4193\">services sur mesure<\/strong> :<\/p>\n<ul data-start=\"4197\" data-end=\"4296\">\n<li data-section-id=\"1x4tcwv\" data-start=\"4197\" data-end=\"4232\">D\u00e9m\u00e9nagement partiel ou complet<\/li>\n<li data-section-id=\"1c5sfb6\" data-start=\"4233\" data-end=\"4266\">Formule \u00e9conomique ou premium<\/li>\n<li data-section-id=\"1y7q4bu\" data-start=\"4267\" data-end=\"4296\">Adaptation \u00e0 votre budget<\/li>\n<\/ul>\n<p data-start=\"4298\" data-end=\"4347\">\ud83d\udc49 Vous choisissez la solution qui vous convient.<\/p>\n<hr data-start=\"4349\" data-end=\"4352\" \/>\n<h2 data-section-id=\"18mn05j\" data-start=\"4354\" data-end=\"4428\">\ud83d\udcb8 D\u00e9m\u00e9nagement Braine l\u2019Alleud : des solutions adapt\u00e9es \u00e0 votre budget<\/h2>\n<p data-start=\"4430\" data-end=\"4481\">Un d\u00e9m\u00e9nagement peut repr\u00e9senter un co\u00fbt important.<\/p>\n<p data-start=\"4483\" data-end=\"4527\">\ud83d\udc49 Chez <strong data-start=\"4491\" data-end=\"4509\">Belgium Movers<\/strong>, nous proposons :<\/p>\n<p data-start=\"4529\" data-end=\"4624\">\u2714\ufe0f Des tarifs transparents<br data-start=\"4555\" data-end=\"4558\" \/>\u2714\ufe0f Des solutions adapt\u00e9es<br data-start=\"4583\" data-end=\"4586\" \/>\u2714\ufe0f Un excellent rapport qualit\u00e9\/prix<\/p>\n<p data-start=\"4626\" data-end=\"4683\">\ud83d\udc49 Notre objectif : rendre votre d\u00e9m\u00e9nagement accessible.<\/p>\n<hr data-start=\"4685\" data-end=\"4688\" \/>\n<h2 data-section-id=\"8t9wc4\" data-start=\"4690\" data-end=\"4743\">\ud83d\udccd Intervention entre Braine l\u2019Alleud et Bruxelles<\/h2>\n<p data-start=\"4745\" data-end=\"4848\">Gr\u00e2ce \u00e0 notre position strat\u00e9gique, nous intervenons facilement entre <strong data-start=\"4815\" data-end=\"4847\">Braine l\u2019Alleud et Bruxelles<\/strong>.<\/p>\n<p data-start=\"4850\" data-end=\"4879\">\ud83d\udc49 Que vous d\u00e9m\u00e9nagiez vers :<\/p>\n<ul data-start=\"4881\" data-end=\"4937\">\n<li data-section-id=\"1lqbhai\" data-start=\"4881\" data-end=\"4892\">Ixelles<\/li>\n<li data-section-id=\"1g1havo\" data-start=\"4893\" data-end=\"4902\">Uccle<\/li>\n<li data-section-id=\"1r99jch\" data-start=\"4903\" data-end=\"4913\">Forest<\/li>\n<li data-section-id=\"al8q1l\" data-start=\"4914\" data-end=\"4937\">Watermael-Boitsfort<\/li>\n<\/ul>\n<p data-start=\"4939\" data-end=\"4993\">\ud83d\udc49 Nos \u00e9quipes assurent un service rapide et efficace.<\/p>\n<hr data-start=\"4995\" data-end=\"4998\" \/>\n<h2 data-section-id=\"1kyiiwz\" data-start=\"5000\" data-end=\"5049\">\u26a0\ufe0f Les erreurs \u00e0 \u00e9viter lors d\u2019un d\u00e9m\u00e9nagement<\/h2>\n<p data-start=\"5051\" data-end=\"5164\">\u274c Ne pas planifier<br data-start=\"5069\" data-end=\"5072\" \/>\u274c Sous-estimer le volume<br data-start=\"5096\" data-end=\"5099\" \/>\u274c <a href=\"https:\/\/belgium-movers.be\/blog\/demenager-comme-un-pro-en-belgique-les-hacks-et-astuces-de-belgium-movers\/\" target=\"_blank\" rel=\"noopener\">Utiliser du mat\u00e9riel inadapt\u00e9<\/a><br data-start=\"5130\" data-end=\"5133\" \/>\u274c Attendre la derni\u00e8re minute<\/p>\n<p data-start=\"5166\" data-end=\"5236\">\ud83d\udc49 \u00c9vitez ces erreurs pour un <strong data-start=\"5196\" data-end=\"5235\">d\u00e9m\u00e9nagement Braine l\u2019Alleud r\u00e9ussi<\/strong>.<\/p>\n<hr data-start=\"5238\" data-end=\"5241\" \/>\n<h2 data-section-id=\"qnzlf9\" data-start=\"5243\" data-end=\"5282\">\ud83d\ude80 Pourquoi choisir Belgium Movers ?<\/h2>\n<p data-start=\"5284\" data-end=\"5383\">Faire appel \u00e0 <strong data-start=\"5298\" data-end=\"5316\">Belgium Movers<\/strong>, c\u2019est choisir des <strong data-start=\"5336\" data-end=\"5382\">d\u00e9m\u00e9nageurs Braine l\u2019Alleud professionnels<\/strong>.<\/p>\n<h3 data-section-id=\"9stdrh\" data-start=\"5385\" data-end=\"5413\">\u2714\ufe0f \u00c9quipe exp\u00e9riment\u00e9e<\/h3>\n<h3 data-section-id=\"1ymxn1v\" data-start=\"5414\" data-end=\"5442\">\u2714\ufe0f Intervention rapide<\/h3>\n<h3 data-section-id=\"10v1879\" data-start=\"5443\" data-end=\"5472\">\u2714\ufe0f Service personnalis\u00e9<\/h3>\n<h3 data-section-id=\"dkwu8v\" data-start=\"5473\" data-end=\"5504\">\u2714\ufe0f Mat\u00e9riel professionnel<\/h3>\n<h3 data-section-id=\"q8u7ts\" data-start=\"5505\" data-end=\"5533\">\u2714\ufe0f Satisfaction client<\/h3>\n<p data-start=\"5535\" data-end=\"5604\">\ud83d\udc49 Nous mettons tout en \u0153uvre pour vous offrir un service de qualit\u00e9.<\/p>\n<hr data-start=\"5606\" data-end=\"5609\" \/>\n<h1 data-section-id=\"10wtlfb\" data-start=\"5611\" data-end=\"5650\">\ud83d\udcac FAQ \u2013 D\u00e9m\u00e9nagement Braine l\u2019Alleud<\/h1>\n<h3 data-section-id=\"3v6k9s\" data-start=\"5652\" data-end=\"5705\">Combien co\u00fbte un d\u00e9m\u00e9nagement \u00e0 Braine l\u2019Alleud ?<\/h3>\n<p data-start=\"5706\" data-end=\"5771\">Le prix d\u00e9pend du volume, de la distance et des services choisis.<\/p>\n<hr data-start=\"5773\" data-end=\"5776\" \/>\n<h3 data-section-id=\"1b6qia5\" data-start=\"5778\" data-end=\"5821\">Combien de temps dure un d\u00e9m\u00e9nagement ?<\/h3>\n<p data-start=\"5822\" data-end=\"5853\">En moyenne, une journ\u00e9e suffit.<\/p>\n<hr data-start=\"5855\" data-end=\"5858\" \/>\n<h3 data-section-id=\"1dzcxlj\" data-start=\"5860\" data-end=\"5919\">Faut-il faire appel \u00e0 des d\u00e9m\u00e9nageurs Braine l\u2019Alleud ?<\/h3>\n<p data-start=\"5920\" data-end=\"5980\">Oui, cela permet de gagner du temps et d\u2019\u00e9viter les risques.<\/p>\n<hr data-start=\"5982\" data-end=\"5985\" \/>\n<h3 data-section-id=\"hfr7k3\" data-start=\"5987\" data-end=\"6020\">Intervenez-vous \u00e0 Bruxelles ?<\/h3>\n<p data-start=\"6021\" data-end=\"6076\">Oui, nous intervenons dans toute la r\u00e9gion bruxelloise.<\/p>\n<hr data-start=\"6078\" data-end=\"6081\" \/>\n<h3 data-section-id=\"f3df3c\" data-start=\"6083\" data-end=\"6114\">Proposez-vous l\u2019emballage ?<\/h3>\n<p data-start=\"6115\" data-end=\"6147\">Oui, service complet disponible.<\/p>\n<hr data-start=\"6149\" data-end=\"6152\" \/>\n<h3 data-section-id=\"1wejb3d\" data-start=\"6154\" data-end=\"6196\">Transportez-vous les objets fragiles ?<\/h3>\n<p data-start=\"6197\" data-end=\"6238\">Oui, avec une protection professionnelle.<\/p>\n<hr data-start=\"6240\" data-end=\"6243\" \/>\n<h3 data-section-id=\"1ee40r5\" data-start=\"6245\" data-end=\"6279\">Peut-on d\u00e9m\u00e9nager en urgence ?<\/h3>\n<p data-start=\"6280\" data-end=\"6305\">Oui, selon disponibilit\u00e9.<\/p>\n<hr data-start=\"6307\" data-end=\"6310\" \/>\n<h3 data-section-id=\"vrzp6f\" data-start=\"6312\" data-end=\"6345\">Fournissez-vous le mat\u00e9riel ?<\/h3>\n<p data-start=\"6346\" data-end=\"6381\">Oui, cartons et protections inclus.<\/p>\n<hr data-start=\"6383\" data-end=\"6386\" \/>\n<h3 data-section-id=\"rzdv4q\" data-start=\"6388\" data-end=\"6421\">Travaillez-vous le week-end ?<\/h3>\n<p data-start=\"6422\" data-end=\"6445\">Oui, selon vos besoins.<\/p>\n<hr data-start=\"6447\" data-end=\"6450\" \/>\n<h3 data-section-id=\"nu7qz9\" data-start=\"6452\" data-end=\"6482\">Comment obtenir un devis ?<\/h3>\n<p data-start=\"6483\" data-end=\"6523\"><a href=\"https:\/\/belgium-movers.be\/contact-demenagement.html\" target=\"_blank\" rel=\"noopener\">Contactez-nous<\/a>, c\u2019est rapide et gratuit.<\/p>\n<hr data-start=\"6525\" data-end=\"6528\" \/>\n<h2 data-section-id=\"aklmgh\" data-start=\"6530\" data-end=\"6601\">\ud83c\udfc1 Conclusion : votre d\u00e9m\u00e9nagement Braine l\u2019Alleud en toute s\u00e9r\u00e9nit\u00e9<\/h2>\n<p data-start=\"6603\" data-end=\"6834\">Un <strong data-start=\"6606\" data-end=\"6638\">d\u00e9m\u00e9nagement Braine l\u2019Alleud<\/strong> demande une organisation rigoureuse et du temps. Pour \u00e9viter le stress et garantir un r\u00e9sultat optimal, faire appel \u00e0 des <strong data-start=\"6761\" data-end=\"6807\">d\u00e9m\u00e9nageurs Braine l\u2019Alleud professionnels<\/strong> est la meilleure solution.<\/p>\n<p data-start=\"6836\" data-end=\"6985\">Avec <strong data-start=\"6841\" data-end=\"6859\">Belgium Movers<\/strong>, vous b\u00e9n\u00e9ficiez d\u2019un service complet, rapide et s\u00e9curis\u00e9, que ce soit \u00e0 Braine l\u2019Alleud ou dans toute la r\u00e9gion bruxelloise.<\/p>\n<p data-start=\"6987\" data-end=\"7087\">\ud83d\udc49 <strong data-start=\"6990\" data-end=\"7087\">Nous proposons des services de d\u00e9m\u00e9nagement sur mesure avec devis gratuit et sans engagement.<\/strong><\/p>\n<p data-start=\"7089\" data-end=\"7182\">\ud83d\udcde <strong data-start=\"7092\" data-end=\"7125\"><a href=\"https:\/\/belgium-movers.be\/contact-demenagement.html\" target=\"_blank\" rel=\"noopener\">Contactez-nous<\/a> d\u00e8s maintenant<\/strong> pour organiser votre d\u00e9m\u00e9nagement en toute tranquillit\u00e9.<\/p>\n","protected":false},"excerpt":{"rendered":"<p>Vous recherchez une entreprise fiable pour votre d\u00e9m\u00e9nagement \u00e0 Braine l\u2019Alleud ? Que vous changiez de maison, d\u2019appartement ou de bureau, un d\u00e9m\u00e9nagement demande du temps, de l\u2019organisation et surtout des professionnels comp\u00e9tents. Chez Belgium Movers, nous mettons \u00e0 votre disposition des d\u00e9m\u00e9nageurs \u00e0 Braine l\u2019Alleud exp\u00e9riment\u00e9s pour vous garantir un service rapide, s\u00e9curis\u00e9 et&hellip;<\/p>\n","protected":false},"author":1,"featured_media":343,"parent":0,"menu_order":0,"comment_status":"closed","ping_status":"closed","template":"","meta":{"footnotes":""},"class_list":["post-340","page","type-page","status-publish","has-post-thumbnail","hentry"],"_links":{"self":[{"href":"https:\/\/belgium-movers.be\/blog\/wp-json\/wp\/v2\/pages\/340","targetHints":{"allow":["GET"]}}],"collection":[{"href":"https:\/\/belgium-movers.be\/blog\/wp-json\/wp\/v2\/pages"}],"about":[{"href":"https:\/\/belgium-movers.be\/blog\/wp-json\/wp\/v2\/types\/page"}],"author":[{"embeddable":true,"href":"https:\/\/belgium-movers.be\/blog\/wp-json\/wp\/v2\/users\/1"}],"replies":[{"embeddable":true,"href":"https:\/\/belgium-movers.be\/blog\/wp-json\/wp\/v2\/comments?post=340"}],"version-history":[{"count":1,"href":"https:\/\/belgium-movers.be\/blog\/wp-json\/wp\/v2\/pages\/340\/revisions"}],"predecessor-version":[{"id":344,"href":"https:\/\/belgium-movers.be\/blog\/wp-json\/wp\/v2\/pages\/340\/revisions\/344"}],"wp:featuredmedia":[{"embeddable":true,"href":"https:\/\/belgium-movers.be\/blog\/wp-json\/wp\/v2\/media\/343"}],"wp:attachment":[{"href":"https:\/\/belgium-movers.be\/blog\/wp-json\/wp\/v2\/media?parent=340"}],"curies":[{"name":"wp","href":"https:\/\/api.w.org\/{rel}","templated":true}]}}