{"id":317,"date":"2026-04-15T15:48:48","date_gmt":"2026-04-15T13:48:48","guid":{"rendered":"https:\/\/belgium-movers.be\/blog\/?page_id=317"},"modified":"2026-04-15T15:48:48","modified_gmt":"2026-04-15T13:48:48","slug":"demenagement-louvain","status":"publish","type":"page","link":"https:\/\/belgium-movers.be\/blog\/demenagement-louvain\/","title":{"rendered":"D\u00e9m\u00e9nagement Louvain"},"content":{"rendered":"<p data-start=\"285\" data-end=\"553\">Vous pr\u00e9voyez un d\u00e9m\u00e9nagement \u00e0 <span class=\"hover:entity-accent entity-underline inline cursor-pointer align-baseline\"><span class=\"whitespace-normal\">Louvain<\/span><\/span> ou dans ses environs ? Que vous changiez de logement, que vous d\u00e9m\u00e9nagiez en tant qu\u2019\u00e9tudiant ou que vous d\u00e9placiez votre entreprise, un d\u00e9m\u00e9nagement demande une organisation rigoureuse et du temps.<\/p>\n<p data-start=\"555\" data-end=\"740\">Faire appel \u00e0 une soci\u00e9t\u00e9 sp\u00e9cialis\u00e9e comme <strong data-start=\"599\" data-end=\"640\"><span class=\"hover:entity-accent entity-underline inline cursor-pointer align-baseline\"><span class=\"whitespace-normal\">Belgium Movers<\/span><\/span><\/strong>, c\u2019est choisir la tranquillit\u00e9 d\u2019esprit, la s\u00e9curit\u00e9 de vos biens et un gain de temps consid\u00e9rable.<\/p>\n<p data-start=\"742\" data-end=\"839\">Nous vous accompagnons dans toute la r\u00e9gion de Louvain avec des solutions adapt\u00e9es \u00e0 vos besoins.<\/p>\n<hr data-start=\"841\" data-end=\"844\" \/>\n<h2 data-section-id=\"bn4ru4\" data-start=\"846\" data-end=\"923\">\ud83d\udccd Une entreprise de d\u00e9m\u00e9nagement active \u00e0 Louvain et dans toute la r\u00e9gion<\/h2>\n<p data-start=\"925\" data-end=\"1021\">Notre \u00e9quipe intervient dans toute la r\u00e9gion de Louvain, notamment dans les communes suivantes :<\/p>\n<ul data-start=\"1023\" data-end=\"1148\">\n<li data-section-id=\"cgv1px\" data-start=\"1023\" data-end=\"1064\"><a href=\"https:\/\/fr.wikipedia.org\/wiki\/Heverlee\" target=\"_blank\" rel=\"noopener\"><span class=\"hover:entity-accent entity-underline inline cursor-pointer align-baseline\"><span class=\"whitespace-normal\">Heverlee<\/span><\/span><\/a><\/li>\n<li data-section-id=\"eyrt5h\" data-start=\"1065\" data-end=\"1106\"><a href=\"https:\/\/fr.wikipedia.org\/wiki\/Kessel-Lo\" target=\"_blank\" rel=\"noopener\"><span class=\"hover:entity-accent entity-underline inline cursor-pointer align-baseline\"><span class=\"whitespace-normal\">Kessel-Lo<\/span><\/span><\/a><\/li>\n<li data-section-id=\"hjs5dh\" data-start=\"1107\" data-end=\"1148\"><a href=\"https:\/\/www.google.com\/maps\/place\/Herent\/@50.9124748,4.5680511,12z\/data=!3m1!4b1!4m6!3m5!1s0x47c16073c96b0903:0x40099ab2f4d5290!8m2!3d50.9065243!4d4.669804!16zL20vMDE0d2Q4?entry=ttu&amp;g_ep=EgoyMDI2MDQwNy4wIKXMDSoASAFQAw%3D%3D\" target=\"_blank\" rel=\"noopener\"><span class=\"hover:entity-accent entity-underline inline cursor-pointer align-baseline\"><span class=\"whitespace-normal\">Herent<\/span><\/span><\/a><\/li>\n<\/ul>\n<p data-start=\"1150\" data-end=\"1243\">Gr\u00e2ce \u00e0 notre exp\u00e9rience locale, nous ma\u00eetrisons parfaitement les sp\u00e9cificit\u00e9s de la r\u00e9gion :<\/p>\n<ul data-start=\"1245\" data-end=\"1399\">\n<li data-section-id=\"1bvis4r\" data-start=\"1245\" data-end=\"1287\">circulation dense dans certaines zones<\/li>\n<li data-section-id=\"46clc0\" data-start=\"1288\" data-end=\"1328\">stationnement limit\u00e9 en centre-ville<\/li>\n<li data-section-id=\"roowx4\" data-start=\"1329\" data-end=\"1370\">acc\u00e8s parfois difficile aux immeubles<\/li>\n<li data-section-id=\"1tlilzg\" data-start=\"1371\" data-end=\"1399\">forte pr\u00e9sence \u00e9tudiante<\/li>\n<\/ul>\n<p data-start=\"1401\" data-end=\"1480\">\ud83d\udc49 Cette expertise nous permet de planifier chaque d\u00e9m\u00e9nagement avec pr\u00e9cision.<\/p>\n<hr data-start=\"1482\" data-end=\"1485\" \/>\n<h2 data-section-id=\"5fpa54\" data-start=\"1487\" data-end=\"1533\">\ud83c\udfe0 D\u00e9m\u00e9nagement pour particuliers \u00e0 Louvain<\/h2>\n<p data-start=\"1535\" data-end=\"1644\">Un d\u00e9m\u00e9nagement est souvent une \u00e9tape importante dans une vie. Il peut \u00eatre source de stress si mal organis\u00e9.<\/p>\n<p data-start=\"1646\" data-end=\"1773\">Chez <strong data-start=\"1651\" data-end=\"1692\"><span class=\"hover:entity-accent entity-underline inline cursor-pointer align-baseline\"><span class=\"whitespace-normal\">Belgium Movers<\/span><\/span><\/strong>, nous vous proposons un accompagnement complet pour simplifier votre transition.<\/p>\n<h3 data-section-id=\"1lb1i9i\" data-start=\"1775\" data-end=\"1803\">\u2714\ufe0f Un service sur mesure<\/h3>\n<p data-start=\"1805\" data-end=\"1850\">Nous adaptons nos prestations \u00e0 vos besoins :<\/p>\n<ul data-start=\"1852\" data-end=\"2016\">\n<li data-section-id=\"1c7t3ra\" data-start=\"1852\" data-end=\"1881\">emballage de vos affaires<\/li>\n<li data-section-id=\"13pbh6c\" data-start=\"1882\" data-end=\"1920\">d\u00e9montage et remontage des meubles<\/li>\n<li data-section-id=\"1c943gz\" data-start=\"1921\" data-end=\"1948\">protection de vos biens<\/li>\n<li data-section-id=\"bxnb3a\" data-start=\"1949\" data-end=\"1971\">transport s\u00e9curis\u00e9<\/li>\n<li data-section-id=\"d7h9km\" data-start=\"1972\" data-end=\"2016\">installation dans votre nouveau logement<\/li>\n<\/ul>\n<h3 data-section-id=\"1fyws2n\" data-start=\"2018\" data-end=\"2061\">\ud83d\udce6 Une protection optimale de vos biens<\/h3>\n<p><img loading=\"lazy\" decoding=\"async\" class=\"alignnone size-medium wp-image-320\" src=\"https:\/\/belgium-movers.be\/blog\/wp-content\/uploads\/2026\/04\/materiel-protection-meuble-demenagement-300x200.png\" alt=\"\" width=\"300\" height=\"200\" srcset=\"https:\/\/belgium-movers.be\/blog\/wp-content\/uploads\/2026\/04\/materiel-protection-meuble-demenagement-300x200.png 300w, https:\/\/belgium-movers.be\/blog\/wp-content\/uploads\/2026\/04\/materiel-protection-meuble-demenagement-1024x683.png 1024w, https:\/\/belgium-movers.be\/blog\/wp-content\/uploads\/2026\/04\/materiel-protection-meuble-demenagement-768x512.png 768w, https:\/\/belgium-movers.be\/blog\/wp-content\/uploads\/2026\/04\/materiel-protection-meuble-demenagement.png 1536w\" sizes=\"auto, (max-width: 300px) 100vw, 300px\" \/><\/p>\n<p data-start=\"2063\" data-end=\"2145\">Nous utilisons du mat\u00e9riel professionnel pour garantir la s\u00e9curit\u00e9 de vos objets :<\/p>\n<ul data-start=\"2147\" data-end=\"2245\">\n<li data-section-id=\"jer71h\" data-start=\"2147\" data-end=\"2163\">papier bulle<\/li>\n<li data-section-id=\"1ebdl2q\" data-start=\"2164\" data-end=\"2188\">couvertures \u00e9paisses<\/li>\n<li data-section-id=\"ue5gq6\" data-start=\"2189\" data-end=\"2214\">housses de protection<\/li>\n<li data-section-id=\"1mu1vdq\" data-start=\"2215\" data-end=\"2245\"><a href=\"https:\/\/belgium-movers.be\/blog\/comment-emballer-vos-produits-menagers-et-liquides-pour-un-demenagement-sans-risque-a-bruxelles\/\" target=\"_blank\" rel=\"noopener\">cartons solides et adapt\u00e9s<\/a><\/li>\n<\/ul>\n<p data-start=\"2247\" data-end=\"2309\">\ud83d\udc49 Vos biens sont manipul\u00e9s avec soin, m\u00eame les plus fragiles.<\/p>\n<hr data-start=\"2311\" data-end=\"2314\" \/>\n<h2 data-section-id=\"xe9dmr\" data-start=\"2316\" data-end=\"2357\">\ud83c\udfe2 D\u00e9m\u00e9nagement d\u2019entreprise \u00e0 Louvain<\/h2>\n<p data-start=\"2359\" data-end=\"2468\">Le d\u00e9m\u00e9nagement d\u2019une entreprise demande une organisation sp\u00e9cifique pour \u00e9viter toute perte de productivit\u00e9.<\/p>\n<p data-start=\"2470\" data-end=\"2568\">Nous accompagnons les entreprises \u00e0 <span class=\"hover:entity-accent entity-underline inline cursor-pointer align-baseline\"><span class=\"whitespace-normal\">Louvain<\/span><\/span> et dans toute la r\u00e9gion, \u00e9galement \u00e0 <a href=\"https:\/\/belgium-movers.be\/blog\/demenagement-bruxelles\/\" target=\"_blank\" rel=\"noopener\">Bruxelles<\/a>.<\/p>\n<h3 data-section-id=\"5lcd4h\" data-start=\"2570\" data-end=\"2612\">\ud83d\udcbc Nos prestations pour professionnels<\/h3>\n<ul data-start=\"2614\" data-end=\"2757\">\n<li data-section-id=\"1l395ve\" data-start=\"2614\" data-end=\"2638\">transfert de bureaux<\/li>\n<li data-section-id=\"yj5acl\" data-start=\"2639\" data-end=\"2677\">transport de mat\u00e9riel informatique<\/li>\n<li data-section-id=\"1w8sp7q\" data-start=\"2678\" data-end=\"2702\">gestion des archives<\/li>\n<li data-section-id=\"1ifkj2h\" data-start=\"2703\" data-end=\"2757\">d\u00e9m\u00e9nagement rapide pour limiter les interruptions<\/li>\n<\/ul>\n<h3 data-section-id=\"4fgdaa\" data-start=\"2759\" data-end=\"2787\">\u23f1\ufe0f Organisation efficace<\/h3>\n<p data-start=\"2789\" data-end=\"2862\">Nous planifions chaque \u00e9tape pour garantir un transfert fluide et rapide.<\/p>\n<hr data-start=\"2864\" data-end=\"2867\" \/>\n<h2 data-section-id=\"11yswxw\" data-start=\"2869\" data-end=\"2906\">\ud83c\udf93 D\u00e9m\u00e9nagement \u00e9tudiant \u00e0 Louvain<\/h2>\n<p data-start=\"2908\" data-end=\"2991\">Louvain est une ville universitaire dynamique, avec une forte population \u00e9tudiante.<\/p>\n<p data-start=\"2993\" data-end=\"3032\">Nous proposons des solutions adapt\u00e9es :<\/p>\n<ul data-start=\"3034\" data-end=\"3121\">\n<li data-section-id=\"3tmtmb\" data-start=\"3034\" data-end=\"3070\">d\u00e9m\u00e9nagement de petites surfaces<\/li>\n<li data-section-id=\"1jxuhb7\" data-start=\"3071\" data-end=\"3095\">formules \u00e9conomiques<\/li>\n<li data-section-id=\"cimib4\" data-start=\"3096\" data-end=\"3121\">flexibilit\u00e9 des dates<\/li>\n<\/ul>\n<p data-start=\"3123\" data-end=\"3190\">\ud83d\udc49 Id\u00e9al pour les \u00e9tudiants qui changent de logement r\u00e9guli\u00e8rement.<\/p>\n<hr data-start=\"3192\" data-end=\"3195\" \/>\n<h2 data-section-id=\"tezfxx\" data-start=\"3197\" data-end=\"3245\">\ud83d\ude9a Une \u00e9quipe professionnelle et exp\u00e9riment\u00e9e<\/h2>\n<p data-start=\"3247\" data-end=\"3355\">Faire appel \u00e0 <strong data-start=\"3261\" data-end=\"3302\"><span class=\"hover:entity-accent entity-underline inline cursor-pointer align-baseline\"><span class=\"whitespace-normal\">Belgium Movers<\/span><\/span><\/strong>, c\u2019est b\u00e9n\u00e9ficier d\u2019un service fiable et de qualit\u00e9.<\/p>\n<h3 data-section-id=\"1uv5sel\" data-start=\"3357\" data-end=\"3379\">\ud83d\udcaa Nos engagements<\/h3>\n<ul data-start=\"3381\" data-end=\"3473\">\n<li data-section-id=\"ve6kl6\" data-start=\"3381\" data-end=\"3401\">\u00e9quipe qualifi\u00e9e<\/li>\n<li data-section-id=\"1k5jsvl\" data-start=\"3402\" data-end=\"3422\">mat\u00e9riel moderne<\/li>\n<li data-section-id=\"18ma9qg\" data-start=\"3423\" data-end=\"3450\">organisation rigoureuse<\/li>\n<li data-section-id=\"15yly06\" data-start=\"3451\" data-end=\"3473\">respect des d\u00e9lais<\/li>\n<\/ul>\n<hr data-start=\"3475\" data-end=\"3478\" \/>\n<h2 data-section-id=\"o77u4b\" data-start=\"3480\" data-end=\"3526\">\ud83d\udce6 Des formules adapt\u00e9es \u00e0 tous les budgets<\/h2>\n<p data-start=\"3528\" data-end=\"3617\">Chaque client a des besoins diff\u00e9rents. C\u2019est pourquoi nous proposons plusieurs formules.<\/p>\n<h3 data-section-id=\"y7ca2a\" data-start=\"3619\" data-end=\"3646\">\ud83d\udfe2 Formule \u00e9conomique<\/h3>\n<p data-start=\"3647\" data-end=\"3698\">Vous g\u00e9rez l\u2019emballage, nous assurons le transport.<\/p>\n<h3 data-section-id=\"33tlyj\" data-start=\"3700\" data-end=\"3725\">\ud83d\udfe1 Formule standard<\/h3>\n<p data-start=\"3726\" data-end=\"3773\">Nous emballons les objets fragiles + transport.<\/p>\n<h3 data-section-id=\"1tvj8qp\" data-start=\"3775\" data-end=\"3800\">\ud83d\udd34 Formule compl\u00e8te<\/h3>\n<p data-start=\"3801\" data-end=\"3841\">Nous g\u00e9rons votre d\u00e9m\u00e9nagement de A \u00e0 Z.<\/p>\n<hr data-start=\"3843\" data-end=\"3846\" \/>\n<h2 data-section-id=\"scqega\" data-start=\"3848\" data-end=\"3880\">\ud83e\ude9c Location de lift \u00e0 Louvain<\/h2>\n<p data-start=\"3882\" data-end=\"3943\">Dans certains cas, l\u2019utilisation d\u2019un lift est indispensable.<\/p>\n<h3 data-section-id=\"bprc9y\" data-start=\"3945\" data-end=\"3973\">\ud83d\udd1d Les avantages du lift<\/h3>\n<ul data-start=\"3975\" data-end=\"4085\">\n<li data-section-id=\"14clxz\" data-start=\"3975\" data-end=\"3992\">gain de temps<\/li>\n<li data-section-id=\"nt79sx\" data-start=\"3993\" data-end=\"4012\">s\u00e9curit\u00e9 accrue<\/li>\n<li data-section-id=\"17o6d36\" data-start=\"4013\" data-end=\"4045\">id\u00e9al pour les \u00e9tages \u00e9lev\u00e9s<\/li>\n<li data-section-id=\"1sj3759\" data-start=\"4046\" data-end=\"4085\">\u00e9vite les d\u00e9g\u00e2ts dans les escaliers<\/li>\n<\/ul>\n<p data-start=\"4087\" data-end=\"4168\">Nous intervenons rapidement \u00e0 <span class=\"hover:entity-accent entity-underline inline cursor-pointer align-baseline\"><span class=\"whitespace-normal\">Louvain<\/span><\/span> et alentours.<\/p>\n<hr data-start=\"4170\" data-end=\"4173\" \/>\n<h2 data-section-id=\"i9i8xe\" data-start=\"4175\" data-end=\"4225\">\ud83d\udccd Les sp\u00e9cificit\u00e9s d\u2019un d\u00e9m\u00e9nagement \u00e0 Louvain<\/h2>\n<p data-start=\"4227\" data-end=\"4292\">D\u00e9m\u00e9nager \u00e0 Louvain n\u00e9cessite une bonne connaissance de la ville.<\/p>\n<h3 data-section-id=\"1m39bop\" data-start=\"4294\" data-end=\"4322\">\ud83c\udfd9\ufe0f Centre-ville dense<\/h3>\n<h3 data-section-id=\"kvd4mm\" data-start=\"4323\" data-end=\"4361\">\ud83c\udf93 Zones \u00e9tudiantes tr\u00e8s actives<\/h3>\n<h3 data-section-id=\"ghbpa\" data-start=\"4362\" data-end=\"4399\">\ud83d\ude97 Difficult\u00e9s de stationnement<\/h3>\n<p data-start=\"4401\" data-end=\"4462\">\ud83d\udc49 Notre expertise locale permet d\u2019anticiper ces contraintes.<\/p>\n<hr data-start=\"4464\" data-end=\"4467\" \/>\n<h2 data-section-id=\"18xvuey\" data-start=\"4469\" data-end=\"4524\">\ud83e\uddfe Accompagnement dans vos d\u00e9marches administratives<\/h2>\n<p data-start=\"4526\" data-end=\"4582\">Un d\u00e9m\u00e9nagement ne concerne pas uniquement le transport.<\/p>\n<p data-start=\"4584\" data-end=\"4611\">Nous vous conseillons sur :<\/p>\n<ul data-start=\"4613\" data-end=\"4722\">\n<li data-section-id=\"yhnq7q\" data-start=\"4613\" data-end=\"4637\">changement d\u2019adresse<\/li>\n<li data-section-id=\"15d6miy\" data-start=\"4638\" data-end=\"4662\">d\u00e9marches communales<\/li>\n<li data-section-id=\"12in6ub\" data-start=\"4663\" data-end=\"4697\">autorisations de stationnement<\/li>\n<li data-section-id=\"spt1f8\" data-start=\"4698\" data-end=\"4722\">organisation globale<\/li>\n<\/ul>\n<hr data-start=\"4724\" data-end=\"4727\" \/>\n<h2 data-section-id=\"11dx04t\" data-start=\"4729\" data-end=\"4767\">\ud83d\udcb0 Prix d\u2019un d\u00e9m\u00e9nagement \u00e0 Louvain<\/h2>\n<p data-start=\"4769\" data-end=\"4824\">Le co\u00fbt d\u2019un d\u00e9m\u00e9nagement d\u00e9pend de plusieurs facteurs.<\/p>\n<h3 data-section-id=\"1a6buuv\" data-start=\"4826\" data-end=\"4865\">\ud83d\udcca Les \u00e9l\u00e9ments \u00e0 prendre en compte<\/h3>\n<ul data-start=\"4867\" data-end=\"4951\">\n<li data-section-id=\"9kqk46\" data-start=\"4867\" data-end=\"4889\">volume \u00e0 d\u00e9m\u00e9nager<\/li>\n<li data-section-id=\"mkczm3\" data-start=\"4890\" data-end=\"4902\">distance<\/li>\n<li data-section-id=\"blsc52\" data-start=\"4903\" data-end=\"4920\">accessibilit\u00e9<\/li>\n<li data-section-id=\"18i9lrq\" data-start=\"4921\" data-end=\"4930\">\u00e9tage<\/li>\n<li data-section-id=\"1h2h45e\" data-start=\"4931\" data-end=\"4951\">services choisis<\/li>\n<\/ul>\n<p data-start=\"4953\" data-end=\"5034\">\ud83d\udc49 <strong data-start=\"4956\" data-end=\"5034\">Demandez votre <a href=\"https:\/\/belgium-movers.be\/contact-demenagement.html\" target=\"_blank\" rel=\"noopener\">devis gratuit<\/a> pour une estimation pr\u00e9cise et personnalis\u00e9e.<\/strong><\/p>\n<hr data-start=\"5036\" data-end=\"5039\" \/>\n<h2 data-section-id=\"yiud4u\" data-start=\"5041\" data-end=\"5089\">\u2b50 Pourquoi choisir Belgium Movers \u00e0 Louvain ?<\/h2>\n<h3 data-section-id=\"1ms9z6s\" data-start=\"5091\" data-end=\"5116\">\u2714\ufe0f Expertise locale<\/h3>\n<h3 data-section-id=\"10v1879\" data-start=\"5117\" data-end=\"5146\">\u2714\ufe0f Service personnalis\u00e9<\/h3>\n<h3 data-section-id=\"dkwu8v\" data-start=\"5147\" data-end=\"5178\">\u2714\ufe0f Mat\u00e9riel professionnel<\/h3>\n<h3 data-section-id=\"19uew5k\" data-start=\"5179\" data-end=\"5209\">\u2714\ufe0f Transparence des prix<\/h3>\n<h3 data-section-id=\"q8u7ts\" data-start=\"5210\" data-end=\"5238\">\u2714\ufe0f Satisfaction client<\/h3>\n<hr data-start=\"5240\" data-end=\"5243\" \/>\n<h2 data-section-id=\"3lh325\" data-start=\"5245\" data-end=\"5291\">\ud83d\udce6 Conseils pour r\u00e9ussir votre d\u00e9m\u00e9nagement<\/h2>\n<h3 data-section-id=\"1ycogih\" data-start=\"5293\" data-end=\"5311\">\ud83d\udcdd Anticiper<\/h3>\n<p data-start=\"5312\" data-end=\"5351\">R\u00e9servez votre d\u00e9m\u00e9nagement \u00e0 l\u2019avance.<\/p>\n<h3 data-section-id=\"4zz19h\" data-start=\"5353\" data-end=\"5371\">\ud83d\udce6 Organiser<\/h3>\n<p data-start=\"5372\" data-end=\"5417\">Utilisez des codes couleurs pour vos cartons.<\/p>\n<h3 data-section-id=\"10tki4l\" data-start=\"5419\" data-end=\"5435\">\ud83d\ude97 Pr\u00e9voir<\/h3>\n<p data-start=\"5436\" data-end=\"5472\">R\u00e9servez une place de stationnement.<\/p>\n<h3 data-section-id=\"znvqs2\" data-start=\"5474\" data-end=\"5492\">\ud83d\udccb Planifier<\/h3>\n<p data-start=\"5493\" data-end=\"5523\">Faites une checklist compl\u00e8te.<\/p>\n<hr data-start=\"5525\" data-end=\"5528\" \/>\n<h2 data-section-id=\"97f52g\" data-start=\"5530\" data-end=\"5570\">\ud83d\udccd Zones desservies autour de Louvain<\/h2>\n<p data-start=\"5572\" data-end=\"5611\">Nous intervenons dans toute la r\u00e9gion :<\/p>\n<ul data-start=\"5613\" data-end=\"5788\">\n<li data-section-id=\"x79p85\" data-start=\"5613\" data-end=\"5656\"><span class=\"hover:entity-accent entity-underline inline cursor-pointer align-baseline\"><span class=\"whitespace-normal\">Louvain<\/span><\/span><\/li>\n<li data-section-id=\"bgd20l\" data-start=\"5657\" data-end=\"5700\"><span class=\"hover:entity-accent entity-underline inline cursor-pointer align-baseline\"><span class=\"whitespace-normal\">Heverlee<\/span><\/span><\/li>\n<li data-section-id=\"1y51851\" data-start=\"5701\" data-end=\"5744\"><span class=\"hover:entity-accent entity-underline inline cursor-pointer align-baseline\"><span class=\"whitespace-normal\">Kessel-Lo<\/span><\/span><\/li>\n<li data-section-id=\"1ce4kxh\" data-start=\"5745\" data-end=\"5788\"><span class=\"hover:entity-accent entity-underline inline cursor-pointer align-baseline\"><span class=\"whitespace-normal\">Herent<\/span><\/span><\/li>\n<\/ul>\n<hr data-start=\"5790\" data-end=\"5793\" \/>\n<h2 data-section-id=\"1bnbyel\" data-start=\"5795\" data-end=\"5831\">\ud83c\udfe1 Pourquoi d\u00e9m\u00e9nager \u00e0 Louvain ?<\/h2>\n<p data-start=\"5833\" data-end=\"5890\">Louvain est une ville attractive pour plusieurs raisons :<\/p>\n<h3 data-section-id=\"18kd4yf\" data-start=\"5892\" data-end=\"5928\">\ud83c\udf93 Ville universitaire r\u00e9put\u00e9e<\/h3>\n<h3 data-section-id=\"v6v50r\" data-start=\"5929\" data-end=\"5957\">\ud83d\ude86 Bonne accessibilit\u00e9<\/h3>\n<h3 data-section-id=\"ujctec\" data-start=\"5958\" data-end=\"5988\">\ud83c\udf33 Cadre de vie agr\u00e9able<\/h3>\n<h3 data-section-id=\"1g3515y\" data-start=\"5989\" data-end=\"6027\">\ud83d\udcbc Opportunit\u00e9s professionnelles<\/h3>\n<p data-start=\"6029\" data-end=\"6071\">\ud83d\udc49 Un lieu id\u00e9al pour vivre ou travailler.<\/p>\n<hr data-start=\"6073\" data-end=\"6076\" \/>\n<h2 data-section-id=\"11x0h6o\" data-start=\"6078\" data-end=\"6126\">\u274c Les erreurs \u00e0 \u00e9viter lors d\u2019un d\u00e9m\u00e9nagement<\/h2>\n<p data-start=\"6128\" data-end=\"6167\">Voici les erreurs les plus fr\u00e9quentes :<\/p>\n<ul data-start=\"6169\" data-end=\"6336\">\n<li data-section-id=\"1fgh1m7\" data-start=\"6169\" data-end=\"6195\">sous-estimer le volume<\/li>\n<li data-section-id=\"w3aird\" data-start=\"6196\" data-end=\"6227\">attendre la derni\u00e8re minute<\/li>\n<li data-section-id=\"dffe9j\" data-start=\"6228\" data-end=\"6257\">ne pas prot\u00e9ger ses biens<\/li>\n<li data-section-id=\"vm8061\" data-start=\"6258\" data-end=\"6299\">oublier les d\u00e9marches administratives<\/li>\n<li data-section-id=\"1h129gd\" data-start=\"6300\" data-end=\"6336\">ne pas r\u00e9server de stationnement<\/li>\n<\/ul>\n<hr data-start=\"6338\" data-end=\"6341\" \/>\n<h2 data-section-id=\"1p4rloj\" data-start=\"6343\" data-end=\"6376\">\u2753 FAQ \u2013 D\u00e9m\u00e9nagement \u00e0 Louvain<\/h2>\n<h3 data-section-id=\"erd6um\" data-start=\"6378\" data-end=\"6426\">\ud83d\udce6 Combien co\u00fbte un d\u00e9m\u00e9nagement \u00e0 Louvain ?<\/h3>\n<p data-start=\"6427\" data-end=\"6542\">Le prix d\u00e9pend du volume, de la distance et des services. Un devis gratuit permet d\u2019obtenir une estimation pr\u00e9cise.<\/p>\n<h3 data-section-id=\"99zuzu\" data-start=\"6544\" data-end=\"6590\">\ud83d\ude9a Combien de temps dure un d\u00e9m\u00e9nagement ?<\/h3>\n<p data-start=\"6591\" data-end=\"6664\">Cela d\u00e9pend de la taille du logement, mais en g\u00e9n\u00e9ral une journ\u00e9e suffit.<\/p>\n<h3 data-section-id=\"xwb1jk\" data-start=\"6666\" data-end=\"6689\">\ud83d\udcc5 Quand r\u00e9server ?<\/h3>\n<p data-start=\"6690\" data-end=\"6727\">Le plus t\u00f4t possible.<\/p>\n<h3 data-section-id=\"9ye4gp\" data-start=\"6729\" data-end=\"6753\">\ud83e\ude9c Faut-il un lift ?<\/h3>\n<p data-start=\"6754\" data-end=\"6815\">Oui, dans de nombreux cas (\u00e9tages \u00e9lev\u00e9s ou acc\u00e8s difficile).<\/p>\n<hr data-start=\"6817\" data-end=\"6820\" \/>\n<h2 data-section-id=\"rnn0sh\" data-start=\"6822\" data-end=\"6876\">\ud83d\udcde Contactez-nous pour votre d\u00e9m\u00e9nagement \u00e0 Louvain<\/h2>\n<p data-start=\"6878\" data-end=\"6957\">Vous avez un projet de d\u00e9m\u00e9nagement \u00e0 <span class=\"hover:entity-accent entity-underline inline cursor-pointer align-baseline\"><span class=\"whitespace-normal\">Louvain<\/span><\/span> ?<\/p>\n<p data-start=\"6959\" data-end=\"7078\">\ud83d\udc49 Faites confiance \u00e0 <strong data-start=\"6981\" data-end=\"7024\"><span class=\"hover:entity-accent entity-underline inline cursor-pointer align-baseline\"><span class=\"whitespace-normal\">Belgium Movers<\/span><\/span><\/strong> pour un service professionnel, rapide et sans stress.<\/p>\n<p data-start=\"7080\" data-end=\"7167\">\ud83d\udcac <strong data-start=\"7083\" data-end=\"7167\"><a href=\"https:\/\/belgium-movers.be\/contact-demenagement.html\" target=\"_blank\" rel=\"noopener\">Contactez-nous<\/a> d\u00e8s aujourd\u2019hui pour obtenir votre devis gratuit et personnalis\u00e9.<\/strong><\/p>\n","protected":false},"excerpt":{"rendered":"<p>Vous pr\u00e9voyez un d\u00e9m\u00e9nagement \u00e0 Louvain ou dans ses environs ? Que vous changiez de logement, que vous d\u00e9m\u00e9nagiez en tant qu\u2019\u00e9tudiant ou que vous d\u00e9placiez votre entreprise, un d\u00e9m\u00e9nagement demande une organisation rigoureuse et du temps. Faire appel \u00e0 une soci\u00e9t\u00e9 sp\u00e9cialis\u00e9e comme Belgium Movers, c\u2019est choisir la tranquillit\u00e9 d\u2019esprit, la s\u00e9curit\u00e9 de vos&hellip;<\/p>\n","protected":false},"author":1,"featured_media":319,"parent":0,"menu_order":0,"comment_status":"closed","ping_status":"closed","template":"","meta":{"footnotes":""},"class_list":["post-317","page","type-page","status-publish","has-post-thumbnail","hentry"],"_links":{"self":[{"href":"https:\/\/belgium-movers.be\/blog\/wp-json\/wp\/v2\/pages\/317","targetHints":{"allow":["GET"]}}],"collection":[{"href":"https:\/\/belgium-movers.be\/blog\/wp-json\/wp\/v2\/pages"}],"about":[{"href":"https:\/\/belgium-movers.be\/blog\/wp-json\/wp\/v2\/types\/page"}],"author":[{"embeddable":true,"href":"https:\/\/belgium-movers.be\/blog\/wp-json\/wp\/v2\/users\/1"}],"replies":[{"embeddable":true,"href":"https:\/\/belgium-movers.be\/blog\/wp-json\/wp\/v2\/comments?post=317"}],"version-history":[{"count":1,"href":"https:\/\/belgium-movers.be\/blog\/wp-json\/wp\/v2\/pages\/317\/revisions"}],"predecessor-version":[{"id":321,"href":"https:\/\/belgium-movers.be\/blog\/wp-json\/wp\/v2\/pages\/317\/revisions\/321"}],"wp:featuredmedia":[{"embeddable":true,"href":"https:\/\/belgium-movers.be\/blog\/wp-json\/wp\/v2\/media\/319"}],"wp:attachment":[{"href":"https:\/\/belgium-movers.be\/blog\/wp-json\/wp\/v2\/media?parent=317"}],"curies":[{"name":"wp","href":"https:\/\/api.w.org\/{rel}","templated":true}]}}