{"id":287,"date":"2026-04-07T11:20:05","date_gmt":"2026-04-07T09:20:05","guid":{"rendered":"https:\/\/belgium-movers.be\/blog\/?page_id=287"},"modified":"2026-04-07T11:23:17","modified_gmt":"2026-04-07T09:23:17","slug":"demenagement-saint-gilles-2","status":"publish","type":"page","link":"https:\/\/belgium-movers.be\/blog\/demenagement-saint-gilles-2\/","title":{"rendered":"D\u00e9m\u00e9nagement Woluwe-Saint-Lambert"},"content":{"rendered":"<p data-start=\"64\" data-end=\"414\">Organiser un <strong data-start=\"77\" data-end=\"108\">d\u00e9m\u00e9nagement \u00e0 Woluwe-Saint-Lambert<\/strong>\u00a0peut rapidement devenir complexe. Entre les rues \u00e9troites, les difficult\u00e9s de stationnement et la gestion des cartons, il est essentiel de s\u2019entourer de professionnels fiables. Chez <strong data-start=\"291\" data-end=\"309\">Belgium Movers<\/strong>, nous vous accompagnons \u00e0 chaque \u00e9tape pour vous garantir un d\u00e9m\u00e9nagement fluide, rapide et sans stress.<\/p>\n<p data-start=\"416\" data-end=\"583\">Sp\u00e9cialistes du <strong data-start=\"432\" data-end=\"458\">d\u00e9m\u00e9nagement Bruxelles<\/strong>, nos \u00e9quipes de <strong data-start=\"475\" data-end=\"500\">d\u00e9m\u00e9nageurs Bruxelles<\/strong> interviennent aussi bien \u00e0 Saint-Gilles que dans toutes les grandes villes belges.<\/p>\n<hr data-start=\"585\" data-end=\"588\" \/>\n<h2 data-section-id=\"fbukmq\" data-start=\"590\" data-end=\"631\">\ud83d\udccd Pourquoi d\u00e9m\u00e9nager \u00e0 Saint-Gilles ?<\/h2>\n<p data-start=\"633\" data-end=\"799\">Situ\u00e9e au c\u0153ur de <a href=\"https:\/\/fr.wikipedia.org\/wiki\/Bruxelles\" target=\"_blank\" rel=\"noopener\"><span class=\"hover:entity-accent entity-underline inline cursor-pointer align-baseline\"><span class=\"whitespace-normal\">Bruxelles<\/span><\/span><\/a>, Woluwe-Saint-Lambert est une commune dynamique et recherch\u00e9e pour sa proximit\u00e9 avec le centre et son ambiance unique.<\/p>\n<p data-start=\"801\" data-end=\"816\">On y retrouve :<\/p>\n<ul data-start=\"817\" data-end=\"929\">\n<li data-section-id=\"120l6wr\" data-start=\"817\" data-end=\"846\">Le Parvis de Saint-Gilles<\/li>\n<li data-section-id=\"q549et\" data-start=\"847\" data-end=\"878\">La Barri\u00e8re de Saint-Gilles<\/li>\n<li data-section-id=\"8ecnhx\" data-start=\"879\" data-end=\"901\">Le quartier Louise<\/li>\n<li data-section-id=\"1ptn19e\" data-start=\"902\" data-end=\"929\">Le quartier Ma Campagne<\/li>\n<\/ul>\n<p data-start=\"931\" data-end=\"1047\">\ud83d\udc49 D\u00e9m\u00e9nager dans cette zone n\u00e9cessite une organisation pr\u00e9cise, notamment pour g\u00e9rer les acc\u00e8s et le stationnement.<\/p>\n<hr data-start=\"1049\" data-end=\"1052\" \/>\n<h2 data-section-id=\"b2w9zu\" data-start=\"1054\" data-end=\"1125\">\ud83d\ude9a Belgium Movers : votre sp\u00e9cialiste du d\u00e9m\u00e9nagement \u00e0 Saint-Gilles<\/h2>\n<p data-start=\"1127\" data-end=\"1258\">Faire appel \u00e0 <strong data-start=\"1141\" data-end=\"1159\">Belgium Movers<\/strong>, c\u2019est choisir des <strong data-start=\"1179\" data-end=\"1204\">d\u00e9m\u00e9nageurs Bruxelles<\/strong> exp\u00e9riment\u00e9s capables de g\u00e9rer toutes les situations.<\/p>\n<h3 data-section-id=\"1j4wgjf\" data-start=\"1260\" data-end=\"1281\">\u2714\ufe0f Nos services :<\/h3>\n<ul data-start=\"1282\" data-end=\"1428\">\n<li data-section-id=\"tx4qkq\" data-start=\"1282\" data-end=\"1322\">Emballage et protection de vos biens<\/li>\n<li data-section-id=\"1l82kvb\" data-start=\"1323\" data-end=\"1360\">D\u00e9montage et remontage de meubles<\/li>\n<li data-section-id=\"1ok47a\" data-start=\"1361\" data-end=\"1383\">Transport s\u00e9curis\u00e9<\/li>\n<li data-section-id=\"1w30h06\" data-start=\"1384\" data-end=\"1428\">Installation dans votre nouveau logement<\/li>\n<\/ul>\n<p data-start=\"1430\" data-end=\"1564\">Nous proposons des solutions adapt\u00e9es pour chaque type de <strong data-start=\"1488\" data-end=\"1514\">d\u00e9m\u00e9nagement Bruxelles<\/strong>, que vous soyez un particulier ou une entreprise.<\/p>\n<hr data-start=\"1566\" data-end=\"1569\" \/>\n<h2 data-section-id=\"zqjmat\" data-start=\"1571\" data-end=\"1632\">\ud83c\udfe0 Intervention dans les rues et quartiers de Woluwe-Saint-Lambert<\/h2>\n<p data-start=\"1634\" data-end=\"1682\">Nos \u00e9quipes connaissent parfaitement la commune.<\/p>\n<h3 data-section-id=\"p5azfd\" data-start=\"1684\" data-end=\"1709\">\ud83d\udccd Rues principales :<\/h3>\n<ul data-start=\"1710\" data-end=\"1813\">\n<li data-section-id=\"19x72wz\" data-start=\"1710\" data-end=\"1734\">Chauss\u00e9e de Waterloo<\/li>\n<li data-section-id=\"gl98qg\" data-start=\"1735\" data-end=\"1752\">Rue du Bailli<\/li>\n<li data-section-id=\"u1kp0z\" data-start=\"1753\" data-end=\"1770\">Rue de M\u00e9rode<\/li>\n<li data-section-id=\"ysf56\" data-start=\"1771\" data-end=\"1790\">Avenue Brugmann<\/li>\n<li data-section-id=\"ie15of\" data-start=\"1791\" data-end=\"1813\">Rue de la Victoire<\/li>\n<\/ul>\n<h3 data-section-id=\"1s5byle\" data-start=\"1815\" data-end=\"1833\">\ud83d\udccd Quartiers :<\/h3>\n<ul data-start=\"1834\" data-end=\"1918\">\n<li data-section-id=\"dn33gy\" data-start=\"1834\" data-end=\"1860\">Parvis de Saint-Gilles<\/li>\n<li data-section-id=\"1sc8cn1\" data-start=\"1861\" data-end=\"1873\">Barri\u00e8re<\/li>\n<li data-section-id=\"131n4ut\" data-start=\"1874\" data-end=\"1898\">Haut de Saint-Gilles<\/li>\n<li data-section-id=\"1rfsnbw\" data-start=\"1899\" data-end=\"1918\">Quartier Louise<\/li>\n<\/ul>\n<p data-start=\"1920\" data-end=\"2032\">\ud83d\udc49 Cette connaissance du terrain permet \u00e0 nos <strong data-start=\"1966\" data-end=\"1991\">d\u00e9m\u00e9nageurs Bruxelles<\/strong> d\u2019intervenir rapidement et efficacement.<\/p>\n<hr data-start=\"2034\" data-end=\"2037\" \/>\n<h2 data-section-id=\"hn6jeb\" data-start=\"2039\" data-end=\"2093\">\ud83c\udf0d Belgium Movers intervient dans toute la Belgique<\/h2>\n<p data-start=\"2095\" data-end=\"2233\">En plus de Woluwe-Saint-Lambert et de <span class=\"hover:entity-accent entity-underline inline cursor-pointer align-baseline\"><span class=\"whitespace-normal\">Bruxelles<\/span><\/span>, nous r\u00e9alisons des d\u00e9m\u00e9nagements dans les principales villes belges :<\/p>\n<ul data-start=\"2235\" data-end=\"2486\">\n<li data-section-id=\"hjs5dh\" data-start=\"2361\" data-end=\"2402\"><a href=\"https:\/\/fr.wikipedia.org\/wiki\/Charleroi\" target=\"_blank\" rel=\"noopener\"><span class=\"hover:entity-accent entity-underline inline cursor-pointer align-baseline\"><span class=\"whitespace-normal\">Charleroi<\/span><\/span><\/a><\/li>\n<li data-section-id=\"pzvh1x\" data-start=\"2403\" data-end=\"2444\"><a href=\"https:\/\/fr.wikipedia.org\/wiki\/Namur\" target=\"_blank\" rel=\"noopener\"><span class=\"hover:entity-accent entity-underline inline cursor-pointer align-baseline\"><span class=\"whitespace-normal\">Namur<\/span><\/span><\/a><\/li>\n<li data-section-id=\"1l5awad\" data-start=\"2445\" data-end=\"2486\"><a href=\"https:\/\/fr.wikipedia.org\/wiki\/Louvain\" target=\"_blank\" rel=\"noopener\"><span class=\"hover:entity-accent entity-underline inline cursor-pointer align-baseline\"><span class=\"whitespace-normal\">Louvain<\/span><\/span><\/a><\/li>\n<\/ul>\n<p data-start=\"2488\" data-end=\"2582\">\ud83d\udc49 O\u00f9 que vous soyez, Belgium Movers vous accompagne pour un d\u00e9m\u00e9nagement partout en Belgique.<\/p>\n<hr data-start=\"2584\" data-end=\"2587\" \/>\n<h2 data-section-id=\"pjfvbs\" data-start=\"2589\" data-end=\"2623\">\ud83c\udf0d Communes voisines desservies<\/h2>\n<p data-start=\"2625\" data-end=\"2720\">Nous intervenons \u00e9galement dans les communes proches de <span class=\"hover:entity-accent entity-underline inline cursor-pointer align-baseline\"><span class=\"whitespace-normal\">Bruxelles<\/span><\/span> :<\/p>\n<ul data-start=\"2722\" data-end=\"2783\">\n<li data-section-id=\"1lqbhai\" data-start=\"2722\" data-end=\"2733\"><a href=\"https:\/\/belgium-movers.be\/blog\/demenagement-ixelles\/\" target=\"_blank\" rel=\"noopener\">Ixelles<\/a><\/li>\n<li data-section-id=\"1r99jch\" data-start=\"2734\" data-end=\"2744\"><a href=\"https:\/\/belgium-movers.be\/blog\/demenagement-forest\/\" target=\"_blank\" rel=\"noopener\">Forest<\/a><\/li>\n<li data-section-id=\"1g1havo\" data-start=\"2745\" data-end=\"2754\"><a href=\"https:\/\/belgium-movers.be\/blog\/demenagement-uccle\/\" target=\"_blank\" rel=\"noopener\">Uccle<\/a><\/li>\n<li data-section-id=\"xyy03m\" data-start=\"2755\" data-end=\"2769\"><a href=\"https:\/\/belgium-movers.be\/blog\/demenagement-anderlecht\/\" target=\"_blank\" rel=\"noopener\">Anderlecht<\/a><\/li>\n<li data-section-id=\"1adry0j\" data-start=\"2770\" data-end=\"2783\"><a href=\"https:\/\/belgium-movers.be\/blog\/demenagement-etterbeek\/\" target=\"_blank\" rel=\"noopener\">Etterbeek<\/a><\/li>\n<\/ul>\n<p data-start=\"2785\" data-end=\"2843\">\ud83d\udc49 Nos <strong data-start=\"2792\" data-end=\"2817\">d\u00e9m\u00e9nageurs Bruxelles<\/strong> couvrent toute la r\u00e9gion.<\/p>\n<hr data-start=\"2845\" data-end=\"2848\" \/>\n<h2 data-section-id=\"8lm6lf\" data-start=\"2850\" data-end=\"2909\">\ud83d\udce6 D\u00e9m\u00e9nagement Bruxelles : une organisation essentielle<\/h2>\n<p data-start=\"2911\" data-end=\"2981\">Un <strong data-start=\"2914\" data-end=\"2940\">d\u00e9m\u00e9nagement Bruxelles<\/strong> r\u00e9ussi repose sur une bonne pr\u00e9paration.<\/p>\n<h3 data-section-id=\"1op98r1\" data-start=\"2983\" data-end=\"3003\">\ud83e\udde0 \u00c9tapes cl\u00e9s :<\/h3>\n<ol data-start=\"3004\" data-end=\"3166\">\n<li data-section-id=\"nxodxw\" data-start=\"3004\" data-end=\"3037\">Planifier votre d\u00e9m\u00e9nagement<\/li>\n<li data-section-id=\"1jc50hy\" data-start=\"3038\" data-end=\"3061\">Trier vos affaires<\/li>\n<li data-section-id=\"pq2mx7\" data-start=\"3062\" data-end=\"3087\">Pr\u00e9parer les cartons<\/li>\n<li data-section-id=\"1rartat\" data-start=\"3088\" data-end=\"3127\">R\u00e9server vos d\u00e9m\u00e9nageurs Bruxelles<\/li>\n<li data-section-id=\"t3r6dc\" data-start=\"3128\" data-end=\"3166\">Anticiper les contraintes locales<\/li>\n<\/ol>\n<hr data-start=\"3168\" data-end=\"3171\" \/>\n<h2 data-section-id=\"eg5cx\" data-start=\"3173\" data-end=\"3229\">\ud83d\udca1 Pourquoi faire appel \u00e0 des d\u00e9m\u00e9nageurs Bruxelles ?<\/h2>\n<h3 data-section-id=\"8ga31e\" data-start=\"3231\" data-end=\"3253\">\u2714\ufe0f Gain de temps<\/h3>\n<h3 data-section-id=\"1i0dfhz\" data-start=\"3254\" data-end=\"3271\">\u2714\ufe0f S\u00e9curit\u00e9<\/h3>\n<h3 data-section-id=\"rl8aii\" data-start=\"3272\" data-end=\"3296\">\u2714\ufe0f Moins de stress<\/h3>\n<h3 data-section-id=\"1uqf8n3\" data-start=\"3297\" data-end=\"3330\">\u2714\ufe0f \u00c9quipement professionnel<\/h3>\n<p data-start=\"3332\" data-end=\"3432\">Nos <strong data-start=\"3336\" data-end=\"3361\">d\u00e9m\u00e9nageurs Bruxelles<\/strong> sont form\u00e9s pour g\u00e9rer toutes les situations, m\u00eame les plus complexes.<\/p>\n<hr data-start=\"3434\" data-end=\"3437\" \/>\n<h2 data-section-id=\"je1tzc\" data-start=\"3439\" data-end=\"3491\">\ud83d\udce6 Mat\u00e9riel professionnel pour votre d\u00e9m\u00e9nagement<\/h2>\n<p><img loading=\"lazy\" decoding=\"async\" class=\"alignnone size-medium wp-image-290\" src=\"https:\/\/belgium-movers.be\/blog\/wp-content\/uploads\/2026\/04\/emballage-de-demenagement-bruxelles-300x200.jpg\" alt=\"\" width=\"300\" height=\"200\" srcset=\"https:\/\/belgium-movers.be\/blog\/wp-content\/uploads\/2026\/04\/emballage-de-demenagement-bruxelles-300x200.jpg 300w, https:\/\/belgium-movers.be\/blog\/wp-content\/uploads\/2026\/04\/emballage-de-demenagement-bruxelles-1024x683.jpg 1024w, https:\/\/belgium-movers.be\/blog\/wp-content\/uploads\/2026\/04\/emballage-de-demenagement-bruxelles-768x512.jpg 768w, https:\/\/belgium-movers.be\/blog\/wp-content\/uploads\/2026\/04\/emballage-de-demenagement-bruxelles-1536x1024.jpg 1536w, https:\/\/belgium-movers.be\/blog\/wp-content\/uploads\/2026\/04\/emballage-de-demenagement-bruxelles-2048x1365.jpg 2048w\" sizes=\"auto, (max-width: 300px) 100vw, 300px\" \/><\/p>\n<p data-start=\"3493\" data-end=\"3527\">Nous mettons \u00e0 votre disposition :<\/p>\n<ul data-start=\"3528\" data-end=\"3607\">\n<li data-section-id=\"1959xpx\" data-start=\"3528\" data-end=\"3547\">Cartons solides<\/li>\n<li data-section-id=\"z558ed\" data-start=\"3548\" data-end=\"3564\">Papier bulle<\/li>\n<li data-section-id=\"1ok85sl\" data-start=\"3565\" data-end=\"3580\">Couvertures<\/li>\n<li data-section-id=\"hkycuh\" data-start=\"3581\" data-end=\"3607\">Mat\u00e9riel de protection<\/li>\n<\/ul>\n<p data-start=\"3609\" data-end=\"3654\">\ud83d\udc49 Vos biens sont prot\u00e9g\u00e9s du d\u00e9but \u00e0 la fin.<\/p>\n<hr data-start=\"3656\" data-end=\"3659\" \/>\n<h2 data-section-id=\"1h9ttav\" data-start=\"3661\" data-end=\"3725\">\u26a0\ufe0f Les erreurs \u00e0 \u00e9viter lors d\u2019un d\u00e9m\u00e9nagement \u00e0 Woluwe-Saint-Lambert<\/h2>\n<p data-start=\"3727\" data-end=\"3862\">\u274c Mauvaise organisation<br data-start=\"3750\" data-end=\"3753\" \/>\u274c Sous-estimer le volume<br data-start=\"3777\" data-end=\"3780\" \/>\u274c R\u00e9server trop tard<br data-start=\"3800\" data-end=\"3803\" \/>\u274c Mauvais emballage<br data-start=\"3822\" data-end=\"3825\" \/>\u274c Choisir une entreprise non fiable<\/p>\n<p data-start=\"3864\" data-end=\"3912\">\ud83d\udc49 Avec Belgium Movers, vous \u00e9vitez ces erreurs.<\/p>\n<hr data-start=\"3914\" data-end=\"3917\" \/>\n<h2 data-section-id=\"1hz4e23\" data-start=\"3919\" data-end=\"3970\">\ud83c\udfe2 D\u00e9m\u00e9nagement pour particuliers et entreprises<\/h2>\n<h3 data-section-id=\"1dw6w1u\" data-start=\"3972\" data-end=\"4000\">\ud83d\udc68\u200d\ud83d\udc69\u200d\ud83d\udc67\u200d\ud83d\udc66 Particuliers<\/h3>\n<ul data-start=\"4001\" data-end=\"4055\">\n<li data-section-id=\"3f8fze\" data-start=\"4001\" data-end=\"4017\">Appartements<\/li>\n<li data-section-id=\"42jp64\" data-start=\"4018\" data-end=\"4029\">Maisons<\/li>\n<li data-section-id=\"15s9bx1\" data-start=\"4030\" data-end=\"4055\">D\u00e9m\u00e9nagement familial<\/li>\n<\/ul>\n<h3 data-section-id=\"1imexca\" data-start=\"4057\" data-end=\"4078\">\ud83c\udfe2 Professionnels<\/h3>\n<ul data-start=\"4079\" data-end=\"4119\">\n<li data-section-id=\"153l7r8\" data-start=\"4079\" data-end=\"4090\">Bureaux<\/li>\n<li data-section-id=\"wnyznq\" data-start=\"4091\" data-end=\"4104\">Commerces<\/li>\n<li data-section-id=\"16en50\" data-start=\"4105\" data-end=\"4119\">Transferts<\/li>\n<\/ul>\n<hr data-start=\"4121\" data-end=\"4124\" \/>\n<h2 data-section-id=\"w5hnan\" data-start=\"4126\" data-end=\"4160\">\ud83d\udccb Nos formules de d\u00e9m\u00e9nagement<\/h2>\n<ul data-start=\"4162\" data-end=\"4226\">\n<li data-section-id=\"wsafs3\" data-start=\"4162\" data-end=\"4184\">Formule \u00e9conomique<\/li>\n<li data-section-id=\"1x5la6x\" data-start=\"4185\" data-end=\"4205\">Formule standard<\/li>\n<li data-section-id=\"1vqdkqu\" data-start=\"4206\" data-end=\"4226\">Formule compl\u00e8te<\/li>\n<\/ul>\n<p data-start=\"4228\" data-end=\"4272\">\ud83d\udc49 Nous adaptons nos services \u00e0 vos besoins.<\/p>\n<hr data-start=\"4274\" data-end=\"4277\" \/>\n<h2 data-section-id=\"lao7c1\" data-start=\"4279\" data-end=\"4313\">\ud83d\udcde Demandez votre devis gratuit<\/h2>\n<p data-start=\"4315\" data-end=\"4389\">Vous pr\u00e9parez un <strong data-start=\"4332\" data-end=\"4363\">d\u00e9m\u00e9nagement \u00e0 Woluwe-Saint-Lambert <\/strong>ou ailleurs en Belgique ?<\/p>\n<p data-start=\"4391\" data-end=\"4439\">\ud83d\udc49 <strong data-start=\"4394\" data-end=\"4439\"><a href=\"https:\/\/belgium-movers.be\/contact-demenagement.html\" target=\"_blank\" rel=\"noopener\">Contactez Belgium Movers<\/a> d\u00e8s maintenant !<\/strong><\/p>\n<ul data-start=\"4441\" data-end=\"4517\">\n<li data-section-id=\"1x59wzx\" data-start=\"4441\" data-end=\"4458\">Devis gratuit<\/li>\n<li data-section-id=\"1fjg6yn\" data-start=\"4459\" data-end=\"4477\">R\u00e9ponse rapide<\/li>\n<li data-section-id=\"11rg4lf\" data-start=\"4478\" data-end=\"4517\">Intervention dans toute la Belgique<\/li>\n<\/ul>\n<hr data-start=\"4519\" data-end=\"4522\" \/>\n<h2 data-section-id=\"a8n0oh\" data-start=\"4524\" data-end=\"4560\">\u2753 FAQ \u2013 D\u00e9m\u00e9nagement Woluwe-Saint-Lambert<\/h2>\n<h3 data-section-id=\"13orile\" data-start=\"4562\" data-end=\"4606\">Intervenez-vous uniquement \u00e0 Bruxelles ?<\/h3>\n<p data-start=\"4607\" data-end=\"4668\">Non, nous r\u00e9alisons des d\u00e9m\u00e9nagements dans toute la Belgique.<\/p>\n<h3 data-section-id=\"1j5qn69\" data-start=\"4670\" data-end=\"4708\">Proposez-vous des devis gratuits ?<\/h3>\n<p data-start=\"4709\" data-end=\"4762\">Oui, tous nos devis sont gratuits et sans engagement.<\/p>\n<h3 data-section-id=\"1avt9ch\" data-start=\"4764\" data-end=\"4797\">Fournissez-vous les cartons ?<\/h3>\n<p data-start=\"4798\" data-end=\"4846\">Oui, nous proposons tout le mat\u00e9riel n\u00e9cessaire.<\/p>\n<h3 data-section-id=\"141415z\" data-start=\"4848\" data-end=\"4901\">Vos d\u00e9m\u00e9nageurs Bruxelles sont-ils exp\u00e9riment\u00e9s ?<\/h3>\n<p data-start=\"4902\" data-end=\"4946\">Oui, nos \u00e9quipes sont form\u00e9es et qualifi\u00e9es.<\/p>\n<h3 data-section-id=\"1tv87j1\" data-start=\"4948\" data-end=\"4976\">Puis-je d\u00e9m\u00e9nager seul ?<\/h3>\n<p data-start=\"4977\" data-end=\"5056\">C\u2019est possible, mais faire appel \u00e0 des professionnels est fortement recommand\u00e9.<\/p>\n<h3 data-section-id=\"wdst1w\" data-start=\"5058\" data-end=\"5110\">Intervenez-vous dans les grandes villes belges ?<\/h3>\n<p data-start=\"5111\" data-end=\"5194\">Oui, nous intervenons notamment \u00e0 Anvers, Li\u00e8ge, Gand, Charleroi, Namur et Louvain.<\/p>\n<hr data-start=\"5196\" data-end=\"5199\" \/>\n<h2 data-section-id=\"162q1gm\" data-start=\"5201\" data-end=\"5217\">\ud83e\uddfe Conclusion<\/h2>\n<p data-start=\"5219\" data-end=\"5491\">Un <strong data-start=\"5222\" data-end=\"5253\">d\u00e9m\u00e9nagement \u00e0 Woluwe-Saint-Lambert<\/strong>\u00a0n\u00e9cessite une organisation rigoureuse et une bonne connaissance du terrain. Gr\u00e2ce \u00e0 <strong data-start=\"5338\" data-end=\"5356\">Belgium Movers<\/strong>, vous b\u00e9n\u00e9ficiez d\u2019un service complet assur\u00e9 par des <strong data-start=\"5410\" data-end=\"5435\">d\u00e9m\u00e9nageurs Bruxelles<\/strong> exp\u00e9riment\u00e9s, avec une pr\u00e9sence dans toute la Belgique.<\/p>\n<p data-start=\"5493\" data-end=\"5546\">\ud83d\udc49 Simplifiez votre d\u00e9m\u00e9nagement et \u00e9vitez le stress.<\/p>\n<p data-start=\"5548\" data-end=\"5628\" data-is-last-node=\"\" data-is-only-node=\"\">\ud83d\udce9 <strong data-start=\"5551\" data-end=\"5628\" data-is-last-node=\"\"><a href=\"https:\/\/belgium-movers.be\/contact-demenagement.html\" target=\"_blank\" rel=\"noopener\">Contactez-nous<\/a> d\u00e8s aujourd\u2019hui pour un devis gratuit et sans engagement !<\/strong><\/p>\n","protected":false},"excerpt":{"rendered":"<p>Organiser un d\u00e9m\u00e9nagement \u00e0 Woluwe-Saint-Lambert\u00a0peut rapidement devenir complexe. Entre les rues \u00e9troites, les difficult\u00e9s de stationnement et la gestion des cartons, il est essentiel de s\u2019entourer de professionnels fiables. Chez Belgium Movers, nous vous accompagnons \u00e0 chaque \u00e9tape pour vous garantir un d\u00e9m\u00e9nagement fluide, rapide et sans stress. Sp\u00e9cialistes du d\u00e9m\u00e9nagement Bruxelles, nos \u00e9quipes de&hellip;<\/p>\n","protected":false},"author":1,"featured_media":289,"parent":0,"menu_order":0,"comment_status":"closed","ping_status":"closed","template":"","meta":{"footnotes":""},"class_list":["post-287","page","type-page","status-publish","has-post-thumbnail","hentry"],"_links":{"self":[{"href":"https:\/\/belgium-movers.be\/blog\/wp-json\/wp\/v2\/pages\/287","targetHints":{"allow":["GET"]}}],"collection":[{"href":"https:\/\/belgium-movers.be\/blog\/wp-json\/wp\/v2\/pages"}],"about":[{"href":"https:\/\/belgium-movers.be\/blog\/wp-json\/wp\/v2\/types\/page"}],"author":[{"embeddable":true,"href":"https:\/\/belgium-movers.be\/blog\/wp-json\/wp\/v2\/users\/1"}],"replies":[{"embeddable":true,"href":"https:\/\/belgium-movers.be\/blog\/wp-json\/wp\/v2\/comments?post=287"}],"version-history":[{"count":3,"href":"https:\/\/belgium-movers.be\/blog\/wp-json\/wp\/v2\/pages\/287\/revisions"}],"predecessor-version":[{"id":293,"href":"https:\/\/belgium-movers.be\/blog\/wp-json\/wp\/v2\/pages\/287\/revisions\/293"}],"wp:featuredmedia":[{"embeddable":true,"href":"https:\/\/belgium-movers.be\/blog\/wp-json\/wp\/v2\/media\/289"}],"wp:attachment":[{"href":"https:\/\/belgium-movers.be\/blog\/wp-json\/wp\/v2\/media?parent=287"}],"curies":[{"name":"wp","href":"https:\/\/api.w.org\/{rel}","templated":true}]}}