{"id":216,"date":"2026-03-11T11:28:00","date_gmt":"2026-03-11T10:28:00","guid":{"rendered":"https:\/\/belgium-movers.be\/blog\/?page_id=216"},"modified":"2026-03-11T11:31:13","modified_gmt":"2026-03-11T10:31:13","slug":"demenagement-evere","status":"publish","type":"page","link":"https:\/\/belgium-movers.be\/blog\/demenagement-evere\/","title":{"rendered":"D\u00e9m\u00e9nagement Evere"},"content":{"rendered":"<p data-start=\"391\" data-end=\"694\">D\u00e9m\u00e9nager peut \u00eatre une exp\u00e9rience stressante si elle n\u2019est pas bien planifi\u00e9e. Entre la pr\u00e9paration des cartons, le transport des meubles et les contraintes li\u00e9es aux acc\u00e8s aux immeubles, il est essentiel de faire appel \u00e0 une \u00e9quipe professionnelle pour garantir un d\u00e9m\u00e9nagement efficace et s\u00e9curis\u00e9.<\/p>\n<p data-start=\"696\" data-end=\"1037\">Chez <a href=\"https:\/\/belgium-movers.be\/\" target=\"_blank\" rel=\"noopener\"><strong data-start=\"701\" data-end=\"719\">Belgium Movers<\/strong><\/a>, nous proposons un service de <strong data-start=\"750\" data-end=\"774\">d\u00e9m\u00e9nagement \u00e0 Evere<\/strong> ainsi que dans les communes bruxelloises voisines comme <strong data-start=\"831\" data-end=\"920\"><a href=\"https:\/\/belgium-movers.be\/blog\/demenagement-uccle\/\" target=\"_blank\" rel=\"noopener\">Uccle<\/a>, <a href=\"https:\/\/belgium-movers.be\/blog\/demenagement-laeken\/\" target=\"_blank\" rel=\"noopener\">Laeken<\/a>, <a href=\"https:\/\/belgium-movers.be\/blog\/demenagement-forest\/\" target=\"_blank\" rel=\"noopener\">Forest<\/a>, <a href=\"https:\/\/belgium-movers.be\/blog\/demenagement-koekelberg\/\" target=\"_blank\" rel=\"noopener\">Koekelberg<\/a> et <a href=\"https:\/\/belgium-movers.be\/blog\/demenagement-jette\/\" target=\"_blank\" rel=\"noopener\">Jette<\/a>.<br \/>\n<\/strong>Nous intervenons \u00e9galement dans les grandes villes belges telles que <strong data-start=\"991\" data-end=\"1034\"><a href=\"https:\/\/fr.wikipedia.org\/wiki\/Anvers\" target=\"_blank\" rel=\"noopener\">Anvers<\/a>, <a href=\"https:\/\/fr.wikipedia.org\/wiki\/Gand\" target=\"_blank\" rel=\"noopener\">Gand<\/a>, <a href=\"https:\/\/fr.wikipedia.org\/wiki\/Li%C3%A8ge\" target=\"_blank\" rel=\"noopener\">Li\u00e8ge<\/a>, <a href=\"https:\/\/fr.wikipedia.org\/wiki\/Mons\" target=\"_blank\" rel=\"noopener\">Mons<\/a> et <a href=\"https:\/\/fr.wikipedia.org\/wiki\/Namur\" target=\"_blank\" rel=\"noopener\">Namur<\/a><\/strong>.<\/p>\n<p data-start=\"1039\" data-end=\"1235\">Gr\u00e2ce \u00e0 notre exp\u00e9rience et \u00e0 notre mat\u00e9riel professionnel, incluant des <strong data-start=\"1112\" data-end=\"1145\">lifts pour meubles volumineux<\/strong>, nous nous adaptons \u00e0 toutes les situations pour un d\u00e9m\u00e9nagement rapide, s\u00fbr et organis\u00e9.<\/p>\n<hr data-start=\"1237\" data-end=\"1240\" \/>\n<h2 data-section-id=\"155ap8n\" data-start=\"1242\" data-end=\"1293\">Evere : une commune r\u00e9sidentielle et bien situ\u00e9e<\/h2>\n<p data-start=\"1295\" data-end=\"1460\">Situ\u00e9e dans le nord-est de Bruxelles, <strong data-start=\"1333\" data-end=\"1342\">Evere<\/strong> est une commune pris\u00e9e pour sa qualit\u00e9 de vie, ses espaces verts et sa proximit\u00e9 avec le centre-ville de Bruxelles.<\/p>\n<p data-start=\"1462\" data-end=\"1488\">Caract\u00e9ristiques d\u2019Evere :<\/p>\n<ul data-start=\"1490\" data-end=\"1871\">\n<li data-section-id=\"e0u6sj\" data-start=\"1490\" data-end=\"1584\">\n<p data-start=\"1492\" data-end=\"1584\"><strong data-start=\"1492\" data-end=\"1525\">Quartiers r\u00e9sidentiels vari\u00e9s<\/strong>, allant des appartements modernes aux maisons familiales<\/p>\n<\/li>\n<li data-section-id=\"5hn1q8\" data-start=\"1585\" data-end=\"1642\">\n<p data-start=\"1587\" data-end=\"1642\">Proximit\u00e9 des grands axes et <strong data-start=\"1616\" data-end=\"1640\">transports en commun<\/strong><\/p>\n<\/li>\n<li data-section-id=\"9z54ef\" data-start=\"1643\" data-end=\"1718\">\n<p data-start=\"1645\" data-end=\"1718\">Pr\u00e9sence de <strong data-start=\"1657\" data-end=\"1683\">parcs et espaces verts<\/strong> pour les familles et les loisirs<\/p>\n<\/li>\n<li data-section-id=\"x9vxu0\" data-start=\"1719\" data-end=\"1871\">\n<p data-start=\"1721\" data-end=\"1871\">Certaines rues ou immeubles anciens peuvent pr\u00e9senter des <strong data-start=\"1779\" data-end=\"1815\">contraintes pour le d\u00e9m\u00e9nagement<\/strong>, notamment l\u2019acc\u00e8s difficile ou l\u2019absence d\u2019ascenseur<\/p>\n<\/li>\n<\/ul>\n<p data-start=\"1873\" data-end=\"2136\">Ces sp\u00e9cificit\u00e9s font de Evere une commune agr\u00e9able \u00e0 vivre mais parfois complexe pour un d\u00e9m\u00e9nagement, surtout lorsqu\u2019il s\u2019agit de transporter des meubles volumineux ou fragiles. L\u2019utilisation de <strong data-start=\"2070\" data-end=\"2094\">lifts professionnels<\/strong> est souvent la solution la plus efficace.<\/p>\n<hr data-start=\"2138\" data-end=\"2141\" \/>\n<h2 data-section-id=\"1tub19u\" data-start=\"2143\" data-end=\"2199\">Pourquoi faire appel \u00e0 une entreprise de d\u00e9m\u00e9nagement<\/h2>\n<p data-start=\"2201\" data-end=\"2336\">Un d\u00e9m\u00e9nagement n\u00e9cessite du temps, du mat\u00e9riel et de l\u2019organisation. Faire appel \u00e0 des professionnels pr\u00e9sente de nombreux avantages :<\/p>\n<ul data-start=\"2338\" data-end=\"2672\">\n<li data-section-id=\"k3wewh\" data-start=\"2338\" data-end=\"2423\">\n<p data-start=\"2340\" data-end=\"2423\"><strong data-start=\"2340\" data-end=\"2357\">Gain de temps<\/strong> : une \u00e9quipe qualifi\u00e9e travaille de mani\u00e8re organis\u00e9e et rapide<\/p>\n<\/li>\n<li data-section-id=\"1rz7zdi\" data-start=\"2424\" data-end=\"2498\">\n<p data-start=\"2426\" data-end=\"2498\"><strong data-start=\"2426\" data-end=\"2438\">S\u00e9curit\u00e9<\/strong> : vos meubles et objets fragiles sont manipul\u00e9s avec soin<\/p>\n<\/li>\n<li data-section-id=\"18mr2lm\" data-start=\"2499\" data-end=\"2576\">\n<p data-start=\"2501\" data-end=\"2576\"><strong data-start=\"2501\" data-end=\"2527\">Mat\u00e9riel professionnel<\/strong> : camions adapt\u00e9s, sangles, couvertures, lifts<\/p>\n<\/li>\n<li data-section-id=\"hf1t4g\" data-start=\"2577\" data-end=\"2672\">\n<p data-start=\"2579\" data-end=\"2672\"><strong data-start=\"2579\" data-end=\"2595\">Adaptabilit\u00e9<\/strong> : gestion des contraintes des immeubles, escaliers ou stationnement limit\u00e9<\/p>\n<\/li>\n<\/ul>\n<p data-start=\"2674\" data-end=\"2807\">Chez <strong data-start=\"2679\" data-end=\"2697\">Belgium Movers<\/strong>, nous combinons expertise, exp\u00e9rience et mat\u00e9riel moderne pour assurer un d\u00e9m\u00e9nagement serein et sans stress.<\/p>\n<hr data-start=\"2809\" data-end=\"2812\" \/>\n<h2 data-section-id=\"u5gtp3\" data-start=\"2814\" data-end=\"2857\">Bien pr\u00e9parer votre d\u00e9m\u00e9nagement \u00e0 Evere<\/h2>\n<h3 data-section-id=\"1rgideh\" data-start=\"2859\" data-end=\"2881\">Trier vos affaires<\/h3>\n<p><img loading=\"lazy\" decoding=\"async\" class=\"alignnone size-medium wp-image-219\" src=\"https:\/\/belgium-movers.be\/blog\/wp-content\/uploads\/2026\/03\/carton-demenagement-service-bruxelles-1-200x300.jpg\" alt=\"\" width=\"200\" height=\"300\" srcset=\"https:\/\/belgium-movers.be\/blog\/wp-content\/uploads\/2026\/03\/carton-demenagement-service-bruxelles-1-200x300.jpg 200w, https:\/\/belgium-movers.be\/blog\/wp-content\/uploads\/2026\/03\/carton-demenagement-service-bruxelles-1-683x1024.jpg 683w, https:\/\/belgium-movers.be\/blog\/wp-content\/uploads\/2026\/03\/carton-demenagement-service-bruxelles-1-768x1152.jpg 768w, https:\/\/belgium-movers.be\/blog\/wp-content\/uploads\/2026\/03\/carton-demenagement-service-bruxelles-1-1024x1536.jpg 1024w, https:\/\/belgium-movers.be\/blog\/wp-content\/uploads\/2026\/03\/carton-demenagement-service-bruxelles-1-1365x2048.jpg 1365w, https:\/\/belgium-movers.be\/blog\/wp-content\/uploads\/2026\/03\/carton-demenagement-service-bruxelles-1-scaled.jpg 1707w\" sizes=\"auto, (max-width: 200px) 100vw, 200px\" \/><\/p>\n<p data-start=\"2883\" data-end=\"2959\">Avant de commencer \u00e0 emballer vos objets, il est conseill\u00e9 de faire un tri :<\/p>\n<ul data-start=\"2961\" data-end=\"3020\">\n<li data-section-id=\"1l2vwy7\" data-start=\"2961\" data-end=\"2973\">\n<p data-start=\"2963\" data-end=\"2973\">\u00c0 garder<\/p>\n<\/li>\n<li data-section-id=\"vx4ydc\" data-start=\"2974\" data-end=\"2996\">\n<p data-start=\"2976\" data-end=\"2996\">\u00c0 vendre ou donner<\/p>\n<\/li>\n<li data-section-id=\"1gkq9or\" data-start=\"2997\" data-end=\"3020\">\n<p data-start=\"2999\" data-end=\"3020\">\u00c0 recycler ou jeter<\/p>\n<\/li>\n<\/ul>\n<p data-start=\"3022\" data-end=\"3116\">Cela permet de r\u00e9duire le volume \u00e0 transporter et d\u2019organiser plus facilement le d\u00e9m\u00e9nagement.<\/p>\n<h3 data-section-id=\"h7hjoz\" data-start=\"3118\" data-end=\"3143\">Emballer correctement<\/h3>\n<p data-start=\"3145\" data-end=\"3207\">Pour garantir la s\u00e9curit\u00e9 de vos objets pendant le transport :<\/p>\n<ul data-start=\"3209\" data-end=\"3414\">\n<li data-section-id=\"5pbpe5\" data-start=\"3209\" data-end=\"3256\">\n<p data-start=\"3211\" data-end=\"3256\">Utilisez des <strong data-start=\"3224\" data-end=\"3254\">cartons solides et adapt\u00e9s<\/strong><\/p>\n<\/li>\n<li data-section-id=\"155y7bq\" data-start=\"3257\" data-end=\"3344\">\n<p data-start=\"3259\" data-end=\"3344\">Prot\u00e9gez les objets fragiles avec du <strong data-start=\"3296\" data-end=\"3342\">papier bulle, des couvertures ou du calage<\/strong><\/p>\n<\/li>\n<li data-section-id=\"1wcvb5i\" data-start=\"3345\" data-end=\"3414\">\n<p data-start=\"3347\" data-end=\"3414\">\u00c9tiquetez chaque carton par pi\u00e8ce pour un <strong data-start=\"3389\" data-end=\"3414\">d\u00e9ballage plus simple<\/strong><\/p>\n<\/li>\n<\/ul>\n<h3 data-section-id=\"esqakx\" data-start=\"3416\" data-end=\"3448\">Pr\u00e9parer l\u2019acc\u00e8s au logement<\/h3>\n<p data-start=\"3450\" data-end=\"3719\">Certaines rues d\u2019Evere, ainsi que celles des communes voisines comme <strong data-start=\"3519\" data-end=\"3557\">Schaerbeek ou Woluwe-Saint-Lambert<\/strong>, peuvent pr\u00e9senter des contraintes pour le stationnement des camions. Il est important de pr\u00e9voir un emplacement pour faciliter le chargement et le d\u00e9chargement.<\/p>\n<hr data-start=\"3721\" data-end=\"3724\" \/>\n<h2 data-section-id=\"11lnmjp\" data-start=\"3726\" data-end=\"3772\">L\u2019importance du lift pour les d\u00e9m\u00e9nagements<\/h2>\n<p data-start=\"3774\" data-end=\"3909\">Dans de nombreux immeubles bruxellois, transporter des meubles par les escaliers est compliqu\u00e9, voire impossible pour certains volumes.<\/p>\n<p data-start=\"3911\" data-end=\"3986\">Chez <strong data-start=\"3916\" data-end=\"3934\">Belgium Movers<\/strong>, nous utilisons des <strong data-start=\"3955\" data-end=\"3979\">lifts professionnels<\/strong> pour :<\/p>\n<ul data-start=\"3988\" data-end=\"4178\">\n<li data-section-id=\"7y1brs\" data-start=\"3988\" data-end=\"4037\">\n<p data-start=\"3990\" data-end=\"4037\">Transporter rapidement les meubles volumineux<\/p>\n<\/li>\n<li data-section-id=\"qilb2h\" data-start=\"4038\" data-end=\"4082\">\n<p data-start=\"4040\" data-end=\"4082\">R\u00e9duire le risque d\u2019endommager vos biens<\/p>\n<\/li>\n<li data-section-id=\"cavl0l\" data-start=\"4083\" data-end=\"4137\">\n<p data-start=\"4085\" data-end=\"4137\">Assurer la s\u00e9curit\u00e9 des meubles et des techniciens<\/p>\n<\/li>\n<li data-section-id=\"1q2i76j\" data-start=\"4138\" data-end=\"4178\">\n<p data-start=\"4140\" data-end=\"4178\">Gagner du temps lors du d\u00e9m\u00e9nagement<\/p>\n<\/li>\n<\/ul>\n<p data-start=\"4180\" data-end=\"4346\">L\u2019utilisation d\u2019un lift est particuli\u00e8rement utile pour les appartements en \u00e9tage ou les immeubles anciens \u00e0 <strong data-start=\"4289\" data-end=\"4345\">Evere et dans les communes bruxelloises avoisinantes<\/strong>.<\/p>\n<hr data-start=\"4348\" data-end=\"4351\" \/>\n<h2 data-section-id=\"mo7v9c\" data-start=\"4353\" data-end=\"4406\">Nos services \u00e0 Evere et dans la r\u00e9gion bruxelloise<\/h2>\n<p data-start=\"4408\" data-end=\"4493\">Nous intervenons \u00e0 <strong data-start=\"4427\" data-end=\"4436\">Evere<\/strong>, mais \u00e9galement dans plusieurs communes bruxelloises :<\/p>\n<ul data-start=\"4495\" data-end=\"4687\">\n<li data-section-id=\"ju2ldb\" data-start=\"4495\" data-end=\"4513\">\n<p data-start=\"4497\" data-end=\"4513\"><strong data-start=\"4497\" data-end=\"4511\">Schaerbeek<\/strong><\/p>\n<\/li>\n<li data-section-id=\"6rneor\" data-start=\"4514\" data-end=\"4542\">\n<p data-start=\"4516\" data-end=\"4542\"><strong data-start=\"4516\" data-end=\"4540\">Woluwe-Saint-Lambert<\/strong><\/p>\n<\/li>\n<li data-section-id=\"jzlihv\" data-start=\"4543\" data-end=\"4570\">\n<p data-start=\"4545\" data-end=\"4570\"><strong data-start=\"4545\" data-end=\"4568\">Woluwe-Saint-Pierre<\/strong><\/p>\n<\/li>\n<li data-section-id=\"pcncjo\" data-start=\"4571\" data-end=\"4590\">\n<p data-start=\"4573\" data-end=\"4590\"><strong data-start=\"4573\" data-end=\"4588\">Saint-Josse<\/strong><\/p>\n<\/li>\n<li data-section-id=\"1gxnap\" data-start=\"4591\" data-end=\"4614\">\n<p data-start=\"4593\" data-end=\"4614\"><strong data-start=\"4593\" data-end=\"4612\">Bruxelles-Ville<\/strong><\/p>\n<\/li>\n<li data-section-id=\"eih3wh\" data-start=\"4615\" data-end=\"4687\">\n<p data-start=\"4617\" data-end=\"4687\"><strong data-start=\"4617\" data-end=\"4685\">Et les communes p\u00e9riph\u00e9riques comme Haren ou Neder-Over-Heembeek<\/strong><\/p>\n<\/li>\n<\/ul>\n<p data-start=\"4689\" data-end=\"4780\">Nous r\u00e9alisons \u00e9galement des d\u00e9m\u00e9nagements vers d\u2019autres grandes villes belges, notamment :<\/p>\n<ul data-start=\"4782\" data-end=\"4853\">\n<li data-section-id=\"1slrp11\" data-start=\"4782\" data-end=\"4796\">\n<p data-start=\"4784\" data-end=\"4796\"><strong data-start=\"4784\" data-end=\"4794\">Anvers<\/strong><\/p>\n<\/li>\n<li data-section-id=\"jwfzz8\" data-start=\"4797\" data-end=\"4809\">\n<p data-start=\"4799\" data-end=\"4809\"><strong data-start=\"4799\" data-end=\"4807\">Gand<\/strong><\/p>\n<\/li>\n<li data-section-id=\"1jrz0h3\" data-start=\"4810\" data-end=\"4823\">\n<p data-start=\"4812\" data-end=\"4823\"><strong data-start=\"4812\" data-end=\"4821\">Li\u00e8ge<\/strong><\/p>\n<\/li>\n<li data-section-id=\"1hlnpt9\" data-start=\"4824\" data-end=\"4841\">\n<p data-start=\"4826\" data-end=\"4841\"><strong data-start=\"4826\" data-end=\"4839\">Charleroi<\/strong><\/p>\n<\/li>\n<li data-section-id=\"ph7831\" data-start=\"4842\" data-end=\"4853\">\n<p data-start=\"4844\" data-end=\"4853\"><strong data-start=\"4844\" data-end=\"4853\">Namur<\/strong><\/p>\n<\/li>\n<\/ul>\n<p data-start=\"4855\" data-end=\"4984\">Cette large couverture nous permet de g\u00e9rer tous types de d\u00e9m\u00e9nagements, locaux ou interurbains, avec la m\u00eame qualit\u00e9 de service.<\/p>\n<hr data-start=\"4986\" data-end=\"4989\" \/>\n<h2 data-section-id=\"irvy4a\" data-start=\"4991\" data-end=\"5028\">Organisation de votre d\u00e9m\u00e9nagement<\/h2>\n<p data-start=\"5030\" data-end=\"5136\">Chaque d\u00e9m\u00e9nagement est unique. Nous analysons les \u00e9l\u00e9ments suivants pour choisir la meilleure strat\u00e9gie :<\/p>\n<ul data-start=\"5138\" data-end=\"5311\">\n<li data-section-id=\"1o8n0iy\" data-start=\"5138\" data-end=\"5173\">\n<p data-start=\"5140\" data-end=\"5173\">Le volume de meubles et cartons<\/p>\n<\/li>\n<li data-section-id=\"1h3muwh\" data-start=\"5174\" data-end=\"5216\">\n<p data-start=\"5176\" data-end=\"5216\">Le type de logement et l\u2019accessibilit\u00e9<\/p>\n<\/li>\n<li data-section-id=\"1jysnje\" data-start=\"5217\" data-end=\"5271\">\n<p data-start=\"5219\" data-end=\"5271\">Les contraintes li\u00e9es \u00e0 la rue ou au stationnement<\/p>\n<\/li>\n<li data-section-id=\"1jtllcs\" data-start=\"5272\" data-end=\"5311\">\n<p data-start=\"5274\" data-end=\"5311\">La distance entre les deux adresses<\/p>\n<\/li>\n<\/ul>\n<h3 data-section-id=\"143o1xx\" data-start=\"5313\" data-end=\"5338\">Chargement m\u00e9thodique<\/h3>\n<p data-start=\"5340\" data-end=\"5434\">Nos techniciens organisent les meubles et cartons dans le camion de mani\u00e8re strat\u00e9gique pour :<\/p>\n<ul data-start=\"5436\" data-end=\"5521\">\n<li data-section-id=\"of15o6\" data-start=\"5436\" data-end=\"5468\">\n<p data-start=\"5438\" data-end=\"5468\">Prot\u00e9ger les objets fragiles<\/p>\n<\/li>\n<li data-section-id=\"j3s5ni\" data-start=\"5469\" data-end=\"5491\">\n<p data-start=\"5471\" data-end=\"5491\">Optimiser l\u2019espace<\/p>\n<\/li>\n<li data-section-id=\"skbjrj\" data-start=\"5492\" data-end=\"5521\">\n<p data-start=\"5494\" data-end=\"5521\">Faciliter le d\u00e9chargement<\/p>\n<\/li>\n<\/ul>\n<h3 data-section-id=\"lb4cvc\" data-start=\"5523\" data-end=\"5545\">Transport s\u00e9curis\u00e9<\/h3>\n<p data-start=\"5547\" data-end=\"5655\">Chaque meuble est prot\u00e9g\u00e9 avec des couvertures et des sangles pour \u00e9viter tout dommage pendant le transport.<\/p>\n<h3 data-section-id=\"w8vs4w\" data-start=\"5657\" data-end=\"5689\">Adaptation \u00e0 l\u2019environnement<\/h3>\n<p data-start=\"5691\" data-end=\"5867\">Selon les contraintes, nous utilisons un <strong data-start=\"5732\" data-end=\"5763\">lift classique ou tractable<\/strong> pour garantir un d\u00e9m\u00e9nagement rapide et s\u00e9curis\u00e9, m\u00eame dans les rues \u00e9troites ou les immeubles anciens.<\/p>\n<hr data-start=\"5869\" data-end=\"5872\" \/>\n<h2 data-section-id=\"fa0lsk\" data-start=\"5874\" data-end=\"5921\">Conseils pour un d\u00e9m\u00e9nagement r\u00e9ussi \u00e0 Evere<\/h2>\n<ol data-start=\"5923\" data-end=\"6288\">\n<li data-section-id=\"1q9qk39\" data-start=\"5923\" data-end=\"5987\">\n<p data-start=\"5926\" data-end=\"5987\"><strong data-start=\"5926\" data-end=\"5984\">Commencez la pr\u00e9paration plusieurs semaines \u00e0 l\u2019avance<\/strong>.<\/p>\n<\/li>\n<li data-section-id=\"1hiwtgv\" data-start=\"5988\" data-end=\"6071\">\n<p data-start=\"5991\" data-end=\"6071\"><strong data-start=\"5991\" data-end=\"6023\">Prot\u00e9gez vos objets fragiles<\/strong> avec du papier bulle ou des housses adapt\u00e9es.<\/p>\n<\/li>\n<li data-section-id=\"1re1csu\" data-start=\"6072\" data-end=\"6131\">\n<p data-start=\"6075\" data-end=\"6131\"><strong data-start=\"6075\" data-end=\"6100\">\u00c9tiquetez les cartons<\/strong> pour un d\u00e9ballage simplifi\u00e9.<\/p>\n<\/li>\n<li data-section-id=\"ia1u5z\" data-start=\"6132\" data-end=\"6196\">\n<p data-start=\"6135\" data-end=\"6196\"><strong data-start=\"6135\" data-end=\"6167\">Pr\u00e9parez l\u2019acc\u00e8s au logement<\/strong> pour le camion et le lift.<\/p>\n<\/li>\n<li data-section-id=\"mi0wvg\" data-start=\"6197\" data-end=\"6288\">\n<p data-start=\"6200\" data-end=\"6288\"><strong data-start=\"6200\" data-end=\"6237\">Faites appel \u00e0 des professionnels<\/strong> pour transporter les meubles lourds ou volumineux.<\/p>\n<\/li>\n<\/ol>\n<hr data-start=\"6290\" data-end=\"6293\" \/>\n<h2 data-section-id=\"2iwvh3\" data-start=\"6295\" data-end=\"6322\">FAQ \u2013 D\u00e9m\u00e9nagement Evere<\/h2>\n<p data-start=\"6324\" data-end=\"6558\"><strong data-start=\"6324\" data-end=\"6370\">1. Combien de temps dure un d\u00e9m\u00e9nagement ?<\/strong><br data-start=\"6370\" data-end=\"6373\" \/>La dur\u00e9e d\u00e9pend du volume \u00e0 transporter et de la distance. Un petit appartement peut \u00eatre d\u00e9m\u00e9nag\u00e9 en quelques heures, tandis qu\u2019une maison compl\u00e8te peut n\u00e9cessiter une journ\u00e9e enti\u00e8re.<\/p>\n<p data-start=\"6560\" data-end=\"6751\"><strong data-start=\"6560\" data-end=\"6613\">2. L\u2019utilisation d\u2019un lift est-elle obligatoire ?<\/strong><br data-start=\"6613\" data-end=\"6616\" \/>Non, mais elle est fortement recommand\u00e9e pour les immeubles anciens ou pour les meubles volumineux. Cela garantit s\u00e9curit\u00e9 et rapidit\u00e9.<\/p>\n<p data-start=\"6753\" data-end=\"7069\"><strong data-start=\"6753\" data-end=\"6796\">3. Dans quelles zones intervenez-vous ?<\/strong><br data-start=\"6796\" data-end=\"6799\" \/>Nous intervenons \u00e0 <strong data-start=\"6818\" data-end=\"6827\">Evere<\/strong>, ainsi que dans les communes bruxelloises : <strong data-start=\"6872\" data-end=\"6959\">Schaerbeek, Woluwe-Saint-Lambert, Woluwe-Saint-Pierre, Saint-Josse, Bruxelles-Ville<\/strong>, et nous r\u00e9alisons aussi des d\u00e9m\u00e9nagements vers des villes comme <strong data-start=\"7025\" data-end=\"7068\">Anvers, Gand, Li\u00e8ge, Charleroi et Namur<\/strong>.<\/p>\n<p data-start=\"7071\" data-end=\"7222\"><strong data-start=\"7071\" data-end=\"7113\">4. Prot\u00e9gez-vous les objets fragiles ?<\/strong><br data-start=\"7113\" data-end=\"7116\" \/>Oui, nous prenons toutes les pr\u00e9cautions pour que vos meubles et objets fragiles arrivent en parfait \u00e9tat.<\/p>\n<p data-start=\"7224\" data-end=\"7394\"><strong data-start=\"7224\" data-end=\"7265\">5. Proposez-vous des devis gratuits ?<\/strong><br data-start=\"7265\" data-end=\"7268\" \/>Oui, nous offrons des <a href=\"https:\/\/belgium-movers.be\/contact-demenagement.html\" target=\"_blank\" rel=\"noopener\"><strong data-start=\"7286\" data-end=\"7325\">devis gratuits et personnalis\u00e9s<\/strong><\/a>, afin d\u2019organiser votre d\u00e9m\u00e9nagement dans les meilleures conditions.<\/p>\n<hr data-start=\"7396\" data-end=\"7399\" \/>\n<h2 data-section-id=\"e90o9l\" data-start=\"7401\" data-end=\"7419\">Nos engagements<\/h2>\n<p data-start=\"7421\" data-end=\"7467\">Chez <strong data-start=\"7426\" data-end=\"7444\">Belgium Movers<\/strong>, nous garantissons :<\/p>\n<ul data-start=\"7469\" data-end=\"7652\">\n<li data-section-id=\"19mc4je\" data-start=\"7469\" data-end=\"7523\">\n<p data-start=\"7471\" data-end=\"7523\">La manipulation soigneuse de vos meubles et objets<\/p>\n<\/li>\n<li data-section-id=\"9s54mu\" data-start=\"7524\" data-end=\"7558\">\n<p data-start=\"7526\" data-end=\"7558\">Le respect des d\u00e9lais convenus<\/p>\n<\/li>\n<li data-section-id=\"to6ho4\" data-start=\"7559\" data-end=\"7609\">\n<p data-start=\"7561\" data-end=\"7609\">L\u2019utilisation de mat\u00e9riel professionnel adapt\u00e9<\/p>\n<\/li>\n<li data-section-id=\"1q69nf9\" data-start=\"7610\" data-end=\"7652\">\n<p data-start=\"7612\" data-end=\"7652\">Une organisation efficace et s\u00e9curis\u00e9e<\/p>\n<\/li>\n<\/ul>\n<p data-start=\"7654\" data-end=\"7819\">Gr\u00e2ce \u00e0 notre exp\u00e9rience et \u00e0 nos <strong data-start=\"7688\" data-end=\"7712\">lifts professionnels<\/strong>, nous assurons des d\u00e9m\u00e9nagements rapides et s\u00e9curis\u00e9s dans <strong data-start=\"7772\" data-end=\"7818\">Evere, Bruxelles et dans toute la <a href=\"https:\/\/fr.wikipedia.org\/wiki\/Belgique\" target=\"_blank\" rel=\"noopener\">Belgique<\/a><\/strong>.<\/p>\n<hr data-start=\"7821\" data-end=\"7824\" \/>\n<h2 data-section-id=\"8dtpi\" data-start=\"7826\" data-end=\"7839\">Conclusion<\/h2>\n<p data-start=\"7841\" data-end=\"8152\">D\u00e9m\u00e9nager \u00e0 <strong data-start=\"7853\" data-end=\"7862\">Evere<\/strong> ou dans les communes bruxelloises voisines peut pr\u00e9senter des d\u00e9fis, notamment \u00e0 cause des immeubles anciens, des rues \u00e9troites ou du transport de meubles volumineux. Faire appel \u00e0 des professionnels vous permet de simplifier cette \u00e9tape et de b\u00e9n\u00e9ficier d\u2019un d\u00e9m\u00e9nagement s\u00fbr et organis\u00e9.<\/p>\n<p data-start=\"8154\" data-end=\"8389\">Chez <strong data-start=\"8159\" data-end=\"8177\">Belgium Movers<\/strong>, nous intervenons \u00e0 <strong data-start=\"8198\" data-end=\"8294\">Evere, Schaerbeek, Woluwe-Saint-Lambert, Woluwe-Saint-Pierre, Saint-Josse et Bruxelles-Ville<\/strong>, ainsi que dans les grandes villes belges comme <strong data-start=\"8343\" data-end=\"8386\">Anvers, Gand, Li\u00e8ge, Charleroi et Namur<\/strong>.<\/p>\n<p data-start=\"8391\" data-end=\"8527\">Gr\u00e2ce \u00e0 notre \u00e9quipe exp\u00e9riment\u00e9e et \u00e0 nos <strong data-start=\"8434\" data-end=\"8458\">lifts professionnels<\/strong>, nous garantissons un d\u00e9m\u00e9nagement efficace, s\u00e9curis\u00e9 et organis\u00e9.<\/p>\n<p data-start=\"8529\" data-end=\"8724\">Nous proposons des <a href=\"https:\/\/fr.wikipedia.org\/wiki\/Belgique\" target=\"_blank\" rel=\"noopener\"><strong data-start=\"8544\" data-end=\"8583\">devis gratuits <\/strong><\/a>et personnalis\u00e9s. <strong data-start=\"8585\" data-end=\"8619\"><a href=\"https:\/\/fr.wikipedia.org\/wiki\/Belgique\" target=\"_blank\" rel=\"noopener\">Contactez-nous<\/a> <\/strong>d\u00e8s aujourd\u2019hui pour planifier votre d\u00e9m\u00e9nagement \u00e0 Evere et b\u00e9n\u00e9ficier d\u2019un service professionnel adapt\u00e9 \u00e0 vos besoins.<\/p>\n","protected":false},"excerpt":{"rendered":"<p>D\u00e9m\u00e9nager peut \u00eatre une exp\u00e9rience stressante si elle n\u2019est pas bien planifi\u00e9e. Entre la pr\u00e9paration des cartons, le transport des meubles et les contraintes li\u00e9es aux acc\u00e8s aux immeubles, il est essentiel de faire appel \u00e0 une \u00e9quipe professionnelle pour garantir un d\u00e9m\u00e9nagement efficace et s\u00e9curis\u00e9. Chez Belgium Movers, nous proposons un service de d\u00e9m\u00e9nagement&hellip;<\/p>\n","protected":false},"author":1,"featured_media":220,"parent":0,"menu_order":0,"comment_status":"closed","ping_status":"closed","template":"","meta":{"footnotes":""},"class_list":["post-216","page","type-page","status-publish","has-post-thumbnail","hentry"],"_links":{"self":[{"href":"https:\/\/belgium-movers.be\/blog\/wp-json\/wp\/v2\/pages\/216","targetHints":{"allow":["GET"]}}],"collection":[{"href":"https:\/\/belgium-movers.be\/blog\/wp-json\/wp\/v2\/pages"}],"about":[{"href":"https:\/\/belgium-movers.be\/blog\/wp-json\/wp\/v2\/types\/page"}],"author":[{"embeddable":true,"href":"https:\/\/belgium-movers.be\/blog\/wp-json\/wp\/v2\/users\/1"}],"replies":[{"embeddable":true,"href":"https:\/\/belgium-movers.be\/blog\/wp-json\/wp\/v2\/comments?post=216"}],"version-history":[{"count":1,"href":"https:\/\/belgium-movers.be\/blog\/wp-json\/wp\/v2\/pages\/216\/revisions"}],"predecessor-version":[{"id":221,"href":"https:\/\/belgium-movers.be\/blog\/wp-json\/wp\/v2\/pages\/216\/revisions\/221"}],"wp:featuredmedia":[{"embeddable":true,"href":"https:\/\/belgium-movers.be\/blog\/wp-json\/wp\/v2\/media\/220"}],"wp:attachment":[{"href":"https:\/\/belgium-movers.be\/blog\/wp-json\/wp\/v2\/media?parent=216"}],"curies":[{"name":"wp","href":"https:\/\/api.w.org\/{rel}","templated":true}]}}