{"id":212,"date":"2026-03-11T10:19:04","date_gmt":"2026-03-11T09:19:04","guid":{"rendered":"https:\/\/belgium-movers.be\/blog\/?page_id=212"},"modified":"2026-03-11T10:19:04","modified_gmt":"2026-03-11T09:19:04","slug":"demenagement-jette","status":"publish","type":"page","link":"https:\/\/belgium-movers.be\/blog\/demenagement-jette\/","title":{"rendered":"D\u00e9m\u00e9nagement Jette"},"content":{"rendered":"<p data-start=\"380\" data-end=\"728\">Organiser un d\u00e9m\u00e9nagement demande du temps, de la pr\u00e9paration et une bonne organisation. Entre la pr\u00e9paration des cartons, le transport des meubles et les contraintes li\u00e9es \u00e0 l\u2019acc\u00e8s aux immeubles, il peut \u00eatre difficile de g\u00e9rer toutes les \u00e9tapes seul. C\u2019est pourquoi faire appel \u00e0 une entreprise professionnelle est souvent la meilleure solution.<\/p>\n<p data-start=\"730\" data-end=\"1081\">Chez <a href=\"https:\/\/belgium-movers.be\/\" target=\"_blank\" rel=\"noopener\"><strong data-start=\"735\" data-end=\"753\">Belgium Movers<\/strong><\/a>, nous proposons un service de <strong data-start=\"784\" data-end=\"808\">d\u00e9m\u00e9nagement \u00e0 Jette<\/strong> et dans toute la r\u00e9gion bruxelloise. Notre \u00e9quipe intervient \u00e9galement dans les communes voisines comme <strong data-start=\"913\" data-end=\"982\"><a href=\"https:\/\/belgium-movers.be\/blog\/demenagement-forest\/\" target=\"_blank\" rel=\"noopener\">Forest<\/a>, <a href=\"https:\/\/belgium-movers.be\/blog\/demenagement-koekelberg\/\" target=\"_blank\" rel=\"noopener\">Koekelberg<\/a>, <a href=\"https:\/\/belgium-movers.be\/blog\/demenagement-laeken\/\" target=\"_blank\" rel=\"noopener\">Laeken<\/a>, <a href=\"https:\/\/belgium-movers.be\/blog\/demenagement-anderlecht\/\" target=\"_blank\" rel=\"noopener\">Anderlecht<\/a> et <a href=\"https:\/\/belgium-movers.be\/blog\/demenagement-uccle\/\" target=\"_blank\" rel=\"noopener\">Uccle<\/a><\/strong>, mais aussi dans les grandes villes belges telles que <strong data-start=\"1037\" data-end=\"1080\"><a href=\"https:\/\/fr.wikipedia.org\/wiki\/Anvers\" target=\"_blank\" rel=\"noopener\">Anvers<\/a>, <a href=\"https:\/\/fr.wikipedia.org\/wiki\/Gand\" target=\"_blank\" rel=\"noopener\">Gand<\/a>, <a href=\"https:\/\/fr.wikipedia.org\/wiki\/Li%C3%A8ge\" target=\"_blank\" rel=\"noopener\">Li\u00e8ge<\/a>, <a href=\"https:\/\/fr.wikipedia.org\/wiki\/Charleroi\" target=\"_blank\" rel=\"noopener\">Charleroi<\/a> ou <a href=\"https:\/\/fr.wikipedia.org\/wiki\/Namur\" target=\"_blank\" rel=\"noopener\">Namur<\/a><\/strong>.<\/p>\n<p data-start=\"1083\" data-end=\"1312\">Gr\u00e2ce \u00e0 notre exp\u00e9rience et \u00e0 notre mat\u00e9riel professionnel, notamment nos <strong data-start=\"1157\" data-end=\"1190\">lifts pour meubles volumineux<\/strong>, nous sommes capables de g\u00e9rer tous types de d\u00e9m\u00e9nagements, qu\u2019il s\u2019agisse d\u2019un appartement, d\u2019une maison ou d\u2019un bureau.<\/p>\n<hr data-start=\"1314\" data-end=\"1317\" \/>\n<h2 data-section-id=\"8gu3bc\" data-start=\"1319\" data-end=\"1365\">Jette : une commune agr\u00e9able et bien situ\u00e9e<\/h2>\n<p data-start=\"1367\" data-end=\"1669\">Situ\u00e9e dans le nord-ouest de Bruxelles, <strong data-start=\"1407\" data-end=\"1416\">Jette<\/strong> est une commune appr\u00e9ci\u00e9e pour son ambiance r\u00e9sidentielle et sa proximit\u00e9 avec le centre de la capitale. Elle offre un bon \u00e9quilibre entre zones urbaines et espaces verts, ce qui en fait un lieu de vie attractif pour les familles et les professionnels.<\/p>\n<p data-start=\"1671\" data-end=\"1708\">Parmi les caract\u00e9ristiques de Jette :<\/p>\n<ul data-start=\"1710\" data-end=\"1919\">\n<li data-section-id=\"d6r0oe\" data-start=\"1710\" data-end=\"1759\">\n<p data-start=\"1712\" data-end=\"1759\">pr\u00e9sence de <strong data-start=\"1724\" data-end=\"1757\">quartiers r\u00e9sidentiels calmes<\/strong><\/p>\n<\/li>\n<li data-section-id=\"122otiz\" data-start=\"1760\" data-end=\"1815\">\n<p data-start=\"1762\" data-end=\"1815\">m\u00e9lange d\u2019<strong data-start=\"1772\" data-end=\"1813\">appartements et de maisons familiales<\/strong><\/p>\n<\/li>\n<li data-section-id=\"sxd0v7\" data-start=\"1816\" data-end=\"1878\">\n<p data-start=\"1818\" data-end=\"1878\">proximit\u00e9 avec les transports en commun et les grands axes<\/p>\n<\/li>\n<li data-section-id=\"ytqg16\" data-start=\"1879\" data-end=\"1919\">\n<p data-start=\"1881\" data-end=\"1919\">pr\u00e9sence de <strong data-start=\"1893\" data-end=\"1919\">parcs et espaces verts<\/strong><\/p>\n<\/li>\n<\/ul>\n<p data-start=\"1921\" data-end=\"2250\">Comme dans de nombreuses communes bruxelloises, certains immeubles sont anciens et peuvent pr\u00e9senter des contraintes pour les d\u00e9m\u00e9nagements, notamment des <strong data-start=\"2076\" data-end=\"2122\">escaliers \u00e9troits ou l\u2019absence d\u2019ascenseur<\/strong>. Dans ces situations, l\u2019utilisation d\u2019un <strong data-start=\"2164\" data-end=\"2186\">lift professionnel<\/strong> permet de simplifier consid\u00e9rablement le transport des meubles.<\/p>\n<hr data-start=\"2252\" data-end=\"2255\" \/>\n<h2 data-section-id=\"1pas3y\" data-start=\"2257\" data-end=\"2323\">Pourquoi choisir une entreprise de d\u00e9m\u00e9nagement professionnelle<\/h2>\n<p data-start=\"2325\" data-end=\"2487\">Un d\u00e9m\u00e9nagement peut sembler simple au premier abord, mais il peut rapidement devenir compliqu\u00e9 si l\u2019on ne dispose pas du mat\u00e9riel ou de l\u2019exp\u00e9rience n\u00e9cessaires.<\/p>\n<p data-start=\"2489\" data-end=\"2564\">Faire appel \u00e0 une entreprise de d\u00e9m\u00e9nagement pr\u00e9sente plusieurs avantages :<\/p>\n<ul data-start=\"2566\" data-end=\"2762\">\n<li data-section-id=\"1xhgacq\" data-start=\"2566\" data-end=\"2616\">\n<p data-start=\"2568\" data-end=\"2616\"><strong data-start=\"2568\" data-end=\"2585\">gain de temps<\/strong> gr\u00e2ce \u00e0 une \u00e9quipe organis\u00e9e<\/p>\n<\/li>\n<li data-section-id=\"1o43hts\" data-start=\"2617\" data-end=\"2669\">\n<p data-start=\"2619\" data-end=\"2669\"><strong data-start=\"2619\" data-end=\"2667\">s\u00e9curit\u00e9 pour vos meubles et objets fragiles<\/strong><\/p>\n<\/li>\n<li data-section-id=\"1rsemtk\" data-start=\"2670\" data-end=\"2715\">\n<p data-start=\"2672\" data-end=\"2715\"><strong data-start=\"2672\" data-end=\"2713\">utilisation de mat\u00e9riel professionnel<\/strong><\/p>\n<\/li>\n<li data-section-id=\"14ncsc7\" data-start=\"2716\" data-end=\"2762\">\n<p data-start=\"2718\" data-end=\"2762\"><strong data-start=\"2718\" data-end=\"2762\">adaptation aux contraintes des b\u00e2timents<\/strong><\/p>\n<\/li>\n<\/ul>\n<p data-start=\"2764\" data-end=\"2874\">Chez <strong data-start=\"2769\" data-end=\"2787\">Belgium Movers<\/strong>, nous mettons tout en \u0153uvre pour assurer un d\u00e9m\u00e9nagement rapide, efficace et s\u00e9curis\u00e9.<\/p>\n<hr data-start=\"2876\" data-end=\"2879\" \/>\n<h2 data-section-id=\"1g87tjw\" data-start=\"2881\" data-end=\"2919\">Pr\u00e9parer votre d\u00e9m\u00e9nagement \u00e0 Jette<\/h2>\n<p data-start=\"2921\" data-end=\"3005\">Une bonne pr\u00e9paration permet d\u2019\u00e9viter de nombreux probl\u00e8mes le jour du d\u00e9m\u00e9nagement.<\/p>\n<h3 data-section-id=\"1koih4m\" data-start=\"3007\" data-end=\"3029\">Trier ses affaires<\/h3>\n<p><img loading=\"lazy\" decoding=\"async\" class=\"alignnone size-medium wp-image-214\" src=\"https:\/\/belgium-movers.be\/blog\/wp-content\/uploads\/2026\/03\/rangement-cartons-demenageur-200x300.jpg\" alt=\"\" width=\"200\" height=\"300\" srcset=\"https:\/\/belgium-movers.be\/blog\/wp-content\/uploads\/2026\/03\/rangement-cartons-demenageur-200x300.jpg 200w, https:\/\/belgium-movers.be\/blog\/wp-content\/uploads\/2026\/03\/rangement-cartons-demenageur-683x1024.jpg 683w, https:\/\/belgium-movers.be\/blog\/wp-content\/uploads\/2026\/03\/rangement-cartons-demenageur-768x1152.jpg 768w, https:\/\/belgium-movers.be\/blog\/wp-content\/uploads\/2026\/03\/rangement-cartons-demenageur-1024x1536.jpg 1024w, https:\/\/belgium-movers.be\/blog\/wp-content\/uploads\/2026\/03\/rangement-cartons-demenageur-1365x2048.jpg 1365w, https:\/\/belgium-movers.be\/blog\/wp-content\/uploads\/2026\/03\/rangement-cartons-demenageur-scaled.jpg 1706w\" sizes=\"auto, (max-width: 200px) 100vw, 200px\" \/><\/p>\n<p data-start=\"3031\" data-end=\"3107\">Avant de commencer \u00e0 emballer vos objets, il est conseill\u00e9 de faire un tri :<\/p>\n<ul data-start=\"3109\" data-end=\"3199\">\n<li data-section-id=\"1f6trcg\" data-start=\"3109\" data-end=\"3132\">\n<p data-start=\"3111\" data-end=\"3132\">les objets \u00e0 garder<\/p>\n<\/li>\n<li data-section-id=\"1goqf3\" data-start=\"3133\" data-end=\"3166\">\n<p data-start=\"3135\" data-end=\"3166\">les objets \u00e0 vendre ou donner<\/p>\n<\/li>\n<li data-section-id=\"yhwf2s\" data-start=\"3167\" data-end=\"3199\">\n<p data-start=\"3169\" data-end=\"3199\">les objets \u00e0 recycler ou jeter<\/p>\n<\/li>\n<\/ul>\n<p data-start=\"3201\" data-end=\"3281\">Cela permet de r\u00e9duire le volume \u00e0 transporter et de simplifier le d\u00e9m\u00e9nagement.<\/p>\n<h3 data-section-id=\"2sbbjd\" data-start=\"3283\" data-end=\"3312\">Bien emballer ses cartons<\/h3>\n<p data-start=\"3314\" data-end=\"3340\">Pour prot\u00e9ger vos objets :<\/p>\n<ul data-start=\"3342\" data-end=\"3522\">\n<li data-section-id=\"ypmh7x\" data-start=\"3342\" data-end=\"3389\">\n<p data-start=\"3344\" data-end=\"3389\">utilisez des <strong data-start=\"3357\" data-end=\"3387\">cartons solides et adapt\u00e9s<\/strong><\/p>\n<\/li>\n<li data-section-id=\"5l0812\" data-start=\"3390\" data-end=\"3466\">\n<p data-start=\"3392\" data-end=\"3466\">prot\u00e9gez les objets fragiles avec du <strong data-start=\"3429\" data-end=\"3464\">papier bulle ou des couvertures<\/strong><\/p>\n<\/li>\n<li data-section-id=\"hmg32g\" data-start=\"3467\" data-end=\"3522\">\n<p data-start=\"3469\" data-end=\"3522\">\u00e9tiquetez chaque carton selon la pi\u00e8ce correspondante<\/p>\n<\/li>\n<\/ul>\n<p data-start=\"3524\" data-end=\"3593\">Cette organisation facilite le d\u00e9ballage dans votre nouveau logement.<\/p>\n<h3 data-section-id=\"znvofh\" data-start=\"3595\" data-end=\"3627\">Pr\u00e9parer l\u2019acc\u00e8s au b\u00e2timent<\/h3>\n<p data-start=\"3629\" data-end=\"3829\">Dans certaines rues de <strong data-start=\"3652\" data-end=\"3686\">Jette, Ganshoren ou Koekelberg<\/strong>, le stationnement peut \u00eatre limit\u00e9. Il est donc conseill\u00e9 de pr\u00e9voir un espace pour le camion de d\u00e9m\u00e9nagement et, si n\u00e9cessaire, pour le lift.<\/p>\n<hr data-start=\"3831\" data-end=\"3834\" \/>\n<h2 data-section-id=\"hcmo\" data-start=\"3836\" data-end=\"3891\">L\u2019importance du lift pour les d\u00e9m\u00e9nagements en \u00e9tage<\/h2>\n<p data-start=\"3893\" data-end=\"4027\">Dans de nombreux immeubles bruxellois, les escaliers sont \u00e9troits et ne permettent pas toujours de transporter des meubles volumineux.<\/p>\n<p data-start=\"4029\" data-end=\"4131\">C\u2019est pourquoi <strong data-start=\"4044\" data-end=\"4062\">Belgium Movers<\/strong> utilise des <strong data-start=\"4075\" data-end=\"4099\">lifts professionnels<\/strong> pour faciliter le d\u00e9m\u00e9nagement.<\/p>\n<p data-start=\"4133\" data-end=\"4156\">Les avantages du lift :<\/p>\n<ul data-start=\"4158\" data-end=\"4314\">\n<li data-section-id=\"1dwkos5\" data-start=\"4158\" data-end=\"4201\">\n<p data-start=\"4160\" data-end=\"4201\">transport rapide des meubles volumineux<\/p>\n<\/li>\n<li data-section-id=\"zv2cbz\" data-start=\"4202\" data-end=\"4239\">\n<p data-start=\"4204\" data-end=\"4239\">r\u00e9duction des risques de dommages<\/p>\n<\/li>\n<li data-section-id=\"1ej4s2p\" data-start=\"4240\" data-end=\"4288\">\n<p data-start=\"4242\" data-end=\"4288\">s\u00e9curit\u00e9 pour les meubles et les techniciens<\/p>\n<\/li>\n<li data-section-id=\"1bztadt\" data-start=\"4289\" data-end=\"4314\">\n<p data-start=\"4291\" data-end=\"4314\">gain de temps important<\/p>\n<\/li>\n<\/ul>\n<p data-start=\"4316\" data-end=\"4494\">L\u2019utilisation d\u2019un lift est particuli\u00e8rement utile pour les appartements situ\u00e9s aux \u00e9tages ou dans les immeubles anciens pr\u00e9sents \u00e0 <strong data-start=\"4448\" data-end=\"4493\">Jette et dans toute la r\u00e9gion bruxelloise<\/strong>.<\/p>\n<hr data-start=\"4496\" data-end=\"4499\" \/>\n<h2 data-section-id=\"10iu12k\" data-start=\"4501\" data-end=\"4555\">Nos services \u00e0 Jette et dans la r\u00e9gion de Bruxelles<\/h2>\n<p data-start=\"4557\" data-end=\"4638\">Notre \u00e9quipe intervient \u00e0 <strong data-start=\"4583\" data-end=\"4592\">Jette<\/strong>, mais aussi dans plusieurs communes proches :<\/p>\n<ul data-start=\"4640\" data-end=\"4786\">\n<li data-section-id=\"blowrx\" data-start=\"4640\" data-end=\"4657\">\n<p data-start=\"4642\" data-end=\"4657\"><strong data-start=\"4642\" data-end=\"4655\">Ganshoren<\/strong><\/p>\n<\/li>\n<li data-section-id=\"109jvy1\" data-start=\"4658\" data-end=\"4676\">\n<p data-start=\"4660\" data-end=\"4676\"><strong data-start=\"4660\" data-end=\"4674\">Koekelberg<\/strong><\/p>\n<\/li>\n<li data-section-id=\"scf7wg\" data-start=\"4677\" data-end=\"4691\">\n<p data-start=\"4679\" data-end=\"4691\"><strong data-start=\"4679\" data-end=\"4689\">Laeken<\/strong><\/p>\n<\/li>\n<li data-section-id=\"c1vxno\" data-start=\"4692\" data-end=\"4721\">\n<p data-start=\"4694\" data-end=\"4721\"><strong data-start=\"4694\" data-end=\"4719\">Berchem-Sainte-Agathe<\/strong><\/p>\n<\/li>\n<li data-section-id=\"d8hbgl\" data-start=\"4722\" data-end=\"4750\">\n<p data-start=\"4724\" data-end=\"4750\"><strong data-start=\"4724\" data-end=\"4748\">Molenbeek-Saint-Jean<\/strong><\/p>\n<\/li>\n<li data-section-id=\"z7mvsy\" data-start=\"4751\" data-end=\"4769\">\n<p data-start=\"4753\" data-end=\"4769\"><strong data-start=\"4753\" data-end=\"4767\">Anderlecht<\/strong><\/p>\n<\/li>\n<li data-section-id=\"5oxy27\" data-start=\"4770\" data-end=\"4786\">\n<p data-start=\"4772\" data-end=\"4786\"><strong data-start=\"4772\" data-end=\"4786\">Schaerbeek<\/strong><\/p>\n<\/li>\n<\/ul>\n<p data-start=\"4788\" data-end=\"4888\">Nous r\u00e9alisons \u00e9galement des d\u00e9m\u00e9nagements vers d\u2019autres villes importantes en Belgique, notamment :<\/p>\n<ul data-start=\"4890\" data-end=\"4961\">\n<li data-section-id=\"1slrp11\" data-start=\"4890\" data-end=\"4904\">\n<p data-start=\"4892\" data-end=\"4904\"><strong data-start=\"4892\" data-end=\"4902\">Anvers<\/strong><\/p>\n<\/li>\n<li data-section-id=\"jwfzz8\" data-start=\"4905\" data-end=\"4917\">\n<p data-start=\"4907\" data-end=\"4917\"><strong data-start=\"4907\" data-end=\"4915\">Gand<\/strong><\/p>\n<\/li>\n<li data-section-id=\"1jrz0h3\" data-start=\"4918\" data-end=\"4931\">\n<p data-start=\"4920\" data-end=\"4931\"><strong data-start=\"4920\" data-end=\"4929\">Li\u00e8ge<\/strong><\/p>\n<\/li>\n<li data-section-id=\"1hlnpt9\" data-start=\"4932\" data-end=\"4949\">\n<p data-start=\"4934\" data-end=\"4949\"><strong data-start=\"4934\" data-end=\"4947\">Charleroi<\/strong><\/p>\n<\/li>\n<li data-section-id=\"ph7831\" data-start=\"4950\" data-end=\"4961\">\n<p data-start=\"4952\" data-end=\"4961\"><strong data-start=\"4952\" data-end=\"4961\">Namur<\/strong><\/p>\n<\/li>\n<\/ul>\n<p data-start=\"4963\" data-end=\"5058\">Cette couverture nous permet de vous accompagner pour des d\u00e9m\u00e9nagements locaux ou interurbains.<\/p>\n<hr data-start=\"5060\" data-end=\"5063\" \/>\n<h2 data-section-id=\"x6j4yg\" data-start=\"5065\" data-end=\"5114\">Une organisation adapt\u00e9e \u00e0 chaque d\u00e9m\u00e9nagement<\/h2>\n<p data-start=\"5116\" data-end=\"5231\">Chaque d\u00e9m\u00e9nagement est unique. C\u2019est pourquoi nous analysons plusieurs \u00e9l\u00e9ments avant d\u2019organiser l\u2019intervention :<\/p>\n<ul data-start=\"5233\" data-end=\"5393\">\n<li data-section-id=\"1pfxtu2\" data-start=\"5233\" data-end=\"5268\">\n<p data-start=\"5235\" data-end=\"5268\">le volume de meubles et cartons<\/p>\n<\/li>\n<li data-section-id=\"1i33hod\" data-start=\"5269\" data-end=\"5300\">\n<p data-start=\"5271\" data-end=\"5300\">l\u2019accessibilit\u00e9 du b\u00e2timent<\/p>\n<\/li>\n<li data-section-id=\"1pni530\" data-start=\"5301\" data-end=\"5340\">\n<p data-start=\"5303\" data-end=\"5340\">la distance entre les deux adresses<\/p>\n<\/li>\n<li data-section-id=\"t4j74a\" data-start=\"5341\" data-end=\"5393\">\n<p data-start=\"5343\" data-end=\"5393\">les contraintes li\u00e9es \u00e0 la rue ou au stationnement<\/p>\n<\/li>\n<\/ul>\n<h3 data-section-id=\"143o1xx\" data-start=\"5395\" data-end=\"5420\">Chargement m\u00e9thodique<\/h3>\n<p data-start=\"5422\" data-end=\"5514\">Nos techniciens placent les meubles et cartons de mani\u00e8re organis\u00e9e dans le camion afin de :<\/p>\n<ul data-start=\"5516\" data-end=\"5599\">\n<li data-section-id=\"uzux06\" data-start=\"5516\" data-end=\"5548\">\n<p data-start=\"5518\" data-end=\"5548\">prot\u00e9ger les objets fragiles<\/p>\n<\/li>\n<li data-section-id=\"1bav37i\" data-start=\"5549\" data-end=\"5571\">\n<p data-start=\"5551\" data-end=\"5571\">optimiser l\u2019espace<\/p>\n<\/li>\n<li data-section-id=\"16f6wj3\" data-start=\"5572\" data-end=\"5599\">\n<p data-start=\"5574\" data-end=\"5599\">faciliter le d\u00e9chargement<\/p>\n<\/li>\n<\/ul>\n<h3 data-section-id=\"lb4cvc\" data-start=\"5601\" data-end=\"5623\">Transport s\u00e9curis\u00e9<\/h3>\n<p data-start=\"5625\" data-end=\"5737\">Tous les meubles sont prot\u00e9g\u00e9s avec des couvertures et des sangles afin d\u2019\u00e9viter les chocs pendant le transport.<\/p>\n<h3 data-section-id=\"1nhszbd\" data-start=\"5739\" data-end=\"5781\">Adaptation aux contraintes du b\u00e2timent<\/h3>\n<p data-start=\"5783\" data-end=\"5931\">Selon les contraintes d\u2019acc\u00e8s, nous pouvons utiliser un <strong data-start=\"5839\" data-end=\"5878\">lift classique ou un lift tractable<\/strong> afin de garantir un d\u00e9m\u00e9nagement rapide et efficace.<\/p>\n<hr data-start=\"5933\" data-end=\"5936\" \/>\n<h2 data-section-id=\"fm7e2n\" data-start=\"5938\" data-end=\"5985\">Conseils pour un d\u00e9m\u00e9nagement r\u00e9ussi \u00e0 Jette<\/h2>\n<p data-start=\"5987\" data-end=\"6047\">Voici quelques conseils pour simplifier votre d\u00e9m\u00e9nagement :<\/p>\n<ol data-start=\"6049\" data-end=\"6348\">\n<li data-section-id=\"1hjpsm\" data-start=\"6049\" data-end=\"6114\">\n<p data-start=\"6052\" data-end=\"6114\"><strong data-start=\"6052\" data-end=\"6112\">Commencez les pr\u00e9paratifs plusieurs semaines \u00e0 l\u2019avance.<\/strong><\/p>\n<\/li>\n<li data-section-id=\"b2dnt1\" data-start=\"6115\" data-end=\"6167\">\n<p data-start=\"6118\" data-end=\"6167\"><strong data-start=\"6118\" data-end=\"6165\">Emballez soigneusement vos objets fragiles.<\/strong><\/p>\n<\/li>\n<li data-section-id=\"rlcdda\" data-start=\"6168\" data-end=\"6229\">\n<p data-start=\"6171\" data-end=\"6229\"><strong data-start=\"6171\" data-end=\"6227\">\u00c9tiquetez vos cartons pour faciliter l\u2019installation.<\/strong><\/p>\n<\/li>\n<li data-section-id=\"g21rqo\" data-start=\"6230\" data-end=\"6282\">\n<p data-start=\"6233\" data-end=\"6282\"><strong data-start=\"6233\" data-end=\"6280\">Pr\u00e9parez l\u2019acc\u00e8s pour le camion et le lift.<\/strong><\/p>\n<\/li>\n<li data-section-id=\"hqep9c\" data-start=\"6283\" data-end=\"6348\">\n<p data-start=\"6286\" data-end=\"6348\"><strong data-start=\"6286\" data-end=\"6348\">Faites appel \u00e0 des professionnels pour les meubles lourds.<\/strong><\/p>\n<\/li>\n<\/ol>\n<p data-start=\"6350\" data-end=\"6444\">Une bonne organisation permet de r\u00e9duire le stress et de rendre le d\u00e9m\u00e9nagement plus agr\u00e9able.<\/p>\n<hr data-start=\"6446\" data-end=\"6449\" \/>\n<h2 data-section-id=\"2o61to\" data-start=\"6451\" data-end=\"6478\">FAQ \u2013 D\u00e9m\u00e9nagement Jette<\/h2>\n<h3 data-section-id=\"1b6qia5\" data-start=\"6480\" data-end=\"6523\">Combien de temps dure un d\u00e9m\u00e9nagement ?<\/h3>\n<p data-start=\"6525\" data-end=\"6727\">La dur\u00e9e d\u00e9pend du volume de meubles et de la distance entre les logements. Un petit appartement peut \u00eatre d\u00e9m\u00e9nag\u00e9 en quelques heures, tandis qu\u2019une maison compl\u00e8te peut n\u00e9cessiter une journ\u00e9e enti\u00e8re.<\/p>\n<h3 data-section-id=\"27f7i2\" data-start=\"6729\" data-end=\"6779\">L\u2019utilisation d\u2019un lift est-elle obligatoire ?<\/h3>\n<p data-start=\"6781\" data-end=\"6922\">Elle n\u2019est pas obligatoire, mais elle est fortement recommand\u00e9e pour les appartements situ\u00e9s \u00e0 l\u2019\u00e9tage ou lorsque les escaliers sont \u00e9troits.<\/p>\n<h3 data-section-id=\"1rf4hrj\" data-start=\"6924\" data-end=\"6964\">Dans quelles zones intervenez-vous ?<\/h3>\n<p data-start=\"6966\" data-end=\"7144\">Nous intervenons \u00e0 <strong data-start=\"6985\" data-end=\"6994\">Jette<\/strong>, mais aussi dans les communes de <strong data-start=\"7028\" data-end=\"7109\">Ganshoren, Koekelberg, Laeken, Berchem-Sainte-Agathe, Molenbeek et Anderlecht<\/strong>, ainsi que dans toute la Belgique.<\/p>\n<h3 data-section-id=\"2bz07x\" data-start=\"7146\" data-end=\"7185\">Prot\u00e9gez-vous les objets fragiles ?<\/h3>\n<p data-start=\"7187\" data-end=\"7313\">Oui. Nos \u00e9quipes utilisent des protections adapt\u00e9es pour garantir que vos meubles et objets fragiles arrivent en parfait \u00e9tat.<\/p>\n<h3 data-section-id=\"1j5qn69\" data-start=\"7315\" data-end=\"7353\">Proposez-vous des devis gratuits ?<\/h3>\n<p data-start=\"7355\" data-end=\"7482\">Oui, nous proposons des <strong data-start=\"7375\" data-end=\"7414\"><a href=\"https:\/\/belgium-movers.be\/contact-demenagement.html\" target=\"_blank\" rel=\"noopener\">devis gratuits<\/a> et personnalis\u00e9s<\/strong> afin de vous fournir une estimation claire pour votre d\u00e9m\u00e9nagement.<\/p>\n<hr data-start=\"7484\" data-end=\"7487\" \/>\n<h2 data-section-id=\"e90o9l\" data-start=\"7489\" data-end=\"7507\">Nos engagements<\/h2>\n<p data-start=\"7509\" data-end=\"7598\">Chez <strong data-start=\"7514\" data-end=\"7532\">Belgium Movers<\/strong>, nous nous engageons \u00e0 offrir un service fiable et professionnel.<\/p>\n<p data-start=\"7600\" data-end=\"7620\">Nos priorit\u00e9s sont :<\/p>\n<ul data-start=\"7622\" data-end=\"7768\">\n<li data-section-id=\"qlz22l\" data-start=\"7622\" data-end=\"7661\">\n<p data-start=\"7624\" data-end=\"7661\">le respect de vos meubles et objets<\/p>\n<\/li>\n<li data-section-id=\"nsno46\" data-start=\"7662\" data-end=\"7696\">\n<p data-start=\"7664\" data-end=\"7696\">le respect des d\u00e9lais convenus<\/p>\n<\/li>\n<li data-section-id=\"14t55ul\" data-start=\"7697\" data-end=\"7740\">\n<p data-start=\"7699\" data-end=\"7740\">l\u2019utilisation de mat\u00e9riel professionnel<\/p>\n<\/li>\n<li data-section-id=\"1s4ta7g\" data-start=\"7741\" data-end=\"7768\">\n<p data-start=\"7743\" data-end=\"7768\">une organisation efficace<\/p>\n<\/li>\n<\/ul>\n<p data-start=\"7770\" data-end=\"7907\">Gr\u00e2ce \u00e0 notre exp\u00e9rience et \u00e0 notre \u00e9quipement, nous pouvons g\u00e9rer des d\u00e9m\u00e9nagements dans <strong data-start=\"7860\" data-end=\"7906\">Jette, Bruxelles et dans toute la Belgique<\/strong>.<\/p>\n<hr data-start=\"7909\" data-end=\"7912\" \/>\n<h2 data-section-id=\"8dtpi\" data-start=\"7914\" data-end=\"7927\">Conclusion<\/h2>\n<p data-start=\"7929\" data-end=\"8174\">D\u00e9m\u00e9nager \u00e0 <strong data-start=\"7941\" data-end=\"7950\">Jette<\/strong> peut pr\u00e9senter certaines contraintes, notamment en raison des immeubles anciens, des rues \u00e9troites et du transport de meubles volumineux. Faire appel \u00e0 une entreprise sp\u00e9cialis\u00e9e permet de simplifier cette \u00e9tape importante.<\/p>\n<p data-start=\"8176\" data-end=\"8389\">Chez <strong data-start=\"8181\" data-end=\"8199\">Belgium Movers<\/strong>, nous intervenons \u00e0 <strong data-start=\"8220\" data-end=\"8296\">Jette, Ganshoren, Koekelberg, Laeken, Berchem-Sainte-Agathe et Molenbeek<\/strong>, mais aussi dans toute la Belgique, notamment \u00e0 <strong data-start=\"8345\" data-end=\"8388\">Anvers, Gand, Li\u00e8ge, Charleroi et Namur<\/strong>.<\/p>\n<p data-start=\"8391\" data-end=\"8559\">Gr\u00e2ce \u00e0 notre \u00e9quipe exp\u00e9riment\u00e9e, \u00e0 nos camions adapt\u00e9s et \u00e0 l\u2019utilisation de <strong data-start=\"8470\" data-end=\"8494\">lifts professionnels<\/strong>, nous garantissons un d\u00e9m\u00e9nagement rapide, organis\u00e9 et s\u00e9curis\u00e9.<\/p>\n<p data-start=\"8561\" data-end=\"8748\">Nous proposons des <a href=\"https:\/\/belgium-movers.be\/contact-demenagement.html\" target=\"_blank\" rel=\"noopener\"><strong data-start=\"8576\" data-end=\"8615\">devis gratuits et personnalis\u00e9s<\/strong><\/a>. N\u2019h\u00e9sitez pas \u00e0 <a href=\"https:\/\/belgium-movers.be\/contact-demenagement.html\" target=\"_blank\" rel=\"noopener\"><strong data-start=\"8633\" data-end=\"8651\">nous contacter<\/strong><\/a> pour organiser votre d\u00e9m\u00e9nagement et b\u00e9n\u00e9ficier d\u2019un service professionnel adapt\u00e9 \u00e0 vos besoins.<\/p>\n","protected":false},"excerpt":{"rendered":"<p>Organiser un d\u00e9m\u00e9nagement demande du temps, de la pr\u00e9paration et une bonne organisation. Entre la pr\u00e9paration des cartons, le transport des meubles et les contraintes li\u00e9es \u00e0 l\u2019acc\u00e8s aux immeubles, il peut \u00eatre difficile de g\u00e9rer toutes les \u00e9tapes seul. C\u2019est pourquoi faire appel \u00e0 une entreprise professionnelle est souvent la meilleure solution. Chez Belgium&hellip;<\/p>\n","protected":false},"author":1,"featured_media":213,"parent":0,"menu_order":0,"comment_status":"closed","ping_status":"closed","template":"","meta":{"footnotes":""},"class_list":["post-212","page","type-page","status-publish","has-post-thumbnail","hentry"],"_links":{"self":[{"href":"https:\/\/belgium-movers.be\/blog\/wp-json\/wp\/v2\/pages\/212","targetHints":{"allow":["GET"]}}],"collection":[{"href":"https:\/\/belgium-movers.be\/blog\/wp-json\/wp\/v2\/pages"}],"about":[{"href":"https:\/\/belgium-movers.be\/blog\/wp-json\/wp\/v2\/types\/page"}],"author":[{"embeddable":true,"href":"https:\/\/belgium-movers.be\/blog\/wp-json\/wp\/v2\/users\/1"}],"replies":[{"embeddable":true,"href":"https:\/\/belgium-movers.be\/blog\/wp-json\/wp\/v2\/comments?post=212"}],"version-history":[{"count":1,"href":"https:\/\/belgium-movers.be\/blog\/wp-json\/wp\/v2\/pages\/212\/revisions"}],"predecessor-version":[{"id":215,"href":"https:\/\/belgium-movers.be\/blog\/wp-json\/wp\/v2\/pages\/212\/revisions\/215"}],"wp:featuredmedia":[{"embeddable":true,"href":"https:\/\/belgium-movers.be\/blog\/wp-json\/wp\/v2\/media\/213"}],"wp:attachment":[{"href":"https:\/\/belgium-movers.be\/blog\/wp-json\/wp\/v2\/media?parent=212"}],"curies":[{"name":"wp","href":"https:\/\/api.w.org\/{rel}","templated":true}]}}