{"id":206,"date":"2026-03-11T09:57:52","date_gmt":"2026-03-11T08:57:52","guid":{"rendered":"https:\/\/belgium-movers.be\/blog\/?page_id=206"},"modified":"2026-03-11T09:57:52","modified_gmt":"2026-03-11T08:57:52","slug":"demenagement-koekelberg","status":"publish","type":"page","link":"https:\/\/belgium-movers.be\/blog\/demenagement-koekelberg\/","title":{"rendered":"D\u00e9m\u00e9nagement Koekelberg"},"content":{"rendered":"<p data-start=\"361\" data-end=\"679\">Organiser un d\u00e9m\u00e9nagement peut rapidement devenir une source de stress si toutes les \u00e9tapes ne sont pas bien planifi\u00e9es. Entre la pr\u00e9paration des cartons, le transport des meubles volumineux et les contraintes d\u2019acc\u00e8s aux b\u00e2timents, il est important de pouvoir compter sur une \u00e9quipe professionnelle et exp\u00e9riment\u00e9e.<\/p>\n<p data-start=\"681\" data-end=\"1038\">Chez <a href=\"https:\/\/belgium-movers.be\/\" target=\"_blank\" rel=\"noopener\"><strong data-start=\"686\" data-end=\"704\">Belgium Movers<\/strong><\/a>, nous proposons un service de <strong data-start=\"735\" data-end=\"764\">d\u00e9m\u00e9nagement \u00e0 Koekelberg<\/strong> et dans toute la r\u00e9gion bruxelloise. Notre \u00e9quipe intervient \u00e9galement dans les communes voisines telles que <strong data-start=\"874\" data-end=\"942\"><a href=\"https:\/\/belgium-movers.be\/blog\/demenagement-uccle\/\" target=\"_blank\" rel=\"noopener\">Uccle<\/a>, <a href=\"https:\/\/belgium-movers.be\/blog\/demenagement-anderlecht\/\" target=\"_blank\" rel=\"noopener\">Anderlecht<\/a>, <a href=\"https:\/\/belgium-movers.be\/blog\/demenagement-laeken\/\" target=\"_blank\" rel=\"noopener\">Laeken<\/a> et <a href=\"https:\/\/belgium-movers.be\/blog\/demenagement-forest\/\" target=\"_blank\" rel=\"noopener\">Forest<\/a><\/strong>, mais aussi dans les grandes villes belges comme <strong data-start=\"992\" data-end=\"1035\"><a href=\"https:\/\/fr.wikipedia.org\/wiki\/Anvers\" target=\"_blank\" rel=\"noopener\">Anvers<\/a>, <a href=\"https:\/\/fr.wikipedia.org\/wiki\/Gand\" target=\"_blank\" rel=\"noopener\">Gand<\/a>, <a href=\"https:\/\/fr.wikipedia.org\/wiki\/Li%C3%A8ge\" target=\"_blank\" rel=\"noopener\">Li\u00e8ge<\/a>, <a href=\"https:\/\/fr.wikipedia.org\/wiki\/Charleroi\" target=\"_blank\" rel=\"noopener\">Charleroi<\/a> ou <a href=\"https:\/\/fr.wikipedia.org\/wiki\/Namur\" target=\"_blank\" rel=\"noopener\">Namur<\/a><\/strong>.<\/p>\n<p data-start=\"681\" data-end=\"1038\">Gr\u00e2ce \u00e0 notre exp\u00e9rience et \u00e0 l\u2019utilisation d\u2019\u00e9quipements professionnels, notamment des <strong data-start=\"1128\" data-end=\"1161\">lifts pour meubles volumineux<\/strong>, nous pouvons nous adapter \u00e0 toutes les situations et garantir un d\u00e9m\u00e9nagement rapide, efficace et s\u00e9curis\u00e9.<\/p>\n<hr data-start=\"1272\" data-end=\"1275\" \/>\n<h2 data-section-id=\"3muzdl\" data-start=\"1277\" data-end=\"1335\">Koekelberg : une commune dynamique au c\u0153ur de Bruxelles<\/h2>\n<p data-start=\"1337\" data-end=\"1640\">Situ\u00e9e dans la r\u00e9gion de Bruxelles-Capitale, <strong data-start=\"1382\" data-end=\"1396\">Koekelberg<\/strong> est une commune connue pour son atmosph\u00e8re r\u00e9sidentielle et sa proximit\u00e9 avec le centre de Bruxelles. Elle se distingue notamment par la c\u00e9l\u00e8bre <strong data-start=\"1542\" data-end=\"1579\">Basilique nationale du Sacr\u00e9-C\u0153ur<\/strong>, l\u2019un des monuments les plus embl\u00e9matiques de la capitale.<\/p>\n<p data-start=\"1642\" data-end=\"1739\">La commune pr\u00e9sente plusieurs caract\u00e9ristiques qui influencent l\u2019organisation d\u2019un d\u00e9m\u00e9nagement :<\/p>\n<ul data-start=\"1741\" data-end=\"2018\">\n<li data-section-id=\"1wbnlyp\" data-start=\"1741\" data-end=\"1810\">\n<p data-start=\"1743\" data-end=\"1810\">Une <strong data-start=\"1747\" data-end=\"1777\">densit\u00e9 urbaine importante<\/strong>, avec de nombreux appartements<\/p>\n<\/li>\n<li data-section-id=\"ab0jea\" data-start=\"1811\" data-end=\"1880\">\n<p data-start=\"1813\" data-end=\"1880\">Des <strong data-start=\"1817\" data-end=\"1842\">rues parfois \u00e9troites<\/strong>, typiques des communes bruxelloises<\/p>\n<\/li>\n<li data-section-id=\"hdna42\" data-start=\"1881\" data-end=\"1951\">\n<p data-start=\"1883\" data-end=\"1951\">Des immeubles anciens avec <strong data-start=\"1910\" data-end=\"1949\">escaliers \u00e9troits ou sans ascenseur<\/strong><\/p>\n<\/li>\n<li data-section-id=\"1qivu4d\" data-start=\"1952\" data-end=\"2018\">\n<p data-start=\"1954\" data-end=\"2018\">Une proximit\u00e9 avec les grands axes et les transports en commun<\/p>\n<\/li>\n<\/ul>\n<p data-start=\"2020\" data-end=\"2211\">Ces particularit\u00e9s rendent parfois le transport de meubles difficile, mais avec l\u2019aide de professionnels et l\u2019utilisation de <strong data-start=\"2145\" data-end=\"2162\">lifts adapt\u00e9s<\/strong>, ces contraintes peuvent \u00eatre facilement g\u00e9r\u00e9es.<\/p>\n<hr data-start=\"2213\" data-end=\"2216\" \/>\n<h2 data-section-id=\"1pt2fmi\" data-start=\"2218\" data-end=\"2286\">Pourquoi faire appel \u00e0 des professionnels pour votre d\u00e9m\u00e9nagement<\/h2>\n<p><img loading=\"lazy\" decoding=\"async\" class=\"alignnone  wp-image-210\" src=\"https:\/\/belgium-movers.be\/blog\/wp-content\/uploads\/2026\/03\/Carton-fragile-demenagement-300x200.jpg\" alt=\"\" width=\"614\" height=\"409\" srcset=\"https:\/\/belgium-movers.be\/blog\/wp-content\/uploads\/2026\/03\/Carton-fragile-demenagement-300x200.jpg 300w, https:\/\/belgium-movers.be\/blog\/wp-content\/uploads\/2026\/03\/Carton-fragile-demenagement-1024x683.jpg 1024w, https:\/\/belgium-movers.be\/blog\/wp-content\/uploads\/2026\/03\/Carton-fragile-demenagement-768x512.jpg 768w, https:\/\/belgium-movers.be\/blog\/wp-content\/uploads\/2026\/03\/Carton-fragile-demenagement-1536x1024.jpg 1536w, https:\/\/belgium-movers.be\/blog\/wp-content\/uploads\/2026\/03\/Carton-fragile-demenagement-2048x1365.jpg 2048w\" sizes=\"auto, (max-width: 614px) 100vw, 614px\" \/><\/p>\n<p data-start=\"2288\" data-end=\"2516\">Beaucoup de personnes pensent qu\u2019un d\u00e9m\u00e9nagement peut \u00eatre r\u00e9alis\u00e9 seul avec l\u2019aide de quelques proches. Pourtant, cela peut rapidement devenir compliqu\u00e9, notamment lorsqu\u2019il s\u2019agit de transporter des meubles lourds ou fragiles.<\/p>\n<p data-start=\"2518\" data-end=\"2593\">Faire appel \u00e0 une entreprise de d\u00e9m\u00e9nagement pr\u00e9sente plusieurs avantages :<\/p>\n<ul data-start=\"2595\" data-end=\"2923\">\n<li data-section-id=\"1pdwxo3\" data-start=\"2595\" data-end=\"2683\">\n<p data-start=\"2597\" data-end=\"2683\"><strong data-start=\"2597\" data-end=\"2614\">Gain de temps<\/strong> : une \u00e9quipe exp\u00e9riment\u00e9e travaille de mani\u00e8re rapide et organis\u00e9e<\/p>\n<\/li>\n<li data-section-id=\"gkso06\" data-start=\"2684\" data-end=\"2758\">\n<p data-start=\"2686\" data-end=\"2758\"><strong data-start=\"2686\" data-end=\"2698\">S\u00e9curit\u00e9<\/strong> : les meubles et objets fragiles sont manipul\u00e9s avec soin<\/p>\n<\/li>\n<li data-section-id=\"100l5lj\" data-start=\"2759\" data-end=\"2838\">\n<p data-start=\"2761\" data-end=\"2838\"><strong data-start=\"2761\" data-end=\"2787\">Mat\u00e9riel professionnel<\/strong> : camions adapt\u00e9s, sangles, couvertures et lifts<\/p>\n<\/li>\n<li data-section-id=\"s5b7ib\" data-start=\"2839\" data-end=\"2923\">\n<p data-start=\"2841\" data-end=\"2923\"><strong data-start=\"2841\" data-end=\"2873\">Adaptation \u00e0 l\u2019environnement<\/strong> : gestion des acc\u00e8s difficiles et des escaliers<\/p>\n<\/li>\n<\/ul>\n<p data-start=\"2925\" data-end=\"3044\">Chez <strong data-start=\"2930\" data-end=\"2948\">Belgium Movers<\/strong>, nous mettons notre expertise \u00e0 votre service pour garantir un d\u00e9m\u00e9nagement fluide et s\u00e9curis\u00e9.<\/p>\n<hr data-start=\"3046\" data-end=\"3049\" \/>\n<h2 data-section-id=\"g1afuv\" data-start=\"3051\" data-end=\"3099\">Bien pr\u00e9parer votre d\u00e9m\u00e9nagement \u00e0 Koekelberg<\/h2>\n<p data-start=\"3101\" data-end=\"3172\">Une bonne organisation est essentielle pour r\u00e9ussir votre d\u00e9m\u00e9nagement.<\/p>\n<h3 data-section-id=\"13wo43x\" data-start=\"3174\" data-end=\"3215\">Trier ses affaires avant de d\u00e9m\u00e9nager<\/h3>\n<p data-start=\"3217\" data-end=\"3293\">Avant de commencer \u00e0 emballer vos objets, il est conseill\u00e9 de faire un tri :<\/p>\n<ul data-start=\"3295\" data-end=\"3387\">\n<li data-section-id=\"1f6trcg\" data-start=\"3295\" data-end=\"3318\">\n<p data-start=\"3297\" data-end=\"3318\">les objets \u00e0 garder<\/p>\n<\/li>\n<li data-section-id=\"1l328cf\" data-start=\"3319\" data-end=\"3352\">\n<p data-start=\"3321\" data-end=\"3352\">les objets \u00e0 donner ou vendre<\/p>\n<\/li>\n<li data-section-id=\"1r674us\" data-start=\"3353\" data-end=\"3387\">\n<p data-start=\"3355\" data-end=\"3387\">les objets \u00e0 recycler ou jeter<\/p>\n<\/li>\n<\/ul>\n<p data-start=\"3389\" data-end=\"3476\">Cette \u00e9tape permet de r\u00e9duire le volume \u00e0 transporter et de simplifier le d\u00e9m\u00e9nagement.<\/p>\n<h3 data-section-id=\"2sbbjd\" data-start=\"3478\" data-end=\"3507\">Bien emballer ses cartons<\/h3>\n<p data-start=\"3509\" data-end=\"3558\">Pour prot\u00e9ger vos affaires pendant le transport :<\/p>\n<ul data-start=\"3560\" data-end=\"3737\">\n<li data-section-id=\"13i37ye\" data-start=\"3560\" data-end=\"3596\">\n<p data-start=\"3562\" data-end=\"3596\">utilisez des <strong data-start=\"3575\" data-end=\"3594\">cartons solides<\/strong><\/p>\n<\/li>\n<li data-section-id=\"5l0812\" data-start=\"3597\" data-end=\"3673\">\n<p data-start=\"3599\" data-end=\"3673\">prot\u00e9gez les objets fragiles avec du <strong data-start=\"3636\" data-end=\"3671\">papier bulle ou des couvertures<\/strong><\/p>\n<\/li>\n<li data-section-id=\"17m675l\" data-start=\"3674\" data-end=\"3737\">\n<p data-start=\"3676\" data-end=\"3737\">\u00e9tiquetez les cartons par pi\u00e8ce pour faciliter le d\u00e9ballage<\/p>\n<\/li>\n<\/ul>\n<h3 data-section-id=\"a6gqe8\" data-start=\"3739\" data-end=\"3774\">Pr\u00e9parer l\u2019acc\u00e8s pour le camion<\/h3>\n<p data-start=\"3776\" data-end=\"3969\">Dans certaines rues de <strong data-start=\"3799\" data-end=\"3838\">Koekelberg, Molenbeek ou Anderlecht<\/strong>, le stationnement peut \u00eatre limit\u00e9. Il est donc conseill\u00e9 de pr\u00e9voir un emplacement pour le camion et \u00e9ventuellement pour le lift.<\/p>\n<hr data-start=\"3971\" data-end=\"3974\" \/>\n<h2 data-section-id=\"9dlahp\" data-start=\"3976\" data-end=\"4036\">L\u2019utilisation d\u2019un lift pour faciliter votre d\u00e9m\u00e9nagement<\/h2>\n<p data-start=\"4038\" data-end=\"4237\">Dans de nombreux immeubles bruxellois, transporter des meubles par les escaliers peut \u00eatre difficile. Les escaliers sont parfois \u00e9troits et les meubles volumineux peuvent \u00eatre compliqu\u00e9s \u00e0 manipuler.<\/p>\n<p data-start=\"4239\" data-end=\"4357\">C\u2019est pourquoi <strong data-start=\"4254\" data-end=\"4272\">Belgium Movers<\/strong> utilise des <strong data-start=\"4285\" data-end=\"4309\">lifts professionnels<\/strong> pour simplifier le transport des objets lourds.<\/p>\n<p data-start=\"4359\" data-end=\"4382\">Les avantages du lift :<\/p>\n<ul data-start=\"4384\" data-end=\"4543\">\n<li data-section-id=\"1dwkos5\" data-start=\"4384\" data-end=\"4427\">\n<p data-start=\"4386\" data-end=\"4427\">transport rapide des meubles volumineux<\/p>\n<\/li>\n<li data-section-id=\"zv2cbz\" data-start=\"4428\" data-end=\"4465\">\n<p data-start=\"4430\" data-end=\"4465\">r\u00e9duction des risques de dommages<\/p>\n<\/li>\n<li data-section-id=\"fj8wd3\" data-start=\"4466\" data-end=\"4512\">\n<p data-start=\"4468\" data-end=\"4512\">s\u00e9curit\u00e9 pour les biens et les techniciens<\/p>\n<\/li>\n<li data-section-id=\"717uu2\" data-start=\"4513\" data-end=\"4543\">\n<p data-start=\"4515\" data-end=\"4543\">gain de temps consid\u00e9rable<\/p>\n<\/li>\n<\/ul>\n<p data-start=\"4545\" data-end=\"4714\">L\u2019utilisation d\u2019un lift est particuli\u00e8rement utile pour les <strong data-start=\"4605\" data-end=\"4638\">appartements situ\u00e9s \u00e0 l\u2019\u00e9tage<\/strong> ou les immeubles anciens pr\u00e9sents dans de nombreuses communes bruxelloises.<\/p>\n<hr data-start=\"4716\" data-end=\"4719\" \/>\n<h2 data-section-id=\"8f58vk\" data-start=\"4721\" data-end=\"4779\">Nos services \u00e0 Koekelberg et dans la r\u00e9gion bruxelloise<\/h2>\n<p data-start=\"4781\" data-end=\"4876\">Notre \u00e9quipe intervient \u00e0 <strong data-start=\"4807\" data-end=\"4821\">Koekelberg<\/strong>, mais \u00e9galement dans plusieurs communes de Bruxelles :<\/p>\n<ul data-start=\"4878\" data-end=\"5019\">\n<li data-section-id=\"d8hbgl\" data-start=\"4878\" data-end=\"4906\">\n<p data-start=\"4880\" data-end=\"4906\"><strong data-start=\"4880\" data-end=\"4904\">Molenbeek-Saint-Jean<\/strong><\/p>\n<\/li>\n<li data-section-id=\"i0grwi\" data-start=\"4907\" data-end=\"4920\">\n<p data-start=\"4909\" data-end=\"4920\"><strong data-start=\"4909\" data-end=\"4918\">Jette<\/strong><\/p>\n<\/li>\n<li data-section-id=\"z7mvsy\" data-start=\"4921\" data-end=\"4939\">\n<p data-start=\"4923\" data-end=\"4939\"><strong data-start=\"4923\" data-end=\"4937\">Anderlecht<\/strong><\/p>\n<\/li>\n<li data-section-id=\"blowrx\" data-start=\"4940\" data-end=\"4957\">\n<p data-start=\"4942\" data-end=\"4957\"><strong data-start=\"4942\" data-end=\"4955\">Ganshoren<\/strong><\/p>\n<\/li>\n<li data-section-id=\"c1vxno\" data-start=\"4958\" data-end=\"4987\">\n<p data-start=\"4960\" data-end=\"4987\"><strong data-start=\"4960\" data-end=\"4985\">Berchem-Sainte-Agathe<\/strong><\/p>\n<\/li>\n<li data-section-id=\"scf7wg\" data-start=\"4988\" data-end=\"5002\">\n<p data-start=\"4990\" data-end=\"5002\"><strong data-start=\"4990\" data-end=\"5000\">Laeken<\/strong><\/p>\n<\/li>\n<li data-section-id=\"5oxy27\" data-start=\"5003\" data-end=\"5019\">\n<p data-start=\"5005\" data-end=\"5019\"><strong data-start=\"5005\" data-end=\"5019\">Schaerbeek<\/strong><\/p>\n<\/li>\n<\/ul>\n<p data-start=\"5021\" data-end=\"5122\">Nous r\u00e9alisons \u00e9galement des d\u00e9m\u00e9nagements vers ou depuis d\u2019autres grandes villes belges, notamment :<\/p>\n<ul data-start=\"5124\" data-end=\"5195\">\n<li data-section-id=\"1slrp11\" data-start=\"5124\" data-end=\"5138\">\n<p data-start=\"5126\" data-end=\"5138\"><strong data-start=\"5126\" data-end=\"5136\">Anvers<\/strong><\/p>\n<\/li>\n<li data-section-id=\"jwfzz8\" data-start=\"5139\" data-end=\"5151\">\n<p data-start=\"5141\" data-end=\"5151\"><strong data-start=\"5141\" data-end=\"5149\">Gand<\/strong><\/p>\n<\/li>\n<li data-section-id=\"1jrz0h3\" data-start=\"5152\" data-end=\"5165\">\n<p data-start=\"5154\" data-end=\"5165\"><strong data-start=\"5154\" data-end=\"5163\">Li\u00e8ge<\/strong><\/p>\n<\/li>\n<li data-section-id=\"1hlnpt9\" data-start=\"5166\" data-end=\"5183\">\n<p data-start=\"5168\" data-end=\"5183\"><strong data-start=\"5168\" data-end=\"5181\">Charleroi<\/strong><\/p>\n<\/li>\n<li data-section-id=\"ph7831\" data-start=\"5184\" data-end=\"5195\">\n<p data-start=\"5186\" data-end=\"5195\"><strong data-start=\"5186\" data-end=\"5195\">Namur<\/strong><\/p>\n<\/li>\n<\/ul>\n<p data-start=\"5197\" data-end=\"5324\">Cette large zone d\u2019intervention nous permet de vous accompagner pour des d\u00e9m\u00e9nagements locaux ou sur de plus longues distances.<\/p>\n<hr data-start=\"5326\" data-end=\"5329\" \/>\n<h2 data-section-id=\"x6j4yg\" data-start=\"5331\" data-end=\"5380\">Une organisation adapt\u00e9e \u00e0 chaque d\u00e9m\u00e9nagement<\/h2>\n<p data-start=\"5382\" data-end=\"5515\">Chaque d\u00e9m\u00e9nagement est diff\u00e9rent. Chez <strong data-start=\"5422\" data-end=\"5440\">Belgium Movers<\/strong>, nous analysons plusieurs \u00e9l\u00e9ments afin de choisir la meilleure solution :<\/p>\n<ul data-start=\"5517\" data-end=\"5651\">\n<li data-section-id=\"1gc694p\" data-start=\"5517\" data-end=\"5555\">\n<p data-start=\"5519\" data-end=\"5555\">le volume de meubles \u00e0 transporter<\/p>\n<\/li>\n<li data-section-id=\"g1f1vv\" data-start=\"5556\" data-end=\"5579\">\n<p data-start=\"5558\" data-end=\"5579\">le type de logement<\/p>\n<\/li>\n<li data-section-id=\"1i33hod\" data-start=\"5580\" data-end=\"5611\">\n<p data-start=\"5582\" data-end=\"5611\">l\u2019accessibilit\u00e9 du b\u00e2timent<\/p>\n<\/li>\n<li data-section-id=\"1pni530\" data-start=\"5612\" data-end=\"5651\">\n<p data-start=\"5614\" data-end=\"5651\">la distance entre les deux adresses<\/p>\n<\/li>\n<\/ul>\n<h3 data-section-id=\"33sz1k\" data-start=\"5653\" data-end=\"5676\">Chargement organis\u00e9<\/h3>\n<p data-start=\"5678\" data-end=\"5757\">Nos techniciens chargent les meubles et cartons de mani\u00e8re m\u00e9thodique afin de :<\/p>\n<ul data-start=\"5759\" data-end=\"5857\">\n<li data-section-id=\"uzux06\" data-start=\"5759\" data-end=\"5791\">\n<p data-start=\"5761\" data-end=\"5791\">prot\u00e9ger les objets fragiles<\/p>\n<\/li>\n<li data-section-id=\"ddw2dk\" data-start=\"5792\" data-end=\"5829\">\n<p data-start=\"5794\" data-end=\"5829\">optimiser l\u2019espace dans le camion<\/p>\n<\/li>\n<li data-section-id=\"16f6wj3\" data-start=\"5830\" data-end=\"5857\">\n<p data-start=\"5832\" data-end=\"5857\">faciliter le d\u00e9chargement<\/p>\n<\/li>\n<\/ul>\n<h3 data-section-id=\"lb4cvc\" data-start=\"5859\" data-end=\"5881\">Transport s\u00e9curis\u00e9<\/h3>\n<p data-start=\"5883\" data-end=\"6010\">Tous les meubles sont prot\u00e9g\u00e9s avec des couvertures et des sangles afin d\u2019\u00e9viter les chocs et les rayures pendant le transport.<\/p>\n<h3 data-section-id=\"w8vs4w\" data-start=\"6012\" data-end=\"6044\">Adaptation \u00e0 l\u2019environnement<\/h3>\n<p data-start=\"6046\" data-end=\"6203\">Selon les contraintes du b\u00e2timent ou de la rue, nous pouvons utiliser un <strong data-start=\"6119\" data-end=\"6150\">lift classique ou tractable<\/strong> afin de garantir un d\u00e9m\u00e9nagement rapide et efficace.<\/p>\n<hr data-start=\"6205\" data-end=\"6208\" \/>\n<h2 data-section-id=\"rxjn91\" data-start=\"6210\" data-end=\"6249\">Conseils pour un d\u00e9m\u00e9nagement r\u00e9ussi<\/h2>\n<p data-start=\"6251\" data-end=\"6324\">Voici quelques conseils pour simplifier votre d\u00e9m\u00e9nagement \u00e0 Koekelberg :<\/p>\n<ol data-start=\"6326\" data-end=\"6732\">\n<li data-section-id=\"1qck4z9\" data-start=\"6326\" data-end=\"6390\">\n<p data-start=\"6329\" data-end=\"6390\"><strong data-start=\"6329\" data-end=\"6388\">Commencez la pr\u00e9paration plusieurs semaines \u00e0 l\u2019avance.<\/strong><\/p>\n<\/li>\n<li data-section-id=\"1ykhq95\" data-start=\"6391\" data-end=\"6470\">\n<p data-start=\"6394\" data-end=\"6470\"><strong data-start=\"6394\" data-end=\"6427\">Prot\u00e9gez vos meubles fragiles<\/strong> avec des couvertures ou du papier bulle.<\/p>\n<\/li>\n<li data-section-id=\"1reidi7\" data-start=\"6471\" data-end=\"6539\">\n<p data-start=\"6474\" data-end=\"6539\"><strong data-start=\"6474\" data-end=\"6499\">\u00c9tiquetez vos cartons<\/strong> pour retrouver facilement vos objets.<\/p>\n<\/li>\n<li data-section-id=\"1643q17\" data-start=\"6540\" data-end=\"6640\">\n<p data-start=\"6543\" data-end=\"6640\"><strong data-start=\"6543\" data-end=\"6589\">Pr\u00e9parez l\u2019acc\u00e8s pour le camion et le lift<\/strong> afin de gagner du temps le jour du d\u00e9m\u00e9nagement.<\/p>\n<\/li>\n<li data-section-id=\"mi0wvg\" data-start=\"6641\" data-end=\"6732\">\n<p data-start=\"6644\" data-end=\"6732\"><strong data-start=\"6644\" data-end=\"6681\">Faites appel \u00e0 des professionnels<\/strong> pour transporter les meubles lourds ou volumineux.<\/p>\n<\/li>\n<\/ol>\n<hr data-start=\"6734\" data-end=\"6737\" \/>\n<h2 data-section-id=\"oejq9z\" data-start=\"6739\" data-end=\"6771\">FAQ \u2013 D\u00e9m\u00e9nagement Koekelberg<\/h2>\n<h3 data-section-id=\"1b6qia5\" data-start=\"6773\" data-end=\"6816\">Combien de temps dure un d\u00e9m\u00e9nagement ?<\/h3>\n<p data-start=\"6818\" data-end=\"7020\">La dur\u00e9e d\u00e9pend du volume de meubles et de la distance entre les logements. Un petit appartement peut \u00eatre d\u00e9m\u00e9nag\u00e9 en quelques heures, tandis qu\u2019une maison compl\u00e8te peut n\u00e9cessiter une journ\u00e9e enti\u00e8re.<\/p>\n<h3 data-section-id=\"syywnj\" data-start=\"7022\" data-end=\"7071\">L\u2019utilisation d\u2019un lift est-elle n\u00e9cessaire ?<\/h3>\n<p data-start=\"7073\" data-end=\"7278\">Elle n\u2019est pas obligatoire, mais elle est fortement recommand\u00e9e pour les immeubles en \u00e9tage ou lorsque les escaliers sont \u00e9troits. Le lift permet de transporter les meubles rapidement et en toute s\u00e9curit\u00e9.<\/p>\n<h3 data-section-id=\"1rf4hrj\" data-start=\"7280\" data-end=\"7320\">Dans quelles zones intervenez-vous ?<\/h3>\n<p data-start=\"7322\" data-end=\"7602\">Nous intervenons \u00e0 <strong data-start=\"7341\" data-end=\"7355\">Koekelberg<\/strong>, mais aussi dans les communes de <strong data-start=\"7389\" data-end=\"7455\">Molenbeek, Jette, Anderlecht, Ganshoren, Berchem-Sainte-Agathe<\/strong> et dans toute la r\u00e9gion bruxelloise. Nous r\u00e9alisons \u00e9galement des d\u00e9m\u00e9nagements vers des villes comme <strong data-start=\"7558\" data-end=\"7601\">Anvers, Gand, Li\u00e8ge, Charleroi et Namur<\/strong>.<\/p>\n<h3 data-section-id=\"ul66vr\" data-start=\"7604\" data-end=\"7659\">Puis-je d\u00e9m\u00e9nager des objets fragiles ou pr\u00e9cieux ?<\/h3>\n<p data-start=\"7661\" data-end=\"7827\">Oui. Notre \u00e9quipe prend toutes les pr\u00e9cautions n\u00e9cessaires pour prot\u00e9ger vos objets fragiles gr\u00e2ce \u00e0 des emballages adapt\u00e9s et des techniques de transport s\u00e9curis\u00e9es.<\/p>\n<h3 data-section-id=\"1j5qn69\" data-start=\"7829\" data-end=\"7867\">Proposez-vous des devis gratuits ?<\/h3>\n<p data-start=\"7869\" data-end=\"8023\">Oui. Nous proposons des <strong data-start=\"7889\" data-end=\"7928\"><a href=\"https:\/\/belgium-movers.be\/contact-demenagement.html\" target=\"_blank\" rel=\"noopener\">devis gratuits<\/a> et personnalis\u00e9s<\/strong> afin d\u2019\u00e9valuer pr\u00e9cis\u00e9ment votre d\u00e9m\u00e9nagement et de vous proposer la solution la plus adapt\u00e9e.<\/p>\n<hr data-start=\"8025\" data-end=\"8028\" \/>\n<h2 data-section-id=\"e90o9l\" data-start=\"8030\" data-end=\"8048\">Nos engagements<\/h2>\n<p data-start=\"8050\" data-end=\"8156\">Chez <strong data-start=\"8055\" data-end=\"8073\">Belgium Movers<\/strong>, notre objectif est de fournir un service de d\u00e9m\u00e9nagement fiable et professionnel.<\/p>\n<p data-start=\"8158\" data-end=\"8181\">Nous nous engageons \u00e0 :<\/p>\n<ul data-start=\"8183\" data-end=\"8354\">\n<li data-section-id=\"qvatnc\" data-start=\"8183\" data-end=\"8218\">\n<p data-start=\"8185\" data-end=\"8218\">manipuler vos meubles avec soin<\/p>\n<\/li>\n<li data-section-id=\"12mjwcg\" data-start=\"8219\" data-end=\"8252\">\n<p data-start=\"8221\" data-end=\"8252\">respecter les d\u00e9lais convenus<\/p>\n<\/li>\n<li data-section-id=\"woxizf\" data-start=\"8253\" data-end=\"8298\">\n<p data-start=\"8255\" data-end=\"8298\">utiliser du mat\u00e9riel professionnel adapt\u00e9<\/p>\n<\/li>\n<li data-section-id=\"9hzve0\" data-start=\"8299\" data-end=\"8354\">\n<p data-start=\"8301\" data-end=\"8354\">nous adapter aux contraintes de chaque d\u00e9m\u00e9nagement<\/p>\n<\/li>\n<\/ul>\n<p data-start=\"8356\" data-end=\"8509\">Gr\u00e2ce \u00e0 notre exp\u00e9rience et \u00e0 nos \u00e9quipements modernes, nous garantissons un d\u00e9m\u00e9nagement efficace dans <strong data-start=\"8460\" data-end=\"8508\">Koekelberg, Bruxelles et partout en Belgique<\/strong>.<\/p>\n<hr data-start=\"8511\" data-end=\"8514\" \/>\n<h2 data-section-id=\"8dtpi\" data-start=\"8516\" data-end=\"8529\">Conclusion<\/h2>\n<p data-start=\"8531\" data-end=\"8821\">D\u00e9m\u00e9nager \u00e0 <strong data-start=\"8543\" data-end=\"8557\">Koekelberg<\/strong> ou dans une autre commune bruxelloise peut \u00eatre un d\u00e9fi si l\u2019on ne dispose pas de l\u2019organisation et du mat\u00e9riel n\u00e9cessaires. Entre les rues \u00e9troites, les immeubles anciens et les meubles volumineux, il est important de pouvoir compter sur une \u00e9quipe exp\u00e9riment\u00e9e.<\/p>\n<p data-start=\"8823\" data-end=\"9118\">Chez <a href=\"https:\/\/belgium-movers.be\/\" target=\"_blank\" rel=\"noopener\"><strong data-start=\"8828\" data-end=\"8846\">Belgium Movers<\/strong><\/a>, nous mettons notre savoir-faire \u00e0 votre service pour r\u00e9aliser des d\u00e9m\u00e9nagements professionnels \u00e0 <strong data-start=\"8945\" data-end=\"9025\">Koekelberg, Molenbeek, Jette, Anderlecht, Ganshoren et Berchem-Sainte-Agathe<\/strong>, mais aussi dans toute la Belgique, notamment \u00e0 <strong data-start=\"9074\" data-end=\"9117\">Anvers, Gand, Li\u00e8ge, Charleroi et Namur<\/strong>.<\/p>\n<p data-start=\"9120\" data-end=\"9290\">Gr\u00e2ce \u00e0 notre \u00e9quipe qualifi\u00e9e, \u00e0 nos camions adapt\u00e9s et \u00e0 l\u2019utilisation de <strong data-start=\"9196\" data-end=\"9220\">lifts professionnels<\/strong>, nous vous garantissons un d\u00e9m\u00e9nagement rapide, s\u00e9curis\u00e9 et organis\u00e9.<\/p>\n<p data-start=\"9292\" data-end=\"9479\">Nous proposons des <a href=\"https:\/\/belgium-movers.be\/contact-demenagement.html\" target=\"_blank\" rel=\"noopener\"><strong data-start=\"9307\" data-end=\"9346\">devis gratuits et personnalis\u00e9s<\/strong><\/a>. N\u2019h\u00e9sitez pas \u00e0 <a href=\"https:\/\/belgium-movers.be\/contact-demenagement.html\" target=\"_blank\" rel=\"noopener\"><strong data-start=\"9364\" data-end=\"9382\">nous contacter<\/strong><\/a> pour planifier votre d\u00e9m\u00e9nagement et b\u00e9n\u00e9ficier d\u2019un service professionnel adapt\u00e9 \u00e0 vos besoins.<\/p>\n","protected":false},"excerpt":{"rendered":"<p>Organiser un d\u00e9m\u00e9nagement peut rapidement devenir une source de stress si toutes les \u00e9tapes ne sont pas bien planifi\u00e9es. Entre la pr\u00e9paration des cartons, le transport des meubles volumineux et les contraintes d\u2019acc\u00e8s aux b\u00e2timents, il est important de pouvoir compter sur une \u00e9quipe professionnelle et exp\u00e9riment\u00e9e. Chez Belgium Movers, nous proposons un service de&hellip;<\/p>\n","protected":false},"author":1,"featured_media":209,"parent":0,"menu_order":0,"comment_status":"closed","ping_status":"closed","template":"","meta":{"footnotes":""},"class_list":["post-206","page","type-page","status-publish","has-post-thumbnail","hentry"],"_links":{"self":[{"href":"https:\/\/belgium-movers.be\/blog\/wp-json\/wp\/v2\/pages\/206","targetHints":{"allow":["GET"]}}],"collection":[{"href":"https:\/\/belgium-movers.be\/blog\/wp-json\/wp\/v2\/pages"}],"about":[{"href":"https:\/\/belgium-movers.be\/blog\/wp-json\/wp\/v2\/types\/page"}],"author":[{"embeddable":true,"href":"https:\/\/belgium-movers.be\/blog\/wp-json\/wp\/v2\/users\/1"}],"replies":[{"embeddable":true,"href":"https:\/\/belgium-movers.be\/blog\/wp-json\/wp\/v2\/comments?post=206"}],"version-history":[{"count":1,"href":"https:\/\/belgium-movers.be\/blog\/wp-json\/wp\/v2\/pages\/206\/revisions"}],"predecessor-version":[{"id":211,"href":"https:\/\/belgium-movers.be\/blog\/wp-json\/wp\/v2\/pages\/206\/revisions\/211"}],"wp:featuredmedia":[{"embeddable":true,"href":"https:\/\/belgium-movers.be\/blog\/wp-json\/wp\/v2\/media\/209"}],"wp:attachment":[{"href":"https:\/\/belgium-movers.be\/blog\/wp-json\/wp\/v2\/media?parent=206"}],"curies":[{"name":"wp","href":"https:\/\/api.w.org\/{rel}","templated":true}]}}