{"id":202,"date":"2026-03-10T14:58:30","date_gmt":"2026-03-10T13:58:30","guid":{"rendered":"https:\/\/belgium-movers.be\/blog\/?page_id=202"},"modified":"2026-03-10T14:58:30","modified_gmt":"2026-03-10T13:58:30","slug":"demenagement-forest","status":"publish","type":"page","link":"https:\/\/belgium-movers.be\/blog\/demenagement-forest\/","title":{"rendered":"D\u00e9m\u00e9nagement Forest"},"content":{"rendered":"<p data-start=\"334\" data-end=\"595\">D\u00e9m\u00e9nager peut rapidement devenir une t\u00e2che stressante si elle n\u2019est pas bien organis\u00e9e. Entre la pr\u00e9paration des cartons, le transport des meubles volumineux et la gestion des contraintes d\u2019acc\u00e8s, il est essentiel de faire appel \u00e0 une \u00e9quipe professionnelle.<\/p>\n<p data-start=\"597\" data-end=\"1095\">Chez <a href=\"https:\/\/belgium-movers.be\/demenagement-bxl.html\" target=\"_blank\" rel=\"noopener\"><strong data-start=\"602\" data-end=\"620\">Belgium Movers<\/strong><\/a>, nous intervenons \u00e0 <a href=\"https:\/\/fr.wikipedia.org\/wiki\/Forest_(Bruxelles)\" target=\"_blank\" rel=\"noopener\"><strong data-start=\"641\" data-end=\"651\">Forest<\/strong> <\/a>ainsi que dans les communes voisines telles que <strong data-start=\"700\" data-end=\"767\"><a href=\"https:\/\/belgium-movers.be\/blog\/demenagement-uccle\/\" target=\"_blank\" rel=\"noopener\">Uccle<\/a>, <a href=\"https:\/\/belgium-movers.be\/blog\/demenagement-laeken\/\" target=\"_blank\" rel=\"noopener\">Laeken<\/a>, <a href=\"https:\/\/belgium-movers.be\/blog\/demenagement-anderlecht\/\" target=\"_blank\" rel=\"noopener\">Anderlecht<\/a><\/strong>. Nous \u00e9tendons \u00e9galement nos services aux grandes villes belges comme <strong data-start=\"838\" data-end=\"875\"><a href=\"https:\/\/fr.wikipedia.org\/wiki\/Charleroi\" target=\"_blank\" rel=\"noopener\">Charleroi<\/a>, <a href=\"https:\/\/fr.wikipedia.org\/wiki\/Namur\" target=\"_blank\" rel=\"noopener\">Namur<\/a>, <a href=\"https:\/\/fr.wikipedia.org\/wiki\/Li%C3%A8ge\" target=\"_blank\" rel=\"noopener\">Li\u00e8ge<\/a> et <a href=\"https:\/\/fr.wikipedia.org\/wiki\/Anvers\" target=\"_blank\" rel=\"noopener\">Anvers<\/a><\/strong>. Notre \u00e9quipe exp\u00e9riment\u00e9e et notre mat\u00e9riel professionnel, y compris nos <strong data-start=\"950\" data-end=\"987\">lifts pour les meubles volumineux<\/strong>, nous permettent de nous adapter \u00e0 toutes les situations et de garantir un d\u00e9m\u00e9nagement rapide et s\u00e9curis\u00e9.<\/p>\n<hr data-start=\"1097\" data-end=\"1100\" \/>\n<h2 data-section-id=\"174wi5q\" data-start=\"1102\" data-end=\"1149\">Forest : une commune r\u00e9sidentielle dynamique<\/h2>\n<p data-start=\"1151\" data-end=\"1335\">Situ\u00e9e au sud-ouest de Bruxelles, <strong data-start=\"1185\" data-end=\"1195\">Forest<\/strong> est connue pour son m\u00e9lange d\u2019appartements et de maisons individuelles, ses espaces verts et son accessibilit\u00e9 aux commerces et services.<\/p>\n<p data-start=\"1337\" data-end=\"1374\">Quelques particularit\u00e9s de Forest :<\/p>\n<ul data-start=\"1376\" data-end=\"1674\">\n<li data-section-id=\"jlueo0\" data-start=\"1376\" data-end=\"1464\">\n<p data-start=\"1378\" data-end=\"1464\"><strong data-start=\"1378\" data-end=\"1411\">Quartiers r\u00e9sidentiels vari\u00e9s<\/strong>, allant des immeubles anciens aux maisons modernes<\/p>\n<\/li>\n<li data-section-id=\"gjdc2r\" data-start=\"1465\" data-end=\"1535\">\n<p data-start=\"1467\" data-end=\"1535\"><strong data-start=\"1467\" data-end=\"1505\">Proximit\u00e9 des transports en commun<\/strong> et des grands axes routiers<\/p>\n<\/li>\n<li data-section-id=\"hbmjqs\" data-start=\"1536\" data-end=\"1604\">\n<p data-start=\"1538\" data-end=\"1604\"><strong data-start=\"1538\" data-end=\"1575\">Espaces verts et zones de loisirs<\/strong>, id\u00e9ales pour les familles<\/p>\n<\/li>\n<li data-section-id=\"qrfm95\" data-start=\"1605\" data-end=\"1674\">\n<p data-start=\"1607\" data-end=\"1674\"><strong data-start=\"1607\" data-end=\"1632\">Rues parfois \u00e9troites<\/strong>, ce qui peut compliquer le d\u00e9m\u00e9nagement<\/p>\n<\/li>\n<\/ul>\n<p data-start=\"1676\" data-end=\"1883\">Ces caract\u00e9ristiques font de Forest un lieu agr\u00e9able pour vivre, mais elles peuvent repr\u00e9senter des d\u00e9fis logistiques pour un d\u00e9m\u00e9nagement, notamment lorsqu\u2019il s\u2019agit de transporter des meubles volumineux.<\/p>\n<hr data-start=\"1885\" data-end=\"1888\" \/>\n<h2 data-section-id=\"1pt2fmi\" data-start=\"1890\" data-end=\"1958\">Pourquoi faire appel \u00e0 des professionnels pour votre d\u00e9m\u00e9nagement<\/h2>\n<p data-start=\"1960\" data-end=\"2016\">Un d\u00e9m\u00e9nagement r\u00e9ussi repose sur plusieurs \u00e9l\u00e9ments :<\/p>\n<ul data-start=\"2018\" data-end=\"2364\">\n<li data-section-id=\"14q3a5e\" data-start=\"2018\" data-end=\"2100\">\n<p data-start=\"2020\" data-end=\"2100\"><strong data-start=\"2020\" data-end=\"2047\">Expertise et exp\u00e9rience<\/strong> : manipulation s\u00fbre des meubles et objets fragiles<\/p>\n<\/li>\n<li data-section-id=\"u2vtev\" data-start=\"2101\" data-end=\"2182\">\n<p data-start=\"2103\" data-end=\"2182\"><strong data-start=\"2103\" data-end=\"2133\">Organisation du chargement<\/strong> : planification pour optimiser temps et espace<\/p>\n<\/li>\n<li data-section-id=\"9ot6cx\" data-start=\"2183\" data-end=\"2260\">\n<p data-start=\"2185\" data-end=\"2260\"><strong data-start=\"2185\" data-end=\"2197\">S\u00e9curit\u00e9<\/strong> : r\u00e9duction du risque de dommages aux biens et aux b\u00e2timents<\/p>\n<\/li>\n<li data-section-id=\"16bb791\" data-start=\"2261\" data-end=\"2364\">\n<p data-start=\"2263\" data-end=\"2364\"><strong data-start=\"2263\" data-end=\"2279\">Adaptabilit\u00e9<\/strong> : gestion des contraintes li\u00e9es aux immeubles, escaliers ou stationnements \u00e9troits<\/p>\n<\/li>\n<\/ul>\n<p data-start=\"2366\" data-end=\"2694\">Chez <strong data-start=\"2371\" data-end=\"2389\">Belgium Movers<\/strong>, nous garantissons tous ces services gr\u00e2ce \u00e0 notre \u00e9quipe qualifi\u00e9e et \u00e0 l\u2019utilisation de <strong data-start=\"2480\" data-end=\"2504\">lifts professionnels<\/strong> lorsque n\u00e9cessaire. Cela permet de transporter vos biens volumineux ou lourds en toute s\u00e9curit\u00e9, m\u00eame dans les immeubles anciens de Forest ou dans les quartiers urbains denses de Bruxelles.<\/p>\n<hr data-start=\"2696\" data-end=\"2699\" \/>\n<h2 data-section-id=\"1y3mmku\" data-start=\"2701\" data-end=\"2737\">Pr\u00e9parer un d\u00e9m\u00e9nagement \u00e0 Forest<\/h2>\n<h3 data-section-id=\"1rgideh\" data-start=\"2739\" data-end=\"2761\">Trier vos affaires<\/h3>\n<p data-start=\"2763\" data-end=\"2839\">Avant de commencer l\u2019emballage, il est important de <strong data-start=\"2815\" data-end=\"2835\">trier vos objets<\/strong> :<\/p>\n<ul data-start=\"2841\" data-end=\"2888\">\n<li data-section-id=\"1l2vwy7\" data-start=\"2841\" data-end=\"2853\">\n<p data-start=\"2843\" data-end=\"2853\">\u00c0 garder<\/p>\n<\/li>\n<li data-section-id=\"1cu9chs\" data-start=\"2854\" data-end=\"2876\">\n<p data-start=\"2856\" data-end=\"2876\">\u00c0 donner ou vendre<\/p>\n<\/li>\n<li data-section-id=\"ra99no\" data-start=\"2877\" data-end=\"2888\">\n<p data-start=\"2879\" data-end=\"2888\">\u00c0 jeter<\/p>\n<\/li>\n<\/ul>\n<p data-start=\"2890\" data-end=\"2992\">Cette \u00e9tape permet de r\u00e9duire le volume \u00e0 transporter et de simplifier l\u2019organisation du d\u00e9m\u00e9nagement.<\/p>\n<h3 data-section-id=\"mqjzbt\" data-start=\"2994\" data-end=\"3018\">Emballage des objets<\/h3>\n<ul data-start=\"3020\" data-end=\"3250\">\n<li data-section-id=\"31iom1\" data-start=\"3020\" data-end=\"3094\">\n<p data-start=\"3022\" data-end=\"3094\">Utilisez des <strong data-start=\"3035\" data-end=\"3054\">cartons solides<\/strong> adapt\u00e9s aux diff\u00e9rents types d\u2019objets<\/p>\n<\/li>\n<li data-section-id=\"jtsrra\" data-start=\"3095\" data-end=\"3171\">\n<p data-start=\"3097\" data-end=\"3171\">Prot\u00e9gez les objets fragiles avec du <strong data-start=\"3134\" data-end=\"3169\">papier bulle ou des couvertures<\/strong><\/p>\n<\/li>\n<li data-section-id=\"1fz8yce\" data-start=\"3172\" data-end=\"3250\">\n<p data-start=\"3174\" data-end=\"3250\">\u00c9tiquetez chaque carton par pi\u00e8ce pour un <strong data-start=\"3216\" data-end=\"3248\">d\u00e9ballage rapide et organis\u00e9<\/strong><\/p>\n<\/li>\n<\/ul>\n<h3 data-section-id=\"esqakx\" data-start=\"3252\" data-end=\"3284\">Pr\u00e9parer l\u2019acc\u00e8s au logement<\/h3>\n<p data-start=\"3286\" data-end=\"3536\">Certaines rues de Forest et de Bruxelles, comme <strong data-start=\"3334\" data-end=\"3364\">Saint-Gilles ou Anderlecht<\/strong>, peuvent pr\u00e9senter des contraintes pour le stationnement. Anticiper l\u2019espace n\u00e9cessaire pour le camion et le lift facilite le d\u00e9m\u00e9nagement et r\u00e9duit les risques de retard.<\/p>\n<hr data-start=\"3538\" data-end=\"3541\" \/>\n<h2 data-section-id=\"1wd1i21\" data-start=\"3543\" data-end=\"3608\">L\u2019utilisation d\u2019un lift pour un d\u00e9m\u00e9nagement en toute s\u00e9curit\u00e9<\/h2>\n<p data-start=\"3610\" data-end=\"3742\">Pour les appartements situ\u00e9s \u00e0 l\u2019\u00e9tage ou les maisons avec escaliers \u00e9troits, d\u00e9placer des meubles volumineux peut \u00eatre compliqu\u00e9.<\/p>\n<p data-start=\"3744\" data-end=\"3821\">Chez <strong data-start=\"3749\" data-end=\"3767\">Belgium Movers<\/strong>, nous utilisons des <strong data-start=\"3788\" data-end=\"3812\">lifts professionnels<\/strong> pour :<\/p>\n<ul data-start=\"3823\" data-end=\"4053\">\n<li data-section-id=\"1o0a8b5\" data-start=\"3823\" data-end=\"3883\">\n<p data-start=\"3825\" data-end=\"3883\">Transporter vos meubles lourds ou encombrants rapidement<\/p>\n<\/li>\n<li data-section-id=\"1jipmj3\" data-start=\"3884\" data-end=\"3944\">\n<p data-start=\"3886\" data-end=\"3944\">Garantir la <strong data-start=\"3898\" data-end=\"3923\">s\u00e9curit\u00e9 de vos biens<\/strong> et des techniciens<\/p>\n<\/li>\n<li data-section-id=\"1vadxn4\" data-start=\"3945\" data-end=\"3989\">\n<p data-start=\"3947\" data-end=\"3989\">Faciliter le transport d\u2019objets fragiles<\/p>\n<\/li>\n<li data-section-id=\"lu10sq\" data-start=\"3990\" data-end=\"4053\">\n<p data-start=\"3992\" data-end=\"4053\">S\u2019adapter aux contraintes sp\u00e9cifiques des immeubles anciens<\/p>\n<\/li>\n<\/ul>\n<p data-start=\"4055\" data-end=\"4220\">Gr\u00e2ce \u00e0 nos lifts, nous assurons un d\u00e9m\u00e9nagement efficace et s\u00e9curis\u00e9 dans <strong data-start=\"4130\" data-end=\"4177\">Forest, Bruxelles et dans toute la Belgique<\/strong>, m\u00eame pour les objets les plus volumineux.<\/p>\n<hr data-start=\"4222\" data-end=\"4225\" \/>\n<h2 data-section-id=\"wcklvf\" data-start=\"4227\" data-end=\"4272\">Intervention \u00e0 Forest et communes voisines<\/h2>\n<p data-start=\"4274\" data-end=\"4350\">Nous intervenons \u00e0 <strong data-start=\"4293\" data-end=\"4303\">Forest<\/strong>, mais aussi dans les communes bruxelloises :<\/p>\n<ul data-start=\"4352\" data-end=\"4649\">\n<li data-section-id=\"8vyfub\" data-start=\"4352\" data-end=\"4401\">\n<p data-start=\"4354\" data-end=\"4401\"><strong data-start=\"4354\" data-end=\"4363\">Uccle<\/strong> : maisons et appartements familiaux<\/p>\n<\/li>\n<li data-section-id=\"zqggrn\" data-start=\"4402\" data-end=\"4457\">\n<p data-start=\"4404\" data-end=\"4457\"><strong data-start=\"4404\" data-end=\"4420\">Saint-Gilles<\/strong> : densit\u00e9 urbaine et rues \u00e9troites<\/p>\n<\/li>\n<li data-section-id=\"vd8hhe\" data-start=\"4458\" data-end=\"4522\">\n<p data-start=\"4460\" data-end=\"4522\"><strong data-start=\"4460\" data-end=\"4474\">Anderlecht<\/strong> : quartiers vari\u00e9s et acc\u00e8s parfois compliqu\u00e9<\/p>\n<\/li>\n<li data-section-id=\"dvi6wa\" data-start=\"4523\" data-end=\"4584\">\n<p data-start=\"4525\" data-end=\"4584\"><strong data-start=\"4525\" data-end=\"4536\">Ixelles<\/strong> : appartements en \u00e9tage et zones commer\u00e7antes<\/p>\n<\/li>\n<li data-section-id=\"3rz503\" data-start=\"4585\" data-end=\"4649\">\n<p data-start=\"4587\" data-end=\"4649\"><strong data-start=\"4587\" data-end=\"4610\">Watermael-Boitsfort<\/strong> : maisons familiales et zones calmes<\/p>\n<\/li>\n<\/ul>\n<p data-start=\"4651\" data-end=\"4891\">Nous couvrons \u00e9galement de grandes villes belges pour les d\u00e9m\u00e9nagements interurbains : <strong data-start=\"4738\" data-end=\"4781\">Charleroi, Namur, Li\u00e8ge, Anvers et Gand<\/strong>. Cette couverture nous permet de g\u00e9rer vos d\u00e9m\u00e9nagements partout en Belgique avec la m\u00eame qualit\u00e9 de service.<\/p>\n<hr data-start=\"4893\" data-end=\"4896\" \/>\n<h2 data-section-id=\"irvy4a\" data-start=\"4898\" data-end=\"4935\">Organisation de votre d\u00e9m\u00e9nagement<\/h2>\n<p data-start=\"4937\" data-end=\"5017\">Chaque d\u00e9m\u00e9nagement est unique. Notre \u00e9quipe adapte son approche en fonction :<\/p>\n<ul data-start=\"5019\" data-end=\"5103\">\n<li data-section-id=\"15bhwtv\" data-start=\"5019\" data-end=\"5042\">\n<p data-start=\"5021\" data-end=\"5042\">Du type de logement<\/p>\n<\/li>\n<li data-section-id=\"gc36h1\" data-start=\"5043\" data-end=\"5070\">\n<p data-start=\"5045\" data-end=\"5070\">Du volume \u00e0 transporter<\/p>\n<\/li>\n<li data-section-id=\"18gy2xp\" data-start=\"5071\" data-end=\"5103\">\n<p data-start=\"5073\" data-end=\"5103\">De l\u2019accessibilit\u00e9 des lieux<\/p>\n<\/li>\n<\/ul>\n<h3 data-section-id=\"143o1xx\" data-start=\"5105\" data-end=\"5130\">Chargement m\u00e9thodique<\/h3>\n<p data-start=\"5132\" data-end=\"5197\">Chaque meuble et carton est plac\u00e9 de mani\u00e8re strat\u00e9gique pour :<\/p>\n<ul data-start=\"5199\" data-end=\"5298\">\n<li data-section-id=\"1t8w8lc\" data-start=\"5199\" data-end=\"5230\">\n<p data-start=\"5201\" data-end=\"5230\">Prot\u00e9ger les biens fragiles<\/p>\n<\/li>\n<li data-section-id=\"1yuc8yw\" data-start=\"5231\" data-end=\"5268\">\n<p data-start=\"5233\" data-end=\"5268\">Optimiser l\u2019espace dans le camion<\/p>\n<\/li>\n<li data-section-id=\"skbjrj\" data-start=\"5269\" data-end=\"5298\">\n<p data-start=\"5271\" data-end=\"5298\">Faciliter le d\u00e9chargement<\/p>\n<\/li>\n<\/ul>\n<h3 data-section-id=\"lb4cvc\" data-start=\"5300\" data-end=\"5322\">Transport s\u00e9curis\u00e9<\/h3>\n<p data-start=\"5324\" data-end=\"5449\">Nos techniciens utilisent des protections et des sangles pour garantir que les meubles arrivent <strong data-start=\"5420\" data-end=\"5448\">intacts et sans dommages<\/strong>.<\/p>\n<h3 data-section-id=\"w8vs4w\" data-start=\"5451\" data-end=\"5483\">Adaptation \u00e0 l\u2019environnement<\/h3>\n<p data-start=\"5485\" data-end=\"5667\">Nous \u00e9valuons les contraintes d\u2019acc\u00e8s (rues \u00e9troites, stationnement limit\u00e9, escaliers) et choisissons la m\u00e9thode la plus adapt\u00e9e, qu\u2019il s\u2019agisse d\u2019un <strong data-start=\"5635\" data-end=\"5666\">lift classique ou tractable<\/strong>.<\/p>\n<hr data-start=\"5669\" data-end=\"5672\" \/>\n<h2 data-section-id=\"ake358\" data-start=\"5674\" data-end=\"5722\">Conseils pour un d\u00e9m\u00e9nagement r\u00e9ussi \u00e0 Forest<\/h2>\n<p><img loading=\"lazy\" decoding=\"async\" class=\"alignnone  wp-image-203\" src=\"https:\/\/belgium-movers.be\/blog\/wp-content\/uploads\/2026\/03\/organisation-carton-300x200.jpg\" alt=\"\" width=\"452\" height=\"301\" srcset=\"https:\/\/belgium-movers.be\/blog\/wp-content\/uploads\/2026\/03\/organisation-carton-300x200.jpg 300w, https:\/\/belgium-movers.be\/blog\/wp-content\/uploads\/2026\/03\/organisation-carton-1024x683.jpg 1024w, https:\/\/belgium-movers.be\/blog\/wp-content\/uploads\/2026\/03\/organisation-carton-768x512.jpg 768w, https:\/\/belgium-movers.be\/blog\/wp-content\/uploads\/2026\/03\/organisation-carton-1536x1024.jpg 1536w, https:\/\/belgium-movers.be\/blog\/wp-content\/uploads\/2026\/03\/organisation-carton-2048x1365.jpg 2048w\" sizes=\"auto, (max-width: 452px) 100vw, 452px\" \/><\/p>\n<ol data-start=\"5724\" data-end=\"6241\">\n<li data-section-id=\"1d211qu\" data-start=\"5724\" data-end=\"5842\">\n<p data-start=\"5727\" data-end=\"5842\"><strong data-start=\"5727\" data-end=\"5770\">Planifiez votre d\u00e9m\u00e9nagement \u00e0 l\u2019avance<\/strong> : commencez l\u2019emballage et le tri plusieurs semaines avant le jour J.<\/p>\n<\/li>\n<li data-section-id=\"zcpztq\" data-start=\"5843\" data-end=\"5935\">\n<p data-start=\"5846\" data-end=\"5935\"><strong data-start=\"5846\" data-end=\"5878\">Prot\u00e9gez vos objets fragiles<\/strong> : utilisez housses et calage pour \u00e9viter les dommages.<\/p>\n<\/li>\n<li data-section-id=\"alsr4x\" data-start=\"5936\" data-end=\"6032\">\n<p data-start=\"5939\" data-end=\"6032\"><strong data-start=\"5939\" data-end=\"5985\">Pr\u00e9parez l\u2019acc\u00e8s pour le camion et le lift<\/strong> : v\u00e9rifiez les contraintes de stationnement.<\/p>\n<\/li>\n<li data-section-id=\"i7355y\" data-start=\"6033\" data-end=\"6144\">\n<p data-start=\"6036\" data-end=\"6144\"><strong data-start=\"6036\" data-end=\"6073\">Faites appel \u00e0 des professionnels<\/strong> : transport des meubles lourds ou volumineux, organisation efficace.<\/p>\n<\/li>\n<li data-section-id=\"103dd8u\" data-start=\"6145\" data-end=\"6241\">\n<p data-start=\"6148\" data-end=\"6241\"><strong data-start=\"6148\" data-end=\"6181\">Communiquez avec notre \u00e9quipe<\/strong> : signalez tout objet d\u00e9licat pour un traitement appropri\u00e9.<\/p>\n<\/li>\n<\/ol>\n<hr data-start=\"6243\" data-end=\"6246\" \/>\n<h2 data-section-id=\"9s7zin\" data-start=\"6248\" data-end=\"6276\">FAQ \u2013 D\u00e9m\u00e9nagement Forest<\/h2>\n<p data-start=\"6278\" data-end=\"6526\"><strong data-start=\"6278\" data-end=\"6324\">1. Combien de temps dure un d\u00e9m\u00e9nagement ?<\/strong><br data-start=\"6324\" data-end=\"6327\" \/>La dur\u00e9e d\u00e9pend du volume \u00e0 transporter et de la distance entre les logements. Un appartement peut \u00eatre d\u00e9m\u00e9nag\u00e9 en quelques heures, tandis qu\u2019une maison enti\u00e8re peut n\u00e9cessiter une journ\u00e9e compl\u00e8te.<\/p>\n<p data-start=\"6528\" data-end=\"6715\"><strong data-start=\"6528\" data-end=\"6581\">2. L\u2019utilisation d\u2019un lift est-elle obligatoire ?<\/strong><br data-start=\"6581\" data-end=\"6584\" \/>Non, mais elle est fortement recommand\u00e9e pour les immeubles anciens ou les meubles volumineux. Le lift assure rapidit\u00e9 et s\u00e9curit\u00e9.<\/p>\n<p data-start=\"6717\" data-end=\"6972\"><strong data-start=\"6717\" data-end=\"6775\">3. Proposez-vous des services dans d\u2019autres communes ?<\/strong><br data-start=\"6775\" data-end=\"6778\" \/>Oui, nous intervenons \u00e0 Forest, ainsi qu\u2019\u00e0 <strong data-start=\"6821\" data-end=\"6886\">Uccle, Saint-Gilles, Anderlecht, Ixelles, Watermael-Boitsfort<\/strong>, et dans les grandes villes belges comme <strong data-start=\"6928\" data-end=\"6971\">Charleroi, Namur, Li\u00e8ge, Anvers et Gand<\/strong>.<\/p>\n<p data-start=\"6974\" data-end=\"7153\"><strong data-start=\"6974\" data-end=\"7020\">4. Puis-je d\u00e9m\u00e9nager des objets fragiles ?<\/strong><br data-start=\"7020\" data-end=\"7023\" \/>Oui, nous prenons soin de vos objets fragiles avec des protections adapt\u00e9es pour qu\u2019ils arrivent intacts \u00e0 votre nouveau logement.<\/p>\n<p data-start=\"7155\" data-end=\"7324\"><strong data-start=\"7155\" data-end=\"7196\">5. Proposez-vous des devis gratuits ?<\/strong><br data-start=\"7196\" data-end=\"7199\" \/>Oui. Nous offrons <strong data-start=\"7217\" data-end=\"7256\">des devis gratuits et personnalis\u00e9s<\/strong>, vous permettant de planifier votre d\u00e9m\u00e9nagement en toute s\u00e9r\u00e9nit\u00e9.<\/p>\n<hr data-start=\"7326\" data-end=\"7329\" \/>\n<h2 data-section-id=\"e90o9l\" data-start=\"7331\" data-end=\"7349\">Nos engagements<\/h2>\n<p data-start=\"7351\" data-end=\"7401\">Chez <strong data-start=\"7356\" data-end=\"7374\">Belgium Movers<\/strong>, nous nous engageons \u00e0 :<\/p>\n<ul data-start=\"7403\" data-end=\"7594\">\n<li data-section-id=\"5i7ido\" data-start=\"7403\" data-end=\"7448\">\n<p data-start=\"7405\" data-end=\"7448\">Manipuler vos meubles et objets avec soin<\/p>\n<\/li>\n<li data-section-id=\"zunvz4\" data-start=\"7449\" data-end=\"7482\">\n<p data-start=\"7451\" data-end=\"7482\">Respecter les d\u00e9lais convenus<\/p>\n<\/li>\n<li data-section-id=\"r9zjvp\" data-start=\"7483\" data-end=\"7532\">\n<p data-start=\"7485\" data-end=\"7532\">Garantir un d\u00e9m\u00e9nagement s\u00e9curis\u00e9 et efficace<\/p>\n<\/li>\n<li data-section-id=\"x9up5h\" data-start=\"7533\" data-end=\"7594\">\n<p data-start=\"7535\" data-end=\"7594\">Adapter notre mat\u00e9riel et nos m\u00e9thodes \u00e0 chaque situation<\/p>\n<\/li>\n<\/ul>\n<p data-start=\"7596\" data-end=\"7786\">Gr\u00e2ce \u00e0 notre exp\u00e9rience et \u00e0 nos <strong data-start=\"7630\" data-end=\"7654\">lifts professionnels<\/strong>, nous vous assurons un d\u00e9m\u00e9nagement organis\u00e9, rapide et sans stress, que ce soit dans <strong data-start=\"7741\" data-end=\"7785\">Forest, Bruxelles ou partout en Belgique<\/strong>.<\/p>\n<hr data-start=\"7788\" data-end=\"7791\" \/>\n<h2 data-section-id=\"8dtpi\" data-start=\"7793\" data-end=\"7806\">Conclusion<\/h2>\n<p data-start=\"7808\" data-end=\"8060\">D\u00e9m\u00e9nager \u00e0 Forest ou dans les communes environnantes peut \u00eatre complexe si l\u2019on n\u2019est pas pr\u00e9par\u00e9. Entre les contraintes d\u2019acc\u00e8s, le transport des meubles volumineux et l\u2019organisation des cartons, un d\u00e9m\u00e9nagement r\u00e9ussi n\u00e9cessite des professionnels.<\/p>\n<p data-start=\"8062\" data-end=\"8274\">Chez <strong data-start=\"8067\" data-end=\"8085\">Belgium Movers<\/strong>, nous intervenons \u00e0 <strong data-start=\"8106\" data-end=\"8179\">Forest, Uccle, Saint-Gilles, Anderlecht, Ixelles, Watermael-Boitsfort<\/strong>, ainsi que dans les grandes villes belges comme <strong data-start=\"8228\" data-end=\"8271\">Charleroi, Namur, Li\u00e8ge, Anvers et Gand<\/strong>.<\/p>\n<p data-start=\"8276\" data-end=\"8469\">Gr\u00e2ce \u00e0 notre \u00e9quipe exp\u00e9riment\u00e9e, notre mat\u00e9riel professionnel et l\u2019utilisation de <strong data-start=\"8360\" data-end=\"8397\">lifts pour les meubles volumineux<\/strong>, nous garantissons un d\u00e9m\u00e9nagement s\u00e9curis\u00e9, efficace et sans stress.<\/p>\n<p data-start=\"8471\" data-end=\"8665\">Nous proposons <strong data-start=\"8486\" data-end=\"8525\">des devis gratuits et personnalis\u00e9s<\/strong>. <strong data-start=\"8527\" data-end=\"8561\"><a href=\"https:\/\/belgium-movers.be\/contact-demenagement.html\" target=\"_blank\" rel=\"noopener\">Contactez-nous<\/a> d\u00e8s aujourd\u2019hui<\/strong> pour planifier votre d\u00e9m\u00e9nagement \u00e0 Forest et profiter d\u2019un service professionnel adapt\u00e9 \u00e0 vos besoins.<\/p>\n","protected":false},"excerpt":{"rendered":"<p>D\u00e9m\u00e9nager peut rapidement devenir une t\u00e2che stressante si elle n\u2019est pas bien organis\u00e9e. Entre la pr\u00e9paration des cartons, le transport des meubles volumineux et la gestion des contraintes d\u2019acc\u00e8s, il est essentiel de faire appel \u00e0 une \u00e9quipe professionnelle. Chez Belgium Movers, nous intervenons \u00e0 Forest ainsi que dans les communes voisines telles que Uccle,&hellip;<\/p>\n","protected":false},"author":1,"featured_media":204,"parent":0,"menu_order":0,"comment_status":"closed","ping_status":"closed","template":"","meta":{"footnotes":""},"class_list":["post-202","page","type-page","status-publish","has-post-thumbnail","hentry"],"_links":{"self":[{"href":"https:\/\/belgium-movers.be\/blog\/wp-json\/wp\/v2\/pages\/202","targetHints":{"allow":["GET"]}}],"collection":[{"href":"https:\/\/belgium-movers.be\/blog\/wp-json\/wp\/v2\/pages"}],"about":[{"href":"https:\/\/belgium-movers.be\/blog\/wp-json\/wp\/v2\/types\/page"}],"author":[{"embeddable":true,"href":"https:\/\/belgium-movers.be\/blog\/wp-json\/wp\/v2\/users\/1"}],"replies":[{"embeddable":true,"href":"https:\/\/belgium-movers.be\/blog\/wp-json\/wp\/v2\/comments?post=202"}],"version-history":[{"count":1,"href":"https:\/\/belgium-movers.be\/blog\/wp-json\/wp\/v2\/pages\/202\/revisions"}],"predecessor-version":[{"id":205,"href":"https:\/\/belgium-movers.be\/blog\/wp-json\/wp\/v2\/pages\/202\/revisions\/205"}],"wp:featuredmedia":[{"embeddable":true,"href":"https:\/\/belgium-movers.be\/blog\/wp-json\/wp\/v2\/media\/204"}],"wp:attachment":[{"href":"https:\/\/belgium-movers.be\/blog\/wp-json\/wp\/v2\/media?parent=202"}],"curies":[{"name":"wp","href":"https:\/\/api.w.org\/{rel}","templated":true}]}}