{"id":198,"date":"2026-03-10T14:46:53","date_gmt":"2026-03-10T13:46:53","guid":{"rendered":"https:\/\/belgium-movers.be\/blog\/?page_id=198"},"modified":"2026-03-10T14:46:53","modified_gmt":"2026-03-10T13:46:53","slug":"demenagement-uccle","status":"publish","type":"page","link":"https:\/\/belgium-movers.be\/blog\/demenagement-uccle\/","title":{"rendered":"D\u00e9m\u00e9nagement Uccle"},"content":{"rendered":"<p data-start=\"370\" data-end=\"663\">D\u00e9m\u00e9nager peut \u00eatre une exp\u00e9rience stressante si elle n\u2019est pas bien planifi\u00e9e. Entre le transport des meubles, l\u2019organisation des cartons et les contraintes d\u2019acc\u00e8s aux appartements, il est essentiel de faire appel \u00e0 une \u00e9quipe professionnelle pour garantir un d\u00e9m\u00e9nagement s\u00fbr et efficace.<\/p>\n<p data-start=\"665\" data-end=\"1017\">Chez <a href=\"https:\/\/belgium-movers.be\/\" target=\"_blank\" rel=\"noopener\"><strong data-start=\"670\" data-end=\"688\">Belgium Movers<\/strong><\/a>, nous intervenons \u00e0 <strong data-start=\"709\" data-end=\"718\">Uccle<\/strong> et dans les communes voisines telles que <strong data-start=\"760\" data-end=\"827\">Ixelles, Watermael-Boitsfort, Auderghem, Forest et Saint-Gilles<\/strong>. Notre \u00e9quipe exp\u00e9riment\u00e9e et notre mat\u00e9riel professionnel, incluant des <strong data-start=\"901\" data-end=\"938\">lifts pour les meubles volumineux<\/strong>, nous permettent de nous adapter \u00e0 toutes les situations et types de logement.<\/p>\n<hr data-start=\"1019\" data-end=\"1022\" \/>\n<h2 data-section-id=\"gfubay\" data-start=\"1024\" data-end=\"1073\">Uccle : une commune r\u00e9sidentielle et dynamique<\/h2>\n<p data-start=\"1075\" data-end=\"1206\">Situ\u00e9e dans le sud de Bruxelles, Uccle est connue pour ses quartiers r\u00e9sidentiels calmes, ses espaces verts et son accessibilit\u00e9.<\/p>\n<p data-start=\"1208\" data-end=\"1251\">Quelques caract\u00e9ristiques de la commune :<\/p>\n<ul data-start=\"1253\" data-end=\"1531\">\n<li data-section-id=\"1hrxz3q\" data-start=\"1253\" data-end=\"1316\">\n<p data-start=\"1255\" data-end=\"1316\">Pr\u00e9sence de <strong data-start=\"1267\" data-end=\"1314\">maisons familiales et appartements spacieux<\/strong><\/p>\n<\/li>\n<li data-section-id=\"hv6xyy\" data-start=\"1317\" data-end=\"1379\">\n<p data-start=\"1319\" data-end=\"1379\">Acc\u00e8s facile aux commerces, \u00e9coles et transports en commun<\/p>\n<\/li>\n<li data-section-id=\"1elb3ix\" data-start=\"1380\" data-end=\"1448\">\n<p data-start=\"1382\" data-end=\"1448\">Quartiers calmes, id\u00e9aux pour les familles et les professionnels<\/p>\n<\/li>\n<li data-section-id=\"1sq8i78\" data-start=\"1449\" data-end=\"1531\">\n<p data-start=\"1451\" data-end=\"1531\">Proximit\u00e9 de zones naturelles et parcs (Bois de la Cambre, Parc de Wolvendael)<\/p>\n<\/li>\n<\/ul>\n<p data-start=\"1533\" data-end=\"1787\">Cependant, Uccle pr\u00e9sente \u00e9galement des <strong data-start=\"1573\" data-end=\"1603\">d\u00e9fis pour le d\u00e9m\u00e9nagement<\/strong> : rues parfois \u00e9troites, stationnement limit\u00e9 ou b\u00e2timents anciens sans ascenseur. Nos experts savent comment g\u00e9rer ces contraintes pour que votre d\u00e9m\u00e9nagement se d\u00e9roule sans stress.<\/p>\n<hr data-start=\"1789\" data-end=\"1792\" \/>\n<h2 data-section-id=\"1pt2fmi\" data-start=\"1794\" data-end=\"1862\">Pourquoi faire appel \u00e0 des professionnels pour votre d\u00e9m\u00e9nagement<\/h2>\n<p data-start=\"1864\" data-end=\"1931\">Un d\u00e9m\u00e9nagement r\u00e9ussi repose sur plusieurs facteurs essentiels :<\/p>\n<ul data-start=\"1933\" data-end=\"2269\">\n<li data-section-id=\"18n2zyr\" data-start=\"1933\" data-end=\"2022\">\n<p data-start=\"1935\" data-end=\"2022\"><strong data-start=\"1935\" data-end=\"1965\">Exp\u00e9rience et savoir-faire<\/strong> : manipulation correcte des meubles et objets fragiles<\/p>\n<\/li>\n<li data-section-id=\"vzqmm3\" data-start=\"2023\" data-end=\"2109\">\n<p data-start=\"2025\" data-end=\"2109\"><strong data-start=\"2025\" data-end=\"2055\">Organisation du chargement<\/strong> : planification pour optimiser le temps et l\u2019espace<\/p>\n<\/li>\n<li data-section-id=\"ibn97c\" data-start=\"2110\" data-end=\"2174\">\n<p data-start=\"2112\" data-end=\"2174\"><strong data-start=\"2112\" data-end=\"2124\">S\u00e9curit\u00e9<\/strong> : r\u00e9duction du risque d\u2019endommagement des biens<\/p>\n<\/li>\n<li data-section-id=\"ho03oj\" data-start=\"2175\" data-end=\"2269\">\n<p data-start=\"2177\" data-end=\"2269\"><strong data-start=\"2177\" data-end=\"2193\">Adaptabilit\u00e9<\/strong> : gestion des contraintes li\u00e9es aux immeubles, escaliers et stationnement<\/p>\n<\/li>\n<\/ul>\n<p data-start=\"2271\" data-end=\"2494\">Chez <strong data-start=\"2276\" data-end=\"2294\">Belgium Movers<\/strong>, nous garantissons ces services gr\u00e2ce \u00e0 notre \u00e9quipe qualifi\u00e9e et \u00e0 notre mat\u00e9riel moderne, y compris l\u2019utilisation de <strong data-start=\"2414\" data-end=\"2423\">lifts<\/strong> pour faciliter le transport des objets volumineux ou situ\u00e9s \u00e0 l\u2019\u00e9tage.<\/p>\n<hr data-start=\"2496\" data-end=\"2499\" \/>\n<h2 data-section-id=\"cov2su\" data-start=\"2501\" data-end=\"2554\">Pr\u00e9paration : la cl\u00e9 d\u2019un d\u00e9m\u00e9nagement sans stress<\/h2>\n<p><img loading=\"lazy\" decoding=\"async\" class=\"alignnone  wp-image-200\" src=\"https:\/\/belgium-movers.be\/blog\/wp-content\/uploads\/2026\/03\/cartons-objets-fragiles-demenagement-services-belgique-300x200.jpg\" alt=\"\" width=\"662\" height=\"441\" srcset=\"https:\/\/belgium-movers.be\/blog\/wp-content\/uploads\/2026\/03\/cartons-objets-fragiles-demenagement-services-belgique-300x200.jpg 300w, https:\/\/belgium-movers.be\/blog\/wp-content\/uploads\/2026\/03\/cartons-objets-fragiles-demenagement-services-belgique-1024x683.jpg 1024w, https:\/\/belgium-movers.be\/blog\/wp-content\/uploads\/2026\/03\/cartons-objets-fragiles-demenagement-services-belgique-768x512.jpg 768w, https:\/\/belgium-movers.be\/blog\/wp-content\/uploads\/2026\/03\/cartons-objets-fragiles-demenagement-services-belgique-1536x1024.jpg 1536w, https:\/\/belgium-movers.be\/blog\/wp-content\/uploads\/2026\/03\/cartons-objets-fragiles-demenagement-services-belgique-2048x1365.jpg 2048w\" sizes=\"auto, (max-width: 662px) 100vw, 662px\" \/><\/p>\n<h3 data-section-id=\"1rgideh\" data-start=\"2556\" data-end=\"2578\">Trier vos affaires<\/h3>\n<p data-start=\"2580\" data-end=\"2656\">Avant de commencer l\u2019emballage, il est important de <strong data-start=\"2632\" data-end=\"2652\">trier vos objets<\/strong> :<\/p>\n<ul data-start=\"2658\" data-end=\"2705\">\n<li data-section-id=\"1l2vwy7\" data-start=\"2658\" data-end=\"2670\">\n<p data-start=\"2660\" data-end=\"2670\">\u00c0 garder<\/p>\n<\/li>\n<li data-section-id=\"1cu9chs\" data-start=\"2671\" data-end=\"2693\">\n<p data-start=\"2673\" data-end=\"2693\">\u00c0 donner ou vendre<\/p>\n<\/li>\n<li data-section-id=\"ra99no\" data-start=\"2694\" data-end=\"2705\">\n<p data-start=\"2696\" data-end=\"2705\">\u00c0 jeter<\/p>\n<\/li>\n<\/ul>\n<p data-start=\"2707\" data-end=\"2806\">Cette \u00e9tape simplifie le d\u00e9m\u00e9nagement, r\u00e9duit le volume \u00e0 transporter et permet de gagner du temps.<\/p>\n<h3 data-section-id=\"jd7wtq\" data-start=\"2808\" data-end=\"2821\">Emballage<\/h3>\n<ul data-start=\"2823\" data-end=\"3024\">\n<li data-section-id=\"1ijtbs4\" data-start=\"2823\" data-end=\"2889\">\n<p data-start=\"2825\" data-end=\"2889\">Utilisez des <strong data-start=\"2838\" data-end=\"2865\">cartons solides adapt\u00e9s<\/strong> \u00e0 chaque type d\u2019objet<\/p>\n<\/li>\n<li data-section-id=\"1v1cegw\" data-start=\"2890\" data-end=\"2970\">\n<p data-start=\"2892\" data-end=\"2970\">Prot\u00e9gez les objets fragiles avec du <strong data-start=\"2929\" data-end=\"2968\">papier bulle, du tissu ou du calage<\/strong><\/p>\n<\/li>\n<li data-section-id=\"qdsuct\" data-start=\"2971\" data-end=\"3024\">\n<p data-start=\"2973\" data-end=\"3024\">\u00c9tiquetez les cartons pour faciliter le d\u00e9ballage<\/p>\n<\/li>\n<\/ul>\n<h3 data-section-id=\"esqakx\" data-start=\"3026\" data-end=\"3058\">Pr\u00e9parer l\u2019acc\u00e8s au logement<\/h3>\n<p data-start=\"3060\" data-end=\"3254\">Dans certaines zones d\u2019Uccle et communes voisines comme <strong data-start=\"3116\" data-end=\"3137\">Ixelles ou Forest<\/strong>, le stationnement peut \u00eatre limit\u00e9. Pr\u00e9voir un emplacement pour le camion facilite le chargement et le d\u00e9chargement.<\/p>\n<hr data-start=\"3256\" data-end=\"3259\" \/>\n<h2 data-section-id=\"bvuqan\" data-start=\"3261\" data-end=\"3319\">L\u2019utilisation d\u2019un lift pour simplifier le d\u00e9m\u00e9nagement<\/h2>\n<p data-start=\"3321\" data-end=\"3456\">Pour les appartements situ\u00e9s \u00e0 l\u2019\u00e9tage ou les maisons avec escaliers \u00e9troits, d\u00e9placer des meubles volumineux peut \u00eatre un vrai d\u00e9fi.<\/p>\n<p data-start=\"3458\" data-end=\"3549\">Chez <strong data-start=\"3463\" data-end=\"3481\">Belgium Movers<\/strong>, nous utilisons des <strong data-start=\"3502\" data-end=\"3526\">lifts professionnels<\/strong> lorsque n\u00e9cessaire :<\/p>\n<ul data-start=\"3551\" data-end=\"3744\">\n<li data-section-id=\"1lg9z5m\" data-start=\"3551\" data-end=\"3585\">\n<p data-start=\"3553\" data-end=\"3585\"><strong data-start=\"3553\" data-end=\"3583\">Gain de temps consid\u00e9rable<\/strong><\/p>\n<\/li>\n<li data-section-id=\"thi6js\" data-start=\"3586\" data-end=\"3642\">\n<p data-start=\"3588\" data-end=\"3642\"><strong data-start=\"3588\" data-end=\"3623\">R\u00e9duction du risque de dommages<\/strong> pour vos meubles<\/p>\n<\/li>\n<li data-section-id=\"1qtiiq8\" data-start=\"3643\" data-end=\"3689\">\n<p data-start=\"3645\" data-end=\"3689\"><strong data-start=\"3645\" data-end=\"3667\">Transport s\u00e9curis\u00e9<\/strong> des objets fragiles<\/p>\n<\/li>\n<li data-section-id=\"gv13m5\" data-start=\"3690\" data-end=\"3744\">\n<p data-start=\"3692\" data-end=\"3744\"><strong data-start=\"3692\" data-end=\"3712\">Meilleur confort<\/strong> pour l\u2019\u00e9quipe de d\u00e9m\u00e9nagement<\/p>\n<\/li>\n<\/ul>\n<p data-start=\"3746\" data-end=\"3854\">Le lift est particuli\u00e8rement utile pour les immeubles anciens ou lorsque l\u2019acc\u00e8s par escalier est compliqu\u00e9.<\/p>\n<hr data-start=\"3856\" data-end=\"3859\" \/>\n<h2 data-section-id=\"ti5v44\" data-start=\"3861\" data-end=\"3909\">Intervention \u00e0 Uccle et communes avoisinantes<\/h2>\n<p data-start=\"3911\" data-end=\"3997\">Notre soci\u00e9t\u00e9 intervient \u00e0 <strong data-start=\"3938\" data-end=\"3947\">Uccle<\/strong>, mais \u00e9galement dans les communes limitrophes :<\/p>\n<ul data-start=\"3999\" data-end=\"4332\">\n<li data-section-id=\"1wv3629\" data-start=\"3999\" data-end=\"4058\">\n<p data-start=\"4001\" data-end=\"4058\"><a href=\"https:\/\/fr.wikipedia.org\/wiki\/Ixelles\" target=\"_blank\" rel=\"noopener\"><strong data-start=\"4001\" data-end=\"4012\">Ixelles<\/strong><\/a> : quartiers anim\u00e9s et appartements \u00e0 \u00e9tages<\/p>\n<\/li>\n<li data-section-id=\"12ggddr\" data-start=\"4059\" data-end=\"4124\">\n<p data-start=\"4061\" data-end=\"4124\"><a href=\"https:\/\/fr.wikipedia.org\/wiki\/Watermael-Boitsfort\" target=\"_blank\" rel=\"noopener\"><strong data-start=\"4061\" data-end=\"4084\">Watermael-Boitsfort<\/strong><\/a> : maisons familiales et espaces verts<\/p>\n<\/li>\n<li data-section-id=\"koeoqd\" data-start=\"4125\" data-end=\"4184\">\n<p data-start=\"4127\" data-end=\"4184\"><a href=\"https:\/\/fr.wikipedia.org\/wiki\/Auderghem\" target=\"_blank\" rel=\"noopener\"><strong data-start=\"4127\" data-end=\"4140\">Auderghem<\/strong> <\/a>: r\u00e9sidences avec acc\u00e8s parfois difficile<\/p>\n<\/li>\n<li data-section-id=\"nzb29u\" data-start=\"4185\" data-end=\"4258\">\n<p data-start=\"4187\" data-end=\"4258\"><a href=\"https:\/\/fr.wikipedia.org\/wiki\/Forest_(Bruxelles)\" target=\"_blank\" rel=\"noopener\"><strong data-start=\"4187\" data-end=\"4197\">Forest<\/strong> <\/a>: m\u00e9lange d\u2019appartements et maisons, rues parfois \u00e9troites<\/p>\n<\/li>\n<li data-section-id=\"rkezj3\" data-start=\"4259\" data-end=\"4332\">\n<p data-start=\"4261\" data-end=\"4332\"><a href=\"https:\/\/fr.wikipedia.org\/wiki\/Anderlecht\" target=\"_blank\" rel=\"noopener\"><strong data-start=\"4261\" data-end=\"4277\">Anderlecht<\/strong> <\/a>: densit\u00e9 urbaine n\u00e9cessitant une logistique adapt\u00e9e<\/p>\n<\/li>\n<\/ul>\n<p data-start=\"4334\" data-end=\"4486\">Cette couverture r\u00e9gionale nous permet de proposer nos services \u00e0 un maximum de clients et de g\u00e9rer des d\u00e9m\u00e9nagements dans toute la r\u00e9gion efficacement.<\/p>\n<hr data-start=\"4488\" data-end=\"4491\" \/>\n<h2 data-section-id=\"gyi9xs\" data-start=\"4493\" data-end=\"4524\">Organisation du d\u00e9m\u00e9nagement<\/h2>\n<p data-start=\"4526\" data-end=\"4672\">Chaque d\u00e9m\u00e9nagement est unique. Notre \u00e9quipe adapte son approche en fonction du type de logement, du volume \u00e0 transporter et de l\u2019accessibilit\u00e9.<\/p>\n<ul data-start=\"4674\" data-end=\"5011\">\n<li data-section-id=\"1dxyw7c\" data-start=\"4674\" data-end=\"4779\">\n<p data-start=\"4676\" data-end=\"4779\"><strong data-start=\"4676\" data-end=\"4701\">Chargement m\u00e9thodique<\/strong> : chaque meuble et carton est plac\u00e9 strat\u00e9giquement pour prot\u00e9ger vos biens<\/p>\n<\/li>\n<li data-section-id=\"ef6yes\" data-start=\"4780\" data-end=\"4871\">\n<p data-start=\"4782\" data-end=\"4871\"><strong data-start=\"4782\" data-end=\"4806\">D\u00e9placement s\u00e9curis\u00e9<\/strong> : les objets fragiles sont prot\u00e9g\u00e9s par des housses et calages<\/p>\n<\/li>\n<li data-section-id=\"jpyjtq\" data-start=\"4872\" data-end=\"5011\">\n<p data-start=\"4874\" data-end=\"5011\"><strong data-start=\"4874\" data-end=\"4906\">Adaptation \u00e0 l\u2019environnement<\/strong> : notre \u00e9quipe \u00e9value les contraintes du logement et choisit la m\u00e9thode la plus s\u00fbre pour le transport<\/p>\n<\/li>\n<\/ul>\n<hr data-start=\"5013\" data-end=\"5016\" \/>\n<h2 data-section-id=\"rxjn91\" data-start=\"5018\" data-end=\"5057\">Conseils pour un d\u00e9m\u00e9nagement r\u00e9ussi<\/h2>\n<ol data-start=\"5059\" data-end=\"5528\">\n<li data-section-id=\"9ko26c\" data-start=\"5059\" data-end=\"5164\">\n<p data-start=\"5062\" data-end=\"5164\"><strong data-start=\"5062\" data-end=\"5086\">Planifiez \u00e0 l\u2019avance<\/strong> : commencez l\u2019emballage et le tri plusieurs semaines avant le d\u00e9m\u00e9nagement.<\/p>\n<\/li>\n<li data-section-id=\"wupba2\" data-start=\"5165\" data-end=\"5245\">\n<p data-start=\"5168\" data-end=\"5245\"><strong data-start=\"5168\" data-end=\"5200\">Prot\u00e9gez vos objets fragiles<\/strong> : utilisez des housses ou du papier bulle.<\/p>\n<\/li>\n<li data-section-id=\"mgck2u\" data-start=\"5246\" data-end=\"5333\">\n<p data-start=\"5249\" data-end=\"5333\"><strong data-start=\"5249\" data-end=\"5284\">Pr\u00e9parez l\u2019acc\u00e8s pour le camion<\/strong> : anticipez le stationnement et les obstacles.<\/p>\n<\/li>\n<li data-section-id=\"1pvr4hr\" data-start=\"5334\" data-end=\"5429\">\n<p data-start=\"5337\" data-end=\"5429\"><strong data-start=\"5337\" data-end=\"5374\">Faites appel \u00e0 des professionnels<\/strong> : pour transporter des meubles lourds ou volumineux.<\/p>\n<\/li>\n<li data-section-id=\"9fjuqq\" data-start=\"5430\" data-end=\"5528\">\n<p data-start=\"5433\" data-end=\"5528\"><strong data-start=\"5433\" data-end=\"5462\">Communiquez avec l\u2019\u00e9quipe<\/strong> : informez nos techniciens de tout objet d\u00e9licat ou volumineux.<\/p>\n<\/li>\n<\/ol>\n<hr data-start=\"5530\" data-end=\"5533\" \/>\n<h2 data-section-id=\"27wbsa\" data-start=\"5535\" data-end=\"5562\">FAQ \u2013 D\u00e9m\u00e9nagement Uccle<\/h2>\n<p data-start=\"5564\" data-end=\"5817\"><strong data-start=\"5564\" data-end=\"5610\">1. Combien de temps dure un d\u00e9m\u00e9nagement ?<\/strong><br data-start=\"5610\" data-end=\"5613\" \/>La dur\u00e9e d\u00e9pend du volume \u00e0 transporter et de la distance entre les logements. Un petit appartement peut se d\u00e9m\u00e9nager en quelques heures, tandis qu\u2019une maison enti\u00e8re peut n\u00e9cessiter une journ\u00e9e compl\u00e8te.<\/p>\n<p data-start=\"5819\" data-end=\"6022\"><strong data-start=\"5819\" data-end=\"5872\">2. L\u2019utilisation d\u2019un lift est-elle obligatoire ?<\/strong><br data-start=\"5872\" data-end=\"5875\" \/>Non, mais elle est fortement recommand\u00e9e pour les immeubles anciens ou les meubles volumineux, car elle facilite le transport et prot\u00e8ge vos biens.<\/p>\n<p data-start=\"6024\" data-end=\"6201\"><strong data-start=\"6024\" data-end=\"6082\">3. Proposez-vous des services dans d\u2019autres communes ?<\/strong><br data-start=\"6082\" data-end=\"6085\" \/>Oui, nous intervenons \u00e0 Uccle, mais \u00e9galement \u00e0 <strong data-start=\"6133\" data-end=\"6200\">Ixelles, Watermael-Boitsfort, Auderghem, Forest et toutes les communes de Bruxelles et ses alentours.<\/strong><\/p>\n<p data-start=\"6203\" data-end=\"6382\"><strong data-start=\"6203\" data-end=\"6249\">4. Puis-je d\u00e9m\u00e9nager des objets fragiles ?<\/strong><br data-start=\"6249\" data-end=\"6252\" \/>Oui, nous prenons soin de vos objets fragiles avec des protections adapt\u00e9es pour qu\u2019ils arrivent intacts \u00e0 votre nouveau logement.<\/p>\n<p data-start=\"6384\" data-end=\"6561\"><strong data-start=\"6384\" data-end=\"6425\">5. Proposez-vous des devis gratuits ?<\/strong><br data-start=\"6425\" data-end=\"6428\" \/>Oui. Nous offrons des <a href=\"https:\/\/belgium-movers.be\/contact-demenagement.html\" target=\"_blank\" rel=\"noopener\"><strong data-start=\"6446\" data-end=\"6485\">devis gratuits et personnalis\u00e9s<\/strong><\/a>, permettant de planifier votre d\u00e9m\u00e9nagement dans les meilleures conditions.<\/p>\n<hr data-start=\"6563\" data-end=\"6566\" \/>\n<h2 data-section-id=\"e90o9l\" data-start=\"6568\" data-end=\"6586\">Nos engagements<\/h2>\n<p data-start=\"6588\" data-end=\"6638\">Chez <strong data-start=\"6593\" data-end=\"6611\">Belgium Movers<\/strong>, nous nous engageons \u00e0 :<\/p>\n<ul data-start=\"6640\" data-end=\"6829\">\n<li data-section-id=\"5i7ido\" data-start=\"6640\" data-end=\"6685\">\n<p data-start=\"6642\" data-end=\"6685\">Manipuler vos meubles et objets avec soin<\/p>\n<\/li>\n<li data-section-id=\"zunvz4\" data-start=\"6686\" data-end=\"6719\">\n<p data-start=\"6688\" data-end=\"6719\">Respecter les d\u00e9lais convenus<\/p>\n<\/li>\n<li data-section-id=\"r9zjvp\" data-start=\"6720\" data-end=\"6769\">\n<p data-start=\"6722\" data-end=\"6769\">Garantir un d\u00e9m\u00e9nagement s\u00e9curis\u00e9 et efficace<\/p>\n<\/li>\n<li data-section-id=\"x5vfxo\" data-start=\"6770\" data-end=\"6829\">\n<p data-start=\"6772\" data-end=\"6829\">S\u2019adapter aux contraintes sp\u00e9cifiques de votre logement<\/p>\n<\/li>\n<\/ul>\n<p data-start=\"6831\" data-end=\"6966\">Nous combinons exp\u00e9rience, professionnalisme et mat\u00e9riel moderne pour que votre d\u00e9m\u00e9nagement se d\u00e9roule dans les meilleures conditions.<\/p>\n<hr data-start=\"6968\" data-end=\"6971\" \/>\n<h2 data-section-id=\"8dtpi\" data-start=\"6973\" data-end=\"6986\">Conclusion<\/h2>\n<p data-start=\"6988\" data-end=\"7259\">D\u00e9m\u00e9nager \u00e0 Uccle ou dans les communes environnantes peut \u00eatre complexe si l\u2019on ne s\u2019organise pas correctement. Entre le transport des meubles, la gestion des cartons et les contraintes d\u2019acc\u00e8s, faire appel \u00e0 une \u00e9quipe professionnelle simplifie grandement cette \u00e9tape.<\/p>\n<p data-start=\"7261\" data-end=\"7463\">Chez <strong data-start=\"7266\" data-end=\"7284\">Belgium Movers<\/strong>, nous intervenons dans toutes les communes bruxelloises\u00a0pour r\u00e9aliser des d\u00e9m\u00e9nagements s\u00e9curis\u00e9s, rapides et adapt\u00e9s \u00e0 chaque situation.<\/p>\n<p data-start=\"7465\" data-end=\"7634\">Gr\u00e2ce \u00e0 notre exp\u00e9rience, notre mat\u00e9riel professionnel et l\u2019utilisation de <strong data-start=\"7540\" data-end=\"7576\">lifts pour les objets volumineux<\/strong>, nous assurons un d\u00e9m\u00e9nagement organis\u00e9 et sans stress.<\/p>\n<p data-start=\"7636\" data-end=\"7884\">Nous proposons des <strong data-start=\"7651\" data-end=\"7673\">devis gratuits<\/strong> et nous adaptons \u00e0 chaque d\u00e9m\u00e9nagement, qu\u2019il s\u2019agisse d\u2019un appartement, d\u2019une maison ou d\u2019un local professionnel. <a href=\"https:\/\/belgium-movers.be\/demenagement-bxl.html\" target=\"_blank\" rel=\"noopener\"><strong data-start=\"7789\" data-end=\"7823\">Contactez-nous d\u00e8s aujourd\u2019hui<\/strong><\/a> pour planifier votre d\u00e9m\u00e9nagement \u00e0 Uccle en toute s\u00e9r\u00e9nit\u00e9.<\/p>\n","protected":false},"excerpt":{"rendered":"<p>D\u00e9m\u00e9nager peut \u00eatre une exp\u00e9rience stressante si elle n\u2019est pas bien planifi\u00e9e. Entre le transport des meubles, l\u2019organisation des cartons et les contraintes d\u2019acc\u00e8s aux appartements, il est essentiel de faire appel \u00e0 une \u00e9quipe professionnelle pour garantir un d\u00e9m\u00e9nagement s\u00fbr et efficace. Chez Belgium Movers, nous intervenons \u00e0 Uccle et dans les communes voisines&hellip;<\/p>\n","protected":false},"author":1,"featured_media":199,"parent":0,"menu_order":0,"comment_status":"closed","ping_status":"closed","template":"","meta":{"footnotes":""},"class_list":["post-198","page","type-page","status-publish","has-post-thumbnail","hentry"],"_links":{"self":[{"href":"https:\/\/belgium-movers.be\/blog\/wp-json\/wp\/v2\/pages\/198","targetHints":{"allow":["GET"]}}],"collection":[{"href":"https:\/\/belgium-movers.be\/blog\/wp-json\/wp\/v2\/pages"}],"about":[{"href":"https:\/\/belgium-movers.be\/blog\/wp-json\/wp\/v2\/types\/page"}],"author":[{"embeddable":true,"href":"https:\/\/belgium-movers.be\/blog\/wp-json\/wp\/v2\/users\/1"}],"replies":[{"embeddable":true,"href":"https:\/\/belgium-movers.be\/blog\/wp-json\/wp\/v2\/comments?post=198"}],"version-history":[{"count":1,"href":"https:\/\/belgium-movers.be\/blog\/wp-json\/wp\/v2\/pages\/198\/revisions"}],"predecessor-version":[{"id":201,"href":"https:\/\/belgium-movers.be\/blog\/wp-json\/wp\/v2\/pages\/198\/revisions\/201"}],"wp:featuredmedia":[{"embeddable":true,"href":"https:\/\/belgium-movers.be\/blog\/wp-json\/wp\/v2\/media\/199"}],"wp:attachment":[{"href":"https:\/\/belgium-movers.be\/blog\/wp-json\/wp\/v2\/media?parent=198"}],"curies":[{"name":"wp","href":"https:\/\/api.w.org\/{rel}","templated":true}]}}