{"id":193,"date":"2026-03-10T13:47:58","date_gmt":"2026-03-10T12:47:58","guid":{"rendered":"https:\/\/belgium-movers.be\/blog\/?page_id=193"},"modified":"2026-03-10T13:47:58","modified_gmt":"2026-03-10T12:47:58","slug":"demenagement-laeken","status":"publish","type":"page","link":"https:\/\/belgium-movers.be\/blog\/demenagement-laeken\/","title":{"rendered":"D\u00e9m\u00e9nagement Laeken"},"content":{"rendered":"<p data-start=\"417\" data-end=\"643\">D\u00e9m\u00e9nager est une \u00e9tape importante dans la vie. Que ce soit pour un changement de logement, une nouvelle opportunit\u00e9 professionnelle ou un projet familial, un d\u00e9m\u00e9nagement demande organisation, planification et savoir-faire.<\/p>\n<p data-start=\"645\" data-end=\"975\">Chez <a href=\"https:\/\/belgium-movers.be\/\" target=\"_blank\" rel=\"noopener\"><strong data-start=\"650\" data-end=\"668\">Belgium Movers<\/strong><\/a>, nous intervenons \u00e0 <a href=\"https:\/\/fr.wikipedia.org\/wiki\/Laeken\" target=\"_blank\" rel=\"noopener\"><strong data-start=\"689\" data-end=\"699\">Laeken<\/strong> <\/a>et dans les communes voisines telles que <strong data-start=\"741\" data-end=\"810\"><a href=\"https:\/\/fr.wikipedia.org\/wiki\/Koekelberg\" target=\"_blank\" rel=\"noopener\">Koekelberg<\/a>, <a href=\"https:\/\/belgium-movers.be\/blog\/demenagement-anderlecht\/\" target=\"_blank\" rel=\"noopener\">Anderlecht<\/a>, <a href=\"https:\/\/fr.wikipedia.org\/wiki\/Jette\" target=\"_blank\" rel=\"noopener\">Jette<\/a> <\/strong>et <a href=\"https:\/\/fr.wikipedia.org\/wiki\/Schaerbeek\" target=\"_blank\" rel=\"noopener\"><strong data-start=\"741\" data-end=\"810\">Schaerbeek<\/strong><\/a>. Nous mettons notre exp\u00e9rience et notre \u00e9quipement professionnel au service de votre d\u00e9m\u00e9nagement, pour garantir une op\u00e9ration s\u00e9curis\u00e9e, efficace et sans stress.<\/p>\n<p data-start=\"977\" data-end=\"1176\">Gr\u00e2ce \u00e0 notre \u00e9quipe exp\u00e9riment\u00e9e et \u00e0 notre mat\u00e9riel adapt\u00e9, incluant l\u2019utilisation de <strong data-start=\"1065\" data-end=\"1102\">lifts pour les meubles volumineux<\/strong>, nous nous adaptons \u00e0 toutes les situations et \u00e0 chaque type de logement.<\/p>\n<hr data-start=\"1178\" data-end=\"1181\" \/>\n<h2 data-section-id=\"1gm9aa6\" data-start=\"1183\" data-end=\"1233\">Laeken : une commune dynamique et r\u00e9sidentielle<\/h2>\n<p data-start=\"1235\" data-end=\"1437\">Situ\u00e9e dans le nord de Bruxelles, Laeken est une commune riche en histoire et en infrastructures. Elle combine quartiers r\u00e9sidentiels, zones vertes et acc\u00e8s facile aux commerces, \u00e9coles et transports.<\/p>\n<p data-start=\"1439\" data-end=\"1478\">Quelques caract\u00e9ristiques de Laeken :<\/p>\n<ul data-start=\"1480\" data-end=\"1724\">\n<li data-section-id=\"1j53llu\" data-start=\"1480\" data-end=\"1539\">\n<p data-start=\"1482\" data-end=\"1539\">Pr\u00e9sence de nombreux appartements et maisons familiales<\/p>\n<\/li>\n<li data-section-id=\"1g2xhh3\" data-start=\"1540\" data-end=\"1596\">\n<p data-start=\"1542\" data-end=\"1596\">Acc\u00e8s facile aux axes routiers et transports publics<\/p>\n<\/li>\n<li data-section-id=\"15dv6xs\" data-start=\"1597\" data-end=\"1643\">\n<p data-start=\"1599\" data-end=\"1643\">Quartiers calmes, id\u00e9aux pour les familles<\/p>\n<\/li>\n<li data-section-id=\"4byugc\" data-start=\"1644\" data-end=\"1724\">\n<p data-start=\"1646\" data-end=\"1724\">Proximit\u00e9 de sites embl\u00e9matiques comme le Parc de Laeken et le Ch\u00e2teau Royal<\/p>\n<\/li>\n<\/ul>\n<p data-start=\"1726\" data-end=\"1939\">Cependant, d\u00e9m\u00e9nager \u00e0 Laeken peut pr\u00e9senter des d\u00e9fis : rues \u00e9troites, stationnement limit\u00e9 ou immeubles anciens sans ascenseur. C\u2019est l\u00e0 que notre expertise entre en jeu pour assurer un d\u00e9m\u00e9nagement sans stress.<\/p>\n<hr data-start=\"1941\" data-end=\"1944\" \/>\n<h2 data-section-id=\"1pt2fmi\" data-start=\"1946\" data-end=\"2014\">Pourquoi faire appel \u00e0 des professionnels pour votre d\u00e9m\u00e9nagement<\/h2>\n<p data-start=\"2016\" data-end=\"2084\">Un d\u00e9m\u00e9nagement bien organis\u00e9 repose sur plusieurs facteurs cl\u00e9s :<\/p>\n<ul data-start=\"2086\" data-end=\"2424\">\n<li data-section-id=\"g5ejhf\" data-start=\"2086\" data-end=\"2176\">\n<p data-start=\"2088\" data-end=\"2176\"><strong data-start=\"2088\" data-end=\"2118\">Exp\u00e9rience et savoir-faire<\/strong> : manipuler correctement les meubles et objets fragiles<\/p>\n<\/li>\n<li data-section-id=\"19dzdb1\" data-start=\"2177\" data-end=\"2268\">\n<p data-start=\"2179\" data-end=\"2268\"><strong data-start=\"2179\" data-end=\"2209\">Organisation du chargement<\/strong> : planifier le transport pour \u00e9viter les pertes de temps<\/p>\n<\/li>\n<li data-section-id=\"1plx5gh\" data-start=\"2269\" data-end=\"2331\">\n<p data-start=\"2271\" data-end=\"2331\"><strong data-start=\"2271\" data-end=\"2283\">S\u00e9curit\u00e9<\/strong> : r\u00e9duire le risque d\u2019endommagement des biens<\/p>\n<\/li>\n<li data-section-id=\"18dvdv1\" data-start=\"2332\" data-end=\"2424\">\n<p data-start=\"2334\" data-end=\"2424\"><strong data-start=\"2334\" data-end=\"2350\">Adaptabilit\u00e9<\/strong> : g\u00e9rer les contraintes li\u00e9es aux immeubles, escaliers et stationnement<\/p>\n<\/li>\n<\/ul>\n<p data-start=\"2426\" data-end=\"2655\">Chez <strong data-start=\"2431\" data-end=\"2449\">Belgium Movers<\/strong>, nous garantissons ces services gr\u00e2ce \u00e0 notre \u00e9quipe professionnelle et notre \u00e9quipement moderne, y compris l\u2019utilisation de <strong data-start=\"2575\" data-end=\"2584\">lifts<\/strong> pour faciliter le transport des objets volumineux ou situ\u00e9s \u00e0 l\u2019\u00e9tage.<\/p>\n<hr data-start=\"2657\" data-end=\"2660\" \/>\n<h2 data-section-id=\"i6psxi\" data-start=\"2662\" data-end=\"2710\">Pr\u00e9paration : la cl\u00e9 d\u2019un d\u00e9m\u00e9nagement r\u00e9ussi<\/h2>\n<p data-start=\"2712\" data-end=\"2884\">Une pr\u00e9paration minutieuse est essentielle pour que votre d\u00e9m\u00e9nagement se d\u00e9roule sans stress. Il est conseill\u00e9 de commencer l\u2019organisation plusieurs semaines \u00e0 l\u2019avance.<\/p>\n<h3 data-section-id=\"1rgideh\" data-start=\"2886\" data-end=\"2908\">Trier vos affaires<\/h3>\n<p data-start=\"2910\" data-end=\"2999\">Avant de commencer l\u2019emballage, triez vos objets pour r\u00e9duire le volume \u00e0 transporter :<\/p>\n<ul data-start=\"3001\" data-end=\"3048\">\n<li data-section-id=\"1l2vwy7\" data-start=\"3001\" data-end=\"3013\">\n<p data-start=\"3003\" data-end=\"3013\">\u00c0 garder<\/p>\n<\/li>\n<li data-section-id=\"1cu9chs\" data-start=\"3014\" data-end=\"3036\">\n<p data-start=\"3016\" data-end=\"3036\">\u00c0 donner ou vendre<\/p>\n<\/li>\n<li data-section-id=\"ra99no\" data-start=\"3037\" data-end=\"3048\">\n<p data-start=\"3039\" data-end=\"3048\">\u00c0 jeter<\/p>\n<\/li>\n<\/ul>\n<p data-start=\"3050\" data-end=\"3137\">Cette \u00e9tape simplifie le d\u00e9m\u00e9nagement et permet de r\u00e9duire les co\u00fbts et le temps pass\u00e9.<\/p>\n<h3 data-section-id=\"jd7wtq\" data-start=\"3139\" data-end=\"3152\">Emballage<\/h3>\n<ul data-start=\"3154\" data-end=\"3350\">\n<li data-section-id=\"keq9h1\" data-start=\"3154\" data-end=\"3219\">\n<p data-start=\"3156\" data-end=\"3219\">Utilisez des cartons solides et adapt\u00e9s \u00e0 chaque type d\u2019objet<\/p>\n<\/li>\n<li data-section-id=\"11soerk\" data-start=\"3220\" data-end=\"3296\">\n<p data-start=\"3222\" data-end=\"3296\">Prot\u00e9gez les objets fragiles avec du papier bulle, du tissu ou du calage<\/p>\n<\/li>\n<li data-section-id=\"qdsuct\" data-start=\"3297\" data-end=\"3350\">\n<p data-start=\"3299\" data-end=\"3350\">\u00c9tiquetez les cartons pour faciliter le d\u00e9ballage<\/p>\n<\/li>\n<\/ul>\n<h3 data-section-id=\"esqakx\" data-start=\"3352\" data-end=\"3384\">Pr\u00e9parer l\u2019acc\u00e8s au logement<\/h3>\n<p data-start=\"3386\" data-end=\"3597\">Dans certaines zones de Laeken et communes avoisinantes comme <strong data-start=\"3448\" data-end=\"3462\">Koekelberg<\/strong> ou <strong data-start=\"3466\" data-end=\"3480\">Anderlecht<\/strong>, le stationnement peut \u00eatre limit\u00e9. Pr\u00e9voir un emplacement pour le camion facilite le chargement et le d\u00e9chargement.<\/p>\n<hr data-start=\"3599\" data-end=\"3602\" \/>\n<h2 data-section-id=\"bvuqan\" data-start=\"3604\" data-end=\"3662\">L\u2019utilisation d\u2019un lift pour simplifier le d\u00e9m\u00e9nagement<\/h2>\n<p data-start=\"3664\" data-end=\"3816\">Pour les appartements situ\u00e9s \u00e0 l\u2019\u00e9tage ou pour les maisons avec escaliers \u00e9troits, d\u00e9placer des meubles volumineux peut repr\u00e9senter un v\u00e9ritable d\u00e9fi.<\/p>\n<p data-start=\"3818\" data-end=\"3916\">Chez <strong data-start=\"3823\" data-end=\"3841\">Belgium Movers<\/strong>, nous utilisons un <strong data-start=\"3861\" data-end=\"3885\">lift (monte-meubles)<\/strong> lorsque cela est n\u00e9cessaire.<\/p>\n<p data-start=\"3918\" data-end=\"3935\">Les avantages :<\/p>\n<ul data-start=\"3937\" data-end=\"4114\">\n<li data-section-id=\"17j2xx6\" data-start=\"3937\" data-end=\"3967\">\n<p data-start=\"3939\" data-end=\"3967\">Gain de temps consid\u00e9rable<\/p>\n<\/li>\n<li data-section-id=\"fz3f3c\" data-start=\"3968\" data-end=\"4020\">\n<p data-start=\"3970\" data-end=\"4020\">R\u00e9duction du risque de dommages pour vos meubles<\/p>\n<\/li>\n<li data-section-id=\"u5bsy8\" data-start=\"4021\" data-end=\"4063\">\n<p data-start=\"4023\" data-end=\"4063\">Transport s\u00e9curis\u00e9 des objets fragiles<\/p>\n<\/li>\n<li data-section-id=\"cvvw5p\" data-start=\"4064\" data-end=\"4114\">\n<p data-start=\"4066\" data-end=\"4114\">Meilleur confort pour l\u2019\u00e9quipe de d\u00e9m\u00e9nagement<\/p>\n<\/li>\n<\/ul>\n<p data-start=\"4116\" data-end=\"4242\">Le lift est particuli\u00e8rement utile pour les immeubles anciens ou pour les d\u00e9m\u00e9nagements o\u00f9 l\u2019acc\u00e8s par escalier est compliqu\u00e9.<\/p>\n<hr data-start=\"4244\" data-end=\"4247\" \/>\n<h2 data-section-id=\"1kmax3k\" data-start=\"4249\" data-end=\"4298\">Intervention \u00e0 Laeken et communes avoisinantes<\/h2>\n<p data-start=\"4300\" data-end=\"4409\">Notre soci\u00e9t\u00e9 intervient r\u00e9guli\u00e8rement \u00e0 <strong data-start=\"4341\" data-end=\"4351\">Laeken<\/strong>, mais \u00e9galement dans les communes situ\u00e9es \u00e0 proximit\u00e9 :<\/p>\n<ul data-start=\"4411\" data-end=\"4860\">\n<li data-section-id=\"1o5b4xv\" data-start=\"4411\" data-end=\"4503\">\n<p data-start=\"4413\" data-end=\"4503\"><strong data-start=\"4413\" data-end=\"4427\">Koekelberg<\/strong> : souvent caract\u00e9ris\u00e9e par des immeubles avec peu d\u2019espace pour le camion<\/p>\n<\/li>\n<li data-section-id=\"7ef8ui\" data-start=\"4504\" data-end=\"4597\">\n<p data-start=\"4506\" data-end=\"4597\"><strong data-start=\"4506\" data-end=\"4520\">Anderlecht<\/strong> : zones r\u00e9sidentielles et industrielles n\u00e9cessitant une logistique adapt\u00e9e<\/p>\n<\/li>\n<li data-section-id=\"1hdpk9y\" data-start=\"4598\" data-end=\"4678\">\n<p data-start=\"4600\" data-end=\"4678\"><strong data-start=\"4600\" data-end=\"4609\">Jette<\/strong> : quartiers calmes avec maisons familiales et acc\u00e8s routier facile<\/p>\n<\/li>\n<li data-section-id=\"5qbm4h\" data-start=\"4679\" data-end=\"4785\">\n<p data-start=\"4681\" data-end=\"4785\"><strong data-start=\"4681\" data-end=\"4705\">Molenbeek-Saint-Jean<\/strong> : densit\u00e9 urbaine n\u00e9cessitant des solutions sp\u00e9cifiques pour le stationnement<\/p>\n<\/li>\n<li data-section-id=\"11685u3\" data-start=\"4786\" data-end=\"4860\">\n<p data-start=\"4788\" data-end=\"4860\"><strong data-start=\"4788\" data-end=\"4802\">Schaerbeek<\/strong> : m\u00e9lange d\u2019appartements anciens et de maisons \u00e0 \u00e9tages<\/p>\n<\/li>\n<\/ul>\n<p data-start=\"4862\" data-end=\"5014\">Cette couverture r\u00e9gionale nous permet de proposer nos services \u00e0 un maximum de clients et de g\u00e9rer des d\u00e9m\u00e9nagements dans toute la r\u00e9gion efficacement.<\/p>\n<hr data-start=\"5016\" data-end=\"5019\" \/>\n<h2 data-section-id=\"10xk8px\" data-start=\"5021\" data-end=\"5054\">L\u2019organisation du d\u00e9m\u00e9nagement<\/h2>\n<p data-start=\"5056\" data-end=\"5202\">Chaque d\u00e9m\u00e9nagement est unique. Notre \u00e9quipe adapte son approche en fonction du type de logement, du volume \u00e0 transporter et de l\u2019accessibilit\u00e9.<\/p>\n<ul data-start=\"5204\" data-end=\"5587\">\n<li data-section-id=\"1s7uzq1\" data-start=\"5204\" data-end=\"5346\">\n<p data-start=\"5206\" data-end=\"5346\"><strong data-start=\"5206\" data-end=\"5231\">Chargement m\u00e9thodique<\/strong> : chaque meuble et carton est plac\u00e9 strat\u00e9giquement dans le camion pour optimiser l\u2019espace et prot\u00e9ger vos biens<\/p>\n<\/li>\n<li data-section-id=\"ef6yes\" data-start=\"5347\" data-end=\"5438\">\n<p data-start=\"5349\" data-end=\"5438\"><strong data-start=\"5349\" data-end=\"5373\">D\u00e9placement s\u00e9curis\u00e9<\/strong> : les objets fragiles sont prot\u00e9g\u00e9s par des housses et calages<\/p>\n<\/li>\n<li data-section-id=\"u5tk1\" data-start=\"5439\" data-end=\"5587\">\n<p data-start=\"5441\" data-end=\"5587\"><strong data-start=\"5441\" data-end=\"5473\">Adaptation \u00e0 l\u2019environnement<\/strong> : nos techniciens \u00e9valuent les contraintes du logement et choisissent la m\u00e9thode la plus s\u00fbre pour le transport<\/p>\n<\/li>\n<\/ul>\n<hr data-start=\"5589\" data-end=\"5592\" \/>\n<h2 data-section-id=\"rxjn91\" data-start=\"5594\" data-end=\"5633\">Conseils pour un d\u00e9m\u00e9nagement r\u00e9ussi<\/h2>\n<p data-start=\"5635\" data-end=\"5702\">Pour un d\u00e9m\u00e9nagement sans stress \u00e0 Laeken et communes alentours :<\/p>\n<ol data-start=\"5704\" data-end=\"6325\">\n<li data-section-id=\"9ko26c\" data-start=\"5704\" data-end=\"5809\">\n<p data-start=\"5707\" data-end=\"5809\"><strong data-start=\"5707\" data-end=\"5731\">Planifiez \u00e0 l\u2019avance<\/strong> : commencez l\u2019emballage et le tri plusieurs semaines avant le d\u00e9m\u00e9nagement.<\/p>\n<\/li>\n<li data-section-id=\"1k795f7\" data-start=\"5810\" data-end=\"5921\">\n<p data-start=\"5813\" data-end=\"5921\"><strong data-start=\"5813\" data-end=\"5845\">Prot\u00e9gez vos objets fragiles<\/strong> : utilisez du papier bulle ou du tissu pour emballer vos objets d\u00e9licats.<\/p>\n<\/li>\n<li data-section-id=\"w9szot\" data-start=\"5922\" data-end=\"6027\">\n<p data-start=\"5925\" data-end=\"6027\"><strong data-start=\"5925\" data-end=\"5960\">Pr\u00e9parez l\u2019acc\u00e8s pour le camion<\/strong> : anticipez le stationnement et les restrictions de circulation.<\/p>\n<\/li>\n<li data-section-id=\"pl73po\" data-start=\"6028\" data-end=\"6187\">\n<p data-start=\"6031\" data-end=\"6187\"><strong data-start=\"6031\" data-end=\"6068\">Faites appel \u00e0 des professionnels<\/strong> : pour transporter des meubles lourds ou volumineux, notre \u00e9quipe dispose de l\u2019exp\u00e9rience et du mat\u00e9riel n\u00e9cessaire.<\/p>\n<\/li>\n<li data-section-id=\"yqg0yn\" data-start=\"6188\" data-end=\"6325\">\n<p data-start=\"6191\" data-end=\"6325\"><strong data-start=\"6191\" data-end=\"6220\">Communiquez avec l\u2019\u00e9quipe<\/strong> : informez nos techniciens de tout objet d\u00e9licat ou volumineux n\u00e9cessitant une attention particuli\u00e8re.<\/p>\n<\/li>\n<\/ol>\n<hr data-start=\"6327\" data-end=\"6330\" \/>\n<h2 data-section-id=\"ifau9q\" data-start=\"6332\" data-end=\"6360\">FAQ \u2013 D\u00e9m\u00e9nagement Laeken<\/h2>\n<p data-start=\"6362\" data-end=\"6615\"><strong data-start=\"6362\" data-end=\"6408\">1. Combien de temps dure un d\u00e9m\u00e9nagement ?<\/strong><br data-start=\"6408\" data-end=\"6411\" \/>La dur\u00e9e d\u00e9pend du volume \u00e0 transporter et de la distance entre les logements. Un petit appartement peut se d\u00e9m\u00e9nager en quelques heures, tandis qu\u2019une maison enti\u00e8re peut n\u00e9cessiter une journ\u00e9e compl\u00e8te.<\/p>\n<p data-start=\"6617\" data-end=\"6820\"><strong data-start=\"6617\" data-end=\"6670\">2. L\u2019utilisation d\u2019un lift est-elle obligatoire ?<\/strong><br data-start=\"6670\" data-end=\"6673\" \/>Non, mais elle est fortement recommand\u00e9e pour les immeubles anciens ou les meubles volumineux, car elle facilite le transport et prot\u00e8ge vos biens.<\/p>\n<p data-start=\"6822\" data-end=\"7030\"><strong data-start=\"6822\" data-end=\"6880\">3. Proposez-vous des services dans d\u2019autres communes ?<\/strong><br data-start=\"6880\" data-end=\"6883\" \/>Oui, nous intervenons \u00e0 Laeken, mais \u00e9galement \u00e0 <strong data-start=\"6932\" data-end=\"6999\">Koekelberg, Anderlecht, Jette, Molenbeek-Saint-Jean, Schaerbeek<\/strong> et les communes environnantes.<\/p>\n<p data-start=\"7032\" data-end=\"7228\"><strong data-start=\"7032\" data-end=\"7078\">4. Puis-je d\u00e9m\u00e9nager des objets fragiles ?<\/strong><br data-start=\"7078\" data-end=\"7081\" \/>Oui, nous prenons soin de vos objets fragiles en utilisant des protections adapt\u00e9es pour garantir qu\u2019ils arrivent intacts \u00e0 votre nouveau logement.<\/p>\n<p data-start=\"7230\" data-end=\"7407\"><strong data-start=\"7230\" data-end=\"7271\">5. Proposez-vous des devis gratuits ?<\/strong><br data-start=\"7271\" data-end=\"7274\" \/>Oui. Nous offrons des <a href=\"https:\/\/belgium-movers.be\/contact-demenagement.html\" target=\"_blank\" rel=\"noopener\"><strong data-start=\"7292\" data-end=\"7331\">devis gratuits et personnalis\u00e9s<\/strong><\/a>, permettant de planifier votre d\u00e9m\u00e9nagement dans les meilleures conditions.<\/p>\n<hr data-start=\"7409\" data-end=\"7412\" \/>\n<h2 data-section-id=\"e90o9l\" data-start=\"7414\" data-end=\"7432\">Nos engagements<\/h2>\n<p data-start=\"7434\" data-end=\"7484\">Chez <strong data-start=\"7439\" data-end=\"7457\">Belgium Movers<\/strong>, nous nous engageons \u00e0 :<\/p>\n<ul data-start=\"7486\" data-end=\"7675\">\n<li data-section-id=\"5i7ido\" data-start=\"7486\" data-end=\"7531\">\n<p data-start=\"7488\" data-end=\"7531\">Manipuler vos meubles et objets avec soin<\/p>\n<\/li>\n<li data-section-id=\"zunvz4\" data-start=\"7532\" data-end=\"7565\">\n<p data-start=\"7534\" data-end=\"7565\">Respecter les d\u00e9lais convenus<\/p>\n<\/li>\n<li data-section-id=\"r9zjvp\" data-start=\"7566\" data-end=\"7615\">\n<p data-start=\"7568\" data-end=\"7615\">Garantir un d\u00e9m\u00e9nagement s\u00e9curis\u00e9 et efficace<\/p>\n<\/li>\n<li data-section-id=\"x5vfxo\" data-start=\"7616\" data-end=\"7675\">\n<p data-start=\"7618\" data-end=\"7675\">S\u2019adapter aux contraintes sp\u00e9cifiques de votre logement<\/p>\n<\/li>\n<\/ul>\n<p data-start=\"7677\" data-end=\"7812\">Nous combinons exp\u00e9rience, professionnalisme et mat\u00e9riel moderne pour que votre d\u00e9m\u00e9nagement se d\u00e9roule dans les meilleures conditions.<\/p>\n<hr data-start=\"7814\" data-end=\"7817\" \/>\n<h2 data-section-id=\"8dtpi\" data-start=\"7819\" data-end=\"7832\">Conclusion<\/h2>\n<p data-start=\"7834\" data-end=\"8123\">Un d\u00e9m\u00e9nagement \u00e0 Laeken ou dans les communes environnantes peut \u00eatre complexe si l\u2019on ne s\u2019organise pas correctement. Entre le transport des meubles, la gestion des cartons et les contraintes d\u2019acc\u00e8s, faire appel \u00e0 une \u00e9quipe professionnelle simplifie grandement cette \u00e9tape importante.<\/p>\n<p data-start=\"8125\" data-end=\"8330\">Chez <strong data-start=\"8130\" data-end=\"8148\">Belgium Movers<\/strong>, nous intervenons \u00e0 <strong data-start=\"8169\" data-end=\"8246\">Laeken, Koekelberg, Anderlecht, Jette, Molenbeek-Saint-Jean et Schaerbeek<\/strong> pour r\u00e9aliser des d\u00e9m\u00e9nagements s\u00e9curis\u00e9s, rapides et adapt\u00e9s \u00e0 chaque situation.<\/p>\n<p data-start=\"8332\" data-end=\"8497\">Gr\u00e2ce \u00e0 notre exp\u00e9rience, notre mat\u00e9riel professionnel et l\u2019utilisation de lifts pour les objets volumineux, nous assurons un d\u00e9m\u00e9nagement organis\u00e9 et sans stress.<\/p>\n<p data-start=\"8499\" data-end=\"8748\">Nous proposons des <a href=\"https:\/\/belgium-movers.be\/contact-demenagement.html\" target=\"_blank\" rel=\"noopener\"><strong data-start=\"8514\" data-end=\"8536\">devis gratuits<\/strong><\/a> et nous adaptons \u00e0 chaque d\u00e9m\u00e9nagement, qu\u2019il s\u2019agisse d\u2019un appartement, d\u2019une maison ou d\u2019un local professionnel. <a href=\"https:\/\/belgium-movers.be\/contact-demenagement.html\" target=\"_blank\" rel=\"noopener\"><strong data-start=\"8652\" data-end=\"8686\">Contactez-nous d\u00e8s aujourd\u2019hui<\/strong><\/a> pour planifier votre d\u00e9m\u00e9nagement \u00e0 Laeken en toute s\u00e9r\u00e9nit\u00e9.<\/p>\n","protected":false},"excerpt":{"rendered":"<p>D\u00e9m\u00e9nager est une \u00e9tape importante dans la vie. Que ce soit pour un changement de logement, une nouvelle opportunit\u00e9 professionnelle ou un projet familial, un d\u00e9m\u00e9nagement demande organisation, planification et savoir-faire. Chez Belgium Movers, nous intervenons \u00e0 Laeken et dans les communes voisines telles que Koekelberg, Anderlecht, Jette et Schaerbeek. Nous mettons notre exp\u00e9rience et&hellip;<\/p>\n","protected":false},"author":1,"featured_media":195,"parent":0,"menu_order":0,"comment_status":"closed","ping_status":"closed","template":"","meta":{"footnotes":""},"class_list":["post-193","page","type-page","status-publish","has-post-thumbnail","hentry"],"_links":{"self":[{"href":"https:\/\/belgium-movers.be\/blog\/wp-json\/wp\/v2\/pages\/193","targetHints":{"allow":["GET"]}}],"collection":[{"href":"https:\/\/belgium-movers.be\/blog\/wp-json\/wp\/v2\/pages"}],"about":[{"href":"https:\/\/belgium-movers.be\/blog\/wp-json\/wp\/v2\/types\/page"}],"author":[{"embeddable":true,"href":"https:\/\/belgium-movers.be\/blog\/wp-json\/wp\/v2\/users\/1"}],"replies":[{"embeddable":true,"href":"https:\/\/belgium-movers.be\/blog\/wp-json\/wp\/v2\/comments?post=193"}],"version-history":[{"count":1,"href":"https:\/\/belgium-movers.be\/blog\/wp-json\/wp\/v2\/pages\/193\/revisions"}],"predecessor-version":[{"id":196,"href":"https:\/\/belgium-movers.be\/blog\/wp-json\/wp\/v2\/pages\/193\/revisions\/196"}],"wp:featuredmedia":[{"embeddable":true,"href":"https:\/\/belgium-movers.be\/blog\/wp-json\/wp\/v2\/media\/195"}],"wp:attachment":[{"href":"https:\/\/belgium-movers.be\/blog\/wp-json\/wp\/v2\/media?parent=193"}],"curies":[{"name":"wp","href":"https:\/\/api.w.org\/{rel}","templated":true}]}}