{"id":188,"date":"2026-03-04T11:45:54","date_gmt":"2026-03-04T10:45:54","guid":{"rendered":"https:\/\/belgium-movers.be\/blog\/?page_id=188"},"modified":"2026-03-04T11:45:54","modified_gmt":"2026-03-04T10:45:54","slug":"demenagement-anderlecht","status":"publish","type":"page","link":"https:\/\/belgium-movers.be\/blog\/demenagement-anderlecht\/","title":{"rendered":"D\u00e9m\u00e9nagement Anderlecht"},"content":{"rendered":"<p data-start=\"235\" data-end=\"641\">Organiser un <strong data-start=\"248\" data-end=\"277\">d\u00e9m\u00e9nagement \u00e0 <a href=\"https:\/\/fr.wikipedia.org\/wiki\/Anderlecht\" target=\"_blank\" rel=\"noopener\">Anderlecht<\/a><\/strong> demande une pr\u00e9paration rigoureuse, une bonne connaissance du terrain et du mat\u00e9riel adapt\u00e9. Entre les rues parfois \u00e9troites, les immeubles anciens sans ascenseur, les appartements en \u00e9tage \u00e9lev\u00e9 et les contraintes de stationnement, d\u00e9m\u00e9nager dans la commune de <span class=\"hover:entity-accent entity-underline inline cursor-pointer align-baseline\"><span class=\"whitespace-normal\">Anderlecht<\/span><\/span> peut rapidement devenir complexe sans l\u2019aide de professionnels.<\/p>\n<p data-start=\"643\" data-end=\"916\">Chez <a href=\"https:\/\/belgium-movers.be\/\" target=\"_blank\" rel=\"noopener\"><strong data-start=\"648\" data-end=\"666\">Belgium Movers<\/strong><\/a>, nous mettons notre expertise au service des particuliers et des professionnels pour garantir un d\u00e9m\u00e9nagement fluide, rapide et s\u00e9curis\u00e9. Gr\u00e2ce \u00e0 notre \u00e9quipe exp\u00e9riment\u00e9e et \u00e0 nos lifts professionnels, nous simplifions chaque \u00e9tape de votre projet.<\/p>\n<p data-start=\"918\" data-end=\"1242\">Nous intervenons non seulement \u00e0 Anderlecht, mais aussi dans les communes voisines comme <a href=\"https:\/\/belgium-movers.be\/blog\/demenagement-bruxelles\/\" target=\"_blank\" rel=\"noopener\"><span class=\"hover:entity-accent entity-underline inline cursor-pointer align-baseline\"><span class=\"whitespace-normal\">Bruxelles<\/span><\/span><\/a>, <span class=\"hover:entity-accent entity-underline inline cursor-pointer align-baseline\"><span class=\"whitespace-normal\">Molenbeek-Saint-Jean<\/span><\/span>, <span class=\"hover:entity-accent entity-underline inline cursor-pointer align-baseline\"><span class=\"whitespace-normal\">Saint-Gilles<\/span><\/span>, <span class=\"hover:entity-accent entity-underline inline cursor-pointer align-baseline\"><span class=\"whitespace-normal\">Forest<\/span><\/span>, <span class=\"hover:entity-accent entity-underline inline cursor-pointer align-baseline\"><span class=\"whitespace-normal\">Ixelles<\/span><\/span> et <span class=\"hover:entity-accent entity-underline inline cursor-pointer align-baseline\"><span class=\"whitespace-normal\">Uccle<\/span><\/span>.<\/p>\n<p data-start=\"1244\" data-end=\"1345\">Notre objectif est simple : rendre votre d\u00e9m\u00e9nagement \u00e0 Anderlecht efficace, organis\u00e9 et sans stress.<\/p>\n<hr data-start=\"1347\" data-end=\"1350\" \/>\n<h1 data-start=\"1352\" data-end=\"1436\">Pourquoi choisir une entreprise sp\u00e9cialis\u00e9e pour votre d\u00e9m\u00e9nagement \u00e0 Anderlecht ?<\/h1>\n<p data-start=\"1438\" data-end=\"1500\">Anderlecht est une commune vaste et diversifi\u00e9e. On y trouve :<\/p>\n<ul data-start=\"1502\" data-end=\"1651\">\n<li data-start=\"1502\" data-end=\"1526\">\n<p data-start=\"1504\" data-end=\"1526\">Des maisons familiales<\/p>\n<\/li>\n<li data-start=\"1527\" data-end=\"1550\">\n<p data-start=\"1529\" data-end=\"1550\">Des immeubles anciens<\/p>\n<\/li>\n<li data-start=\"1551\" data-end=\"1578\">\n<p data-start=\"1553\" data-end=\"1578\">Des appartements modernes<\/p>\n<\/li>\n<li data-start=\"1579\" data-end=\"1614\">\n<p data-start=\"1581\" data-end=\"1614\">Des quartiers r\u00e9sidentiels calmes<\/p>\n<\/li>\n<li data-start=\"1615\" data-end=\"1651\">\n<p data-start=\"1617\" data-end=\"1651\">Des zones plus urbaines et anim\u00e9es<\/p>\n<\/li>\n<\/ul>\n<p data-start=\"1653\" data-end=\"1759\">Chaque type de logement implique des contraintes diff\u00e9rentes. Un d\u00e9m\u00e9nagement mal pr\u00e9par\u00e9 peut entra\u00eener :<\/p>\n<ul data-start=\"1761\" data-end=\"1841\">\n<li data-start=\"1761\" data-end=\"1770\">\n<p data-start=\"1763\" data-end=\"1770\">Retards<\/p>\n<\/li>\n<li data-start=\"1771\" data-end=\"1789\">\n<p data-start=\"1773\" data-end=\"1789\">D\u00e9g\u00e2ts mat\u00e9riels<\/p>\n<\/li>\n<li data-start=\"1790\" data-end=\"1808\">\n<p data-start=\"1792\" data-end=\"1808\">Stress important<\/p>\n<\/li>\n<li data-start=\"1809\" data-end=\"1841\">\n<p data-start=\"1811\" data-end=\"1841\">Co\u00fbts suppl\u00e9mentaires impr\u00e9vus<\/p>\n<\/li>\n<\/ul>\n<p data-start=\"1843\" data-end=\"1959\">C\u2019est pourquoi faire appel \u00e0 une entreprise sp\u00e9cialis\u00e9e comme Belgium Movers vous permet d\u2019\u00e9viter ces complications.<\/p>\n<hr data-start=\"1961\" data-end=\"1964\" \/>\n<h1 data-start=\"1966\" data-end=\"2023\">Une organisation professionnelle d\u00e8s le premier contact<\/h1>\n<p data-start=\"2025\" data-end=\"2094\">Un d\u00e9m\u00e9nagement r\u00e9ussi commence toujours par une bonne planification.<\/p>\n<h2 data-start=\"2096\" data-end=\"2136\">1\ufe0f\u20e3 Analyse d\u00e9taill\u00e9e de votre projet<\/h2>\n<p data-start=\"2138\" data-end=\"2179\">Avant toute intervention, nous \u00e9tudions :<\/p>\n<ul data-start=\"2181\" data-end=\"2359\">\n<li data-start=\"2181\" data-end=\"2212\">\n<p data-start=\"2183\" data-end=\"2212\">Le volume total \u00e0 transporter<\/p>\n<\/li>\n<li data-start=\"2213\" data-end=\"2233\">\n<p data-start=\"2215\" data-end=\"2233\">Le nombre d\u2019\u00e9tages<\/p>\n<\/li>\n<li data-start=\"2234\" data-end=\"2269\">\n<p data-start=\"2236\" data-end=\"2269\">La pr\u00e9sence ou non d\u2019un ascenseur<\/p>\n<\/li>\n<li data-start=\"2270\" data-end=\"2297\">\n<p data-start=\"2272\" data-end=\"2297\">L\u2019accessibilit\u00e9 de la rue<\/p>\n<\/li>\n<li data-start=\"2298\" data-end=\"2322\">\n<p data-start=\"2300\" data-end=\"2322\">La n\u00e9cessit\u00e9 d\u2019un lift<\/p>\n<\/li>\n<li data-start=\"2323\" data-end=\"2359\">\n<p data-start=\"2325\" data-end=\"2359\">Les autorisations de stationnement<\/p>\n<\/li>\n<\/ul>\n<p data-start=\"2361\" data-end=\"2412\">Cette pr\u00e9paration permet d\u2019anticiper chaque d\u00e9tail.<\/p>\n<hr data-start=\"2414\" data-end=\"2417\" \/>\n<h2 data-start=\"2419\" data-end=\"2470\">2\ufe0f\u20e3 Protection compl\u00e8te de vos meubles et objets<\/h2>\n<p><img loading=\"lazy\" decoding=\"async\" class=\"alignnone size-medium wp-image-190\" src=\"https:\/\/belgium-movers.be\/blog\/wp-content\/uploads\/2026\/03\/protection-demenagement-camion-lift-bruxelles-300x300.jpg\" alt=\"\" width=\"300\" height=\"300\" srcset=\"https:\/\/belgium-movers.be\/blog\/wp-content\/uploads\/2026\/03\/protection-demenagement-camion-lift-bruxelles-300x300.jpg 300w, https:\/\/belgium-movers.be\/blog\/wp-content\/uploads\/2026\/03\/protection-demenagement-camion-lift-bruxelles-150x150.jpg 150w, https:\/\/belgium-movers.be\/blog\/wp-content\/uploads\/2026\/03\/protection-demenagement-camion-lift-bruxelles.jpg 441w\" sizes=\"auto, (max-width: 300px) 100vw, 300px\" \/><\/p>\n<p data-start=\"2472\" data-end=\"2533\">La s\u00e9curit\u00e9 de vos biens est notre priorit\u00e9. Nous utilisons :<\/p>\n<ul data-start=\"2535\" data-end=\"2701\">\n<li data-start=\"2535\" data-end=\"2574\">\n<p data-start=\"2537\" data-end=\"2574\">Couvertures \u00e9paisses professionnelles<\/p>\n<\/li>\n<li data-start=\"2575\" data-end=\"2607\">\n<p data-start=\"2577\" data-end=\"2607\">Films plastiques de protection<\/p>\n<\/li>\n<li data-start=\"2608\" data-end=\"2630\">\n<p data-start=\"2610\" data-end=\"2630\">Housses pour matelas<\/p>\n<\/li>\n<li data-start=\"2631\" data-end=\"2670\">\n<p data-start=\"2633\" data-end=\"2670\">Coins renforc\u00e9s pour meubles fragiles<\/p>\n<\/li>\n<li data-start=\"2671\" data-end=\"2701\">\n<p data-start=\"2673\" data-end=\"2701\">Sangles de fixation robustes<\/p>\n<\/li>\n<\/ul>\n<p data-start=\"2703\" data-end=\"2761\">Chaque \u00e9l\u00e9ment est emball\u00e9 et s\u00e9curis\u00e9 avant le transport.<\/p>\n<hr data-start=\"2763\" data-end=\"2766\" \/>\n<h1 data-start=\"2768\" data-end=\"2815\">Le lift : un atout indispensable \u00e0 Anderlecht<\/h1>\n<p data-start=\"2817\" data-end=\"2969\">Dans de nombreux quartiers d\u2019Anderlecht, les immeubles pr\u00e9sentent des escaliers \u00e9troits ou des acc\u00e8s compliqu\u00e9s. Le lift est souvent la solution id\u00e9ale.<\/p>\n<h2 data-start=\"2971\" data-end=\"3038\">Pourquoi utiliser un lift pour votre d\u00e9m\u00e9nagement \u00e0 Anderlecht ?<\/h2>\n<p data-start=\"3040\" data-end=\"3226\">\u2714 Gain de temps consid\u00e9rable<br data-start=\"3068\" data-end=\"3071\" \/>\u2714 Moins de manutention dans les escaliers<br data-start=\"3112\" data-end=\"3115\" \/>\u2714 R\u00e9duction des risques de casse<br data-start=\"3147\" data-end=\"3150\" \/>\u2714 Protection des parties communes<br data-start=\"3183\" data-end=\"3186\" \/>\u2714 Intervention plus rapide et efficace<\/p>\n<p data-start=\"3228\" data-end=\"3285\">Gr\u00e2ce \u00e0 nos lifts professionnels, nous pouvons d\u00e9placer :<\/p>\n<ul data-start=\"3287\" data-end=\"3422\">\n<li data-start=\"3287\" data-end=\"3307\">\n<p data-start=\"3289\" data-end=\"3307\">Canap\u00e9s volumineux<\/p>\n<\/li>\n<li data-start=\"3308\" data-end=\"3327\">\n<p data-start=\"3310\" data-end=\"3327\">Armoires massives<\/p>\n<\/li>\n<li data-start=\"3328\" data-end=\"3355\">\n<p data-start=\"3330\" data-end=\"3355\">R\u00e9frig\u00e9rateurs am\u00e9ricains<\/p>\n<\/li>\n<li data-start=\"3356\" data-end=\"3372\">\n<p data-start=\"3358\" data-end=\"3372\">Lits king size<\/p>\n<\/li>\n<li data-start=\"3373\" data-end=\"3397\">\n<p data-start=\"3375\" data-end=\"3397\">\u00c9lectrom\u00e9nagers lourds<\/p>\n<\/li>\n<li data-start=\"3398\" data-end=\"3422\">\n<p data-start=\"3400\" data-end=\"3422\">Mat\u00e9riel professionnel<\/p>\n<\/li>\n<\/ul>\n<hr data-start=\"3424\" data-end=\"3427\" \/>\n<h1 data-start=\"3429\" data-end=\"3472\">Nos services de d\u00e9m\u00e9nagement \u00e0 Anderlecht<\/h1>\n<h2 data-start=\"3474\" data-end=\"3502\">\ud83c\udfe0 D\u00e9m\u00e9nagement de maison<\/h2>\n<p data-start=\"3504\" data-end=\"3620\">Que vous quittiez une maison familiale ou que vous emm\u00e9nagiez dans une nouvelle habitation, nous prenons en charge :<\/p>\n<ul data-start=\"3622\" data-end=\"3724\">\n<li data-start=\"3622\" data-end=\"3646\">\n<p data-start=\"3624\" data-end=\"3646\">Le chargement optimis\u00e9<\/p>\n<\/li>\n<li data-start=\"3647\" data-end=\"3670\">\n<p data-start=\"3649\" data-end=\"3670\">Le transport s\u00e9curis\u00e9<\/p>\n<\/li>\n<li data-start=\"3671\" data-end=\"3697\">\n<p data-start=\"3673\" data-end=\"3697\">Le d\u00e9chargement organis\u00e9<\/p>\n<\/li>\n<li data-start=\"3698\" data-end=\"3724\">\n<p data-start=\"3700\" data-end=\"3724\">Le placement des meubles<\/p>\n<\/li>\n<\/ul>\n<hr data-start=\"3726\" data-end=\"3729\" \/>\n<h2 data-start=\"3731\" data-end=\"3763\">\ud83c\udfe2 D\u00e9m\u00e9nagement d\u2019appartement<\/h2>\n<p data-start=\"3765\" data-end=\"3814\">Les appartements \u00e0 Anderlecht peuvent pr\u00e9senter :<\/p>\n<ul data-start=\"3816\" data-end=\"3869\">\n<li data-start=\"3816\" data-end=\"3831\">\n<p data-start=\"3818\" data-end=\"3831\">\u00c9tages \u00e9lev\u00e9s<\/p>\n<\/li>\n<li data-start=\"3832\" data-end=\"3851\">\n<p data-start=\"3834\" data-end=\"3851\">Escaliers \u00e9troits<\/p>\n<\/li>\n<li data-start=\"3852\" data-end=\"3869\">\n<p data-start=\"3854\" data-end=\"3869\">Couloirs exigus<\/p>\n<\/li>\n<\/ul>\n<p data-start=\"3871\" data-end=\"3945\">Nos \u00e9quipes sont form\u00e9es pour travailler efficacement dans ces conditions.<\/p>\n<hr data-start=\"3947\" data-end=\"3950\" \/>\n<h2 data-start=\"3952\" data-end=\"3992\">\ud83c\udfec D\u00e9m\u00e9nagement de bureau et commerce<\/h2>\n<p data-start=\"3994\" data-end=\"4034\">Nous accompagnons les entreprises pour :<\/p>\n<ul data-start=\"4036\" data-end=\"4159\">\n<li data-start=\"4036\" data-end=\"4073\">\n<p data-start=\"4038\" data-end=\"4073\">Transfert de mobilier professionnel<\/p>\n<\/li>\n<li data-start=\"4074\" data-end=\"4098\">\n<p data-start=\"4076\" data-end=\"4098\">D\u00e9placement d\u2019archives<\/p>\n<\/li>\n<li data-start=\"4099\" data-end=\"4135\">\n<p data-start=\"4101\" data-end=\"4135\">Transport de mat\u00e9riel informatique<\/p>\n<\/li>\n<li data-start=\"4136\" data-end=\"4159\">\n<p data-start=\"4138\" data-end=\"4159\">R\u00e9installation rapide<\/p>\n<\/li>\n<\/ul>\n<p data-start=\"4161\" data-end=\"4217\">Notre organisation minimise l\u2019impact sur votre activit\u00e9.<\/p>\n<hr data-start=\"4219\" data-end=\"4222\" \/>\n<h1 data-start=\"4224\" data-end=\"4285\">Comment se d\u00e9roule votre d\u00e9m\u00e9nagement avec Belgium Movers ?<\/h1>\n<h3 data-start=\"4287\" data-end=\"4325\">\u00c9tape 1 : Planification logistique<\/h3>\n<p data-start=\"4326\" data-end=\"4373\">Analyse compl\u00e8te et organisation personnalis\u00e9e.<\/p>\n<h3 data-start=\"4375\" data-end=\"4412\">\u00c9tape 2 : Emballage et protection<\/h3>\n<p data-start=\"4413\" data-end=\"4444\">S\u00e9curisation de tous les biens.<\/p>\n<h3 data-start=\"4446\" data-end=\"4496\">\u00c9tape 3 : Intervention avec lift si n\u00e9cessaire<\/h3>\n<p data-start=\"4497\" data-end=\"4532\">Gain de temps et s\u00e9curit\u00e9 maximale.<\/p>\n<h3 data-start=\"4534\" data-end=\"4571\">\u00c9tape 4 : Transport professionnel<\/h3>\n<p data-start=\"4572\" data-end=\"4610\">Camions adapt\u00e9s et conduite s\u00e9curis\u00e9e.<\/p>\n<h3 data-start=\"4612\" data-end=\"4638\">\u00c9tape 5 : Installation<\/h3>\n<p data-start=\"4639\" data-end=\"4684\">Placement des meubles selon vos instructions.<\/p>\n<hr data-start=\"4686\" data-end=\"4689\" \/>\n<h1 data-start=\"4691\" data-end=\"4736\">Les sp\u00e9cificit\u00e9s des quartiers d\u2019Anderlecht<\/h1>\n<p data-start=\"4738\" data-end=\"4777\">Anderlecht comprend des zones vari\u00e9es :<\/p>\n<ul data-start=\"4779\" data-end=\"4942\">\n<li data-start=\"4779\" data-end=\"4803\">\n<p data-start=\"4781\" data-end=\"4803\">Quartiers r\u00e9sidentiels<\/p>\n<\/li>\n<li data-start=\"4804\" data-end=\"4829\">\n<p data-start=\"4806\" data-end=\"4829\">Zones proches du centre<\/p>\n<\/li>\n<li data-start=\"4830\" data-end=\"4864\">\n<p data-start=\"4832\" data-end=\"4864\">Secteurs avec maisons mitoyennes<\/p>\n<\/li>\n<li data-start=\"4865\" data-end=\"4907\">\n<p data-start=\"4867\" data-end=\"4907\">Immeubles anciens avec escaliers \u00e9troits<\/p>\n<\/li>\n<li data-start=\"4908\" data-end=\"4942\">\n<p data-start=\"4910\" data-end=\"4942\">Nouvelles constructions modernes<\/p>\n<\/li>\n<\/ul>\n<p data-start=\"4944\" data-end=\"4991\">Chaque quartier n\u00e9cessite une approche adapt\u00e9e.<\/p>\n<hr data-start=\"4993\" data-end=\"4996\" \/>\n<h1 data-start=\"4998\" data-end=\"5059\">Conseils pour bien pr\u00e9parer votre d\u00e9m\u00e9nagement \u00e0 Anderlecht<\/h1>\n<p data-start=\"5061\" data-end=\"5232\">\u2714 Trier avant de d\u00e9m\u00e9nager<br data-start=\"5087\" data-end=\"5090\" \/>\u2714 Pr\u00e9parer les cartons \u00e0 l\u2019avance<br data-start=\"5123\" data-end=\"5126\" \/>\u2714 \u00c9tiqueter clairement chaque bo\u00eete<br data-start=\"5161\" data-end=\"5164\" \/>\u2714 Pr\u00e9voir un acc\u00e8s d\u00e9gag\u00e9<br data-start=\"5189\" data-end=\"5192\" \/>\u2714 R\u00e9server votre date suffisamment t\u00f4t<\/p>\n<p data-start=\"5234\" data-end=\"5291\">Une bonne pr\u00e9paration facilite grandement l\u2019intervention.<\/p>\n<hr data-start=\"5293\" data-end=\"5296\" \/>\n<h1 data-start=\"5298\" data-end=\"5331\">Les erreurs fr\u00e9quentes \u00e0 \u00e9viter<\/h1>\n<p data-start=\"5333\" data-end=\"5456\">\u274c Sous-estimer le volume<br data-start=\"5357\" data-end=\"5360\" \/>\u274c Oublier les autorisations<br data-start=\"5387\" data-end=\"5390\" \/>\u274c N\u00e9gliger la protection des meubles<br data-start=\"5426\" data-end=\"5429\" \/>\u274c Reporter l\u2019organisation<\/p>\n<p data-start=\"5458\" data-end=\"5503\">Avec Belgium Movers, ces risques sont \u00e9vit\u00e9s.<\/p>\n<hr data-start=\"5505\" data-end=\"5508\" \/>\n<h1 data-start=\"5510\" data-end=\"5556\">Combien co\u00fbte un d\u00e9m\u00e9nagement \u00e0 Anderlecht ?<\/h1>\n<p data-start=\"5558\" data-end=\"5577\">Le prix d\u00e9pend de :<\/p>\n<ul data-start=\"5579\" data-end=\"5679\">\n<li data-start=\"5579\" data-end=\"5601\">\n<p data-start=\"5581\" data-end=\"5601\">Volume \u00e0 transporter<\/p>\n<\/li>\n<li data-start=\"5602\" data-end=\"5612\">\n<p data-start=\"5604\" data-end=\"5612\">Distance<\/p>\n<\/li>\n<li data-start=\"5613\" data-end=\"5628\">\n<p data-start=\"5615\" data-end=\"5628\">Accessibilit\u00e9<\/p>\n<\/li>\n<li data-start=\"5629\" data-end=\"5652\">\n<p data-start=\"5631\" data-end=\"5652\">Utilisation d\u2019un lift<\/p>\n<\/li>\n<li data-start=\"5653\" data-end=\"5679\">\n<p data-start=\"5655\" data-end=\"5679\">Services suppl\u00e9mentaires<\/p>\n<\/li>\n<\/ul>\n<p data-start=\"5681\" data-end=\"5751\">Chaque projet est unique. Nous proposons une estimation personnalis\u00e9e.<\/p>\n<hr data-start=\"5753\" data-end=\"5756\" \/>\n<h1 data-start=\"5758\" data-end=\"5818\">Pourquoi Belgium Movers est un choix fiable \u00e0 Anderlecht ?<\/h1>\n<p data-start=\"5820\" data-end=\"5972\">\u2714 Connaissance parfaite du terrain<br data-start=\"5854\" data-end=\"5857\" \/>\u2714 \u00c9quipe qualifi\u00e9e<br data-start=\"5875\" data-end=\"5878\" \/>\u2714 Mat\u00e9riel professionnel<br data-start=\"5902\" data-end=\"5905\" \/>\u2714 Lifts adapt\u00e9s<br data-start=\"5920\" data-end=\"5923\" \/>\u2714 Organisation efficace<br data-start=\"5946\" data-end=\"5949\" \/>\u2714 Intervention rapide<\/p>\n<p data-start=\"5974\" data-end=\"6034\">Nous faisons de votre d\u00e9m\u00e9nagement une exp\u00e9rience ma\u00eetris\u00e9e.<\/p>\n<hr data-start=\"6036\" data-end=\"6039\" \/>\n<h1 data-start=\"6041\" data-end=\"6072\">FAQ \u2013 D\u00e9m\u00e9nagement Anderlecht<\/h1>\n<h3 data-start=\"6074\" data-end=\"6117\">Intervenez-vous dans toute la commune ?<\/h3>\n<p data-start=\"6118\" data-end=\"6169\">Oui, nous couvrons tous les quartiers d\u2019Anderlecht.<\/p>\n<h3 data-start=\"6171\" data-end=\"6198\">Utilisez-vous un lift ?<\/h3>\n<p data-start=\"6199\" data-end=\"6228\">Oui, lorsque l\u2019acc\u00e8s l\u2019exige.<\/p>\n<h3 data-start=\"6230\" data-end=\"6275\">Proposez-vous le d\u00e9montage et remontage ?<\/h3>\n<p data-start=\"6276\" data-end=\"6299\">Oui, selon vos besoins.<\/p>\n<h3 data-start=\"6301\" data-end=\"6334\">Travaillez-vous le week-end ?<\/h3>\n<p data-start=\"6335\" data-end=\"6360\">Oui, selon disponibilit\u00e9.<\/p>\n<h3 data-start=\"6362\" data-end=\"6398\">D\u00e9m\u00e9nagez-vous les entreprises ?<\/h3>\n<p data-start=\"6399\" data-end=\"6450\">Oui, nous accompagnons professionnels et commerces.<\/p>\n<h3 data-start=\"6452\" data-end=\"6495\">Faut-il r\u00e9server longtemps \u00e0 l\u2019avance ?<\/h3>\n<p data-start=\"6496\" data-end=\"6542\">Il est conseill\u00e9 de r\u00e9server d\u00e8s que possible.<\/p>\n<h3 data-start=\"6544\" data-end=\"6576\">Le mat\u00e9riel est-il prot\u00e9g\u00e9 ?<\/h3>\n<p data-start=\"6577\" data-end=\"6618\">Oui, avec des \u00e9quipements professionnels.<\/p>\n<h3 data-start=\"6620\" data-end=\"6663\">Combien de temps dure un d\u00e9m\u00e9nagement ?<\/h3>\n<p data-start=\"6664\" data-end=\"6712\">Cela d\u00e9pend du volume et des conditions d\u2019acc\u00e8s.<\/p>\n<h3 data-start=\"6714\" data-end=\"6757\">Faites-vous des d\u00e9m\u00e9nagements urgents ?<\/h3>\n<p data-start=\"6758\" data-end=\"6809\">Selon planning, nous pouvons intervenir rapidement.<\/p>\n<h3 data-start=\"6811\" data-end=\"6839\">Le devis est-il payant ?<\/h3>\n<p data-start=\"6840\" data-end=\"6871\">Non, il est totalement gratuit.<\/p>\n<hr data-start=\"6873\" data-end=\"6876\" \/>\n<h1 data-start=\"6878\" data-end=\"6890\">Conclusion<\/h1>\n<p data-start=\"6892\" data-end=\"6964\">Pour votre <strong data-start=\"6903\" data-end=\"6932\">d\u00e9m\u00e9nagement \u00e0 Anderlecht<\/strong>, Belgium Movers vous garantit :<\/p>\n<ul data-start=\"6966\" data-end=\"7095\">\n<li data-start=\"6966\" data-end=\"6995\">\n<p data-start=\"6968\" data-end=\"6995\">Une organisation rigoureuse<\/p>\n<\/li>\n<li data-start=\"6996\" data-end=\"7021\">\n<p data-start=\"6998\" data-end=\"7021\">Une \u00e9quipe exp\u00e9riment\u00e9e<\/p>\n<\/li>\n<li data-start=\"7022\" data-end=\"7056\">\n<p data-start=\"7024\" data-end=\"7056\">Des lifts professionnels adapt\u00e9s<\/p>\n<\/li>\n<li data-start=\"7057\" data-end=\"7095\">\n<p data-start=\"7059\" data-end=\"7095\">Une intervention rapide et s\u00e9curis\u00e9e<\/p>\n<\/li>\n<\/ul>\n<p data-start=\"7097\" data-end=\"7191\">Nous intervenons \u00e0 Anderlecht et dans toutes les communes voisines avec s\u00e9rieux et efficacit\u00e9.<\/p>\n<p data-start=\"7193\" data-end=\"7290\"><a href=\"https:\/\/belgium-movers.be\/contact-demenagement.html\" target=\"_blank\" rel=\"noopener\">\ud83d\udcde Contactez-nous<\/a> d\u00e8s aujourd\u2019hui pour obtenir votre <strong data-start=\"7246\" data-end=\"7263\">devis gratuit<\/strong>, clair et sans engagement.<\/p>\n","protected":false},"excerpt":{"rendered":"<p>Organiser un d\u00e9m\u00e9nagement \u00e0 Anderlecht demande une pr\u00e9paration rigoureuse, une bonne connaissance du terrain et du mat\u00e9riel adapt\u00e9. Entre les rues parfois \u00e9troites, les immeubles anciens sans ascenseur, les appartements en \u00e9tage \u00e9lev\u00e9 et les contraintes de stationnement, d\u00e9m\u00e9nager dans la commune de Anderlecht peut rapidement devenir complexe sans l\u2019aide de professionnels. Chez Belgium Movers,&hellip;<\/p>\n","protected":false},"author":1,"featured_media":191,"parent":0,"menu_order":0,"comment_status":"closed","ping_status":"closed","template":"","meta":{"footnotes":""},"class_list":["post-188","page","type-page","status-publish","has-post-thumbnail","hentry"],"_links":{"self":[{"href":"https:\/\/belgium-movers.be\/blog\/wp-json\/wp\/v2\/pages\/188","targetHints":{"allow":["GET"]}}],"collection":[{"href":"https:\/\/belgium-movers.be\/blog\/wp-json\/wp\/v2\/pages"}],"about":[{"href":"https:\/\/belgium-movers.be\/blog\/wp-json\/wp\/v2\/types\/page"}],"author":[{"embeddable":true,"href":"https:\/\/belgium-movers.be\/blog\/wp-json\/wp\/v2\/users\/1"}],"replies":[{"embeddable":true,"href":"https:\/\/belgium-movers.be\/blog\/wp-json\/wp\/v2\/comments?post=188"}],"version-history":[{"count":1,"href":"https:\/\/belgium-movers.be\/blog\/wp-json\/wp\/v2\/pages\/188\/revisions"}],"predecessor-version":[{"id":192,"href":"https:\/\/belgium-movers.be\/blog\/wp-json\/wp\/v2\/pages\/188\/revisions\/192"}],"wp:featuredmedia":[{"embeddable":true,"href":"https:\/\/belgium-movers.be\/blog\/wp-json\/wp\/v2\/media\/191"}],"wp:attachment":[{"href":"https:\/\/belgium-movers.be\/blog\/wp-json\/wp\/v2\/media?parent=188"}],"curies":[{"name":"wp","href":"https:\/\/api.w.org\/{rel}","templated":true}]}}