{"id":183,"date":"2026-03-04T11:12:57","date_gmt":"2026-03-04T10:12:57","guid":{"rendered":"https:\/\/belgium-movers.be\/blog\/?page_id=183"},"modified":"2026-03-04T11:13:31","modified_gmt":"2026-03-04T10:13:31","slug":"demenagement-bruxelles","status":"publish","type":"page","link":"https:\/\/belgium-movers.be\/blog\/demenagement-bruxelles\/","title":{"rendered":"D\u00e9m\u00e9nagement Bruxelles"},"content":{"rendered":"<p data-start=\"273\" data-end=\"568\">Organiser un <strong data-start=\"286\" data-end=\"314\">d\u00e9m\u00e9nagement \u00e0 Bruxelles<\/strong> peut rapidement devenir un d\u00e9fi. Entre la circulation dense, les immeubles anciens, les escaliers \u00e9troits, le stationnement r\u00e9glement\u00e9 et les contraintes d\u2019acc\u00e8s, d\u00e9m\u00e9nager dans la capitale demande une organisation rigoureuse et une \u00e9quipe exp\u00e9riment\u00e9e.<\/p>\n<p data-start=\"570\" data-end=\"742\">Chez <a href=\"https:\/\/belgium-movers.be\/\" target=\"_blank\" rel=\"noopener\"><strong data-start=\"575\" data-end=\"593\">Belgium Movers<\/strong><\/a>, nous mettons tout en \u0153uvre pour rendre votre d\u00e9m\u00e9nagement simple, fluide et s\u00e9curis\u00e9 dans toute la r\u00e9gion de <span class=\"hover:entity-accent entity-underline inline cursor-pointer align-baseline\"><span class=\"whitespace-normal\">Bruxelles<\/span><\/span>.<\/p>\n<p data-start=\"744\" data-end=\"1047\">Nous intervenons dans toutes les communes bruxelloises, notamment \u00e0 <span class=\"hover:entity-accent entity-underline inline cursor-pointer align-baseline\"><span class=\"whitespace-normal\">Ixelles<\/span><\/span>, <span class=\"hover:entity-accent entity-underline inline cursor-pointer align-baseline\"><span class=\"whitespace-normal\">Uccle<\/span><\/span>, <span class=\"hover:entity-accent entity-underline inline cursor-pointer align-baseline\"><span class=\"whitespace-normal\">Schaerbeek<\/span><\/span>, <span class=\"hover:entity-accent entity-underline inline cursor-pointer align-baseline\"><span class=\"whitespace-normal\">Anderlecht<\/span><\/span>, <span class=\"hover:entity-accent entity-underline inline cursor-pointer align-baseline\"><span class=\"whitespace-normal\">Woluwe-Saint-Lambert<\/span><\/span> et <span class=\"hover:entity-accent entity-underline inline cursor-pointer align-baseline\"><span class=\"whitespace-normal\">Etterbeek<\/span><\/span>.<\/p>\n<p data-start=\"1049\" data-end=\"1181\">Notre mission : vous offrir un d\u00e9m\u00e9nagement organis\u00e9, efficace et sans stress gr\u00e2ce \u00e0 notre expertise et \u00e0 nos lifts professionnels.<\/p>\n<hr data-start=\"1183\" data-end=\"1186\" \/>\n<h1 data-start=\"1188\" data-end=\"1253\">Pourquoi d\u00e9m\u00e9nager \u00e0 Bruxelles n\u00e9cessite une expertise locale ?<\/h1>\n<p data-start=\"1255\" data-end=\"1328\">Bruxelles est une ville unique. Chaque commune poss\u00e8de ses sp\u00e9cificit\u00e9s :<\/p>\n<ul data-start=\"1330\" data-end=\"1513\">\n<li data-start=\"1330\" data-end=\"1366\">\n<p data-start=\"1332\" data-end=\"1366\">Immeubles de caract\u00e8re \u00e0 Ixelles<\/p>\n<\/li>\n<li data-start=\"1367\" data-end=\"1401\">\n<p data-start=\"1369\" data-end=\"1401\">Quartiers r\u00e9sidentiels \u00e0 Uccle<\/p>\n<\/li>\n<li data-start=\"1402\" data-end=\"1437\">\n<p data-start=\"1404\" data-end=\"1437\">Maisons mitoyennes \u00e0 Anderlecht<\/p>\n<\/li>\n<li data-start=\"1438\" data-end=\"1472\">\n<p data-start=\"1440\" data-end=\"1472\">Immeubles anciens \u00e0 Schaerbeek<\/p>\n<\/li>\n<li data-start=\"1473\" data-end=\"1513\">\n<p data-start=\"1475\" data-end=\"1513\">Appartements en \u00e9tage \u00e9lev\u00e9 \u00e0 Woluwe<\/p>\n<\/li>\n<\/ul>\n<p data-start=\"1515\" data-end=\"1546\">Ces particularit\u00e9s impliquent :<\/p>\n<ul data-start=\"1548\" data-end=\"1672\">\n<li data-start=\"1548\" data-end=\"1569\">\n<p data-start=\"1550\" data-end=\"1569\">Escaliers \u00e9troits<\/p>\n<\/li>\n<li data-start=\"1570\" data-end=\"1593\">\n<p data-start=\"1572\" data-end=\"1593\">Absence d\u2019ascenseur<\/p>\n<\/li>\n<li data-start=\"1594\" data-end=\"1624\">\n<p data-start=\"1596\" data-end=\"1624\">Fa\u00e7ades difficiles d\u2019acc\u00e8s<\/p>\n<\/li>\n<li data-start=\"1625\" data-end=\"1649\">\n<p data-start=\"1627\" data-end=\"1649\">Stationnement limit\u00e9<\/p>\n<\/li>\n<li data-start=\"1650\" data-end=\"1672\">\n<p data-start=\"1652\" data-end=\"1672\">Zones r\u00e9glement\u00e9es<\/p>\n<\/li>\n<\/ul>\n<p data-start=\"1674\" data-end=\"1791\">Chez Belgium Movers, nous connaissons parfaitement ces contraintes. Cette exp\u00e9rience locale fait toute la diff\u00e9rence.<\/p>\n<hr data-start=\"1793\" data-end=\"1796\" \/>\n<h1 data-start=\"1798\" data-end=\"1858\">Une organisation compl\u00e8te pour un d\u00e9m\u00e9nagement sans stress<\/h1>\n<p data-start=\"1860\" data-end=\"1923\">Un d\u00e9m\u00e9nagement r\u00e9ussi commence par une pr\u00e9paration minutieuse.<\/p>\n<h2 data-start=\"1925\" data-end=\"1956\">1\ufe0f\u20e3 Analyse et planification<\/h2>\n<p data-start=\"1958\" data-end=\"1999\">Avant toute intervention, nous \u00e9valuons :<\/p>\n<ul data-start=\"2001\" data-end=\"2150\">\n<li data-start=\"2001\" data-end=\"2034\">\n<p data-start=\"2003\" data-end=\"2034\">Le volume total \u00e0 transporter<\/p>\n<\/li>\n<li data-start=\"2035\" data-end=\"2058\">\n<p data-start=\"2037\" data-end=\"2058\">Le type de logement<\/p>\n<\/li>\n<li data-start=\"2059\" data-end=\"2078\">\n<p data-start=\"2061\" data-end=\"2078\">L\u2019accessibilit\u00e9<\/p>\n<\/li>\n<li data-start=\"2079\" data-end=\"2105\">\n<p data-start=\"2081\" data-end=\"2105\">La n\u00e9cessit\u00e9 d\u2019un lift<\/p>\n<\/li>\n<li data-start=\"2106\" data-end=\"2150\">\n<p data-start=\"2108\" data-end=\"2150\">Les autorisations communales \u00e9ventuelles<\/p>\n<\/li>\n<\/ul>\n<p data-start=\"2152\" data-end=\"2199\">Cette \u00e9tape permet d\u2019anticiper les difficult\u00e9s.<\/p>\n<hr data-start=\"2201\" data-end=\"2204\" \/>\n<h2 data-start=\"2206\" data-end=\"2252\">2\ufe0f\u20e3 Protection professionnelle de vos biens<\/h2>\n<p data-start=\"2254\" data-end=\"2270\">Nous utilisons :<\/p>\n<ul data-start=\"2272\" data-end=\"2456\">\n<li data-start=\"2272\" data-end=\"2307\">\n<p data-start=\"2274\" data-end=\"2307\">Couvertures \u00e9paisses renforc\u00e9es<\/p>\n<\/li>\n<li data-start=\"2308\" data-end=\"2340\">\n<p data-start=\"2310\" data-end=\"2340\">Films plastiques protecteurs<\/p>\n<\/li>\n<li data-start=\"2341\" data-end=\"2375\">\n<p data-start=\"2343\" data-end=\"2375\">Housses sp\u00e9ciales pour matelas<\/p>\n<\/li>\n<li data-start=\"2376\" data-end=\"2415\">\n<p data-start=\"2378\" data-end=\"2415\">Cartons adapt\u00e9s aux objets fragiles<\/p>\n<\/li>\n<li data-start=\"2416\" data-end=\"2456\">\n<p data-start=\"2418\" data-end=\"2456\">Sangles professionnelles de fixation<\/p>\n<\/li>\n<\/ul>\n<p data-start=\"2458\" data-end=\"2506\">Chaque meuble est s\u00e9curis\u00e9 avant d\u2019\u00eatre d\u00e9plac\u00e9.<\/p>\n<hr data-start=\"2508\" data-end=\"2511\" \/>\n<h1 data-start=\"2513\" data-end=\"2570\">Le lift : la solution id\u00e9ale pour d\u00e9m\u00e9nager \u00e0 Bruxelles<\/h1>\n<p><img loading=\"lazy\" decoding=\"async\" class=\"alignnone size-medium wp-image-186\" src=\"https:\/\/belgium-movers.be\/blog\/wp-content\/uploads\/2026\/03\/Lift-demenagement-300x200.jpg\" alt=\"\" width=\"300\" height=\"200\" srcset=\"https:\/\/belgium-movers.be\/blog\/wp-content\/uploads\/2026\/03\/Lift-demenagement-300x200.jpg 300w, https:\/\/belgium-movers.be\/blog\/wp-content\/uploads\/2026\/03\/Lift-demenagement-1024x683.jpg 1024w, https:\/\/belgium-movers.be\/blog\/wp-content\/uploads\/2026\/03\/Lift-demenagement-768x512.jpg 768w, https:\/\/belgium-movers.be\/blog\/wp-content\/uploads\/2026\/03\/Lift-demenagement-1536x1024.jpg 1536w, https:\/\/belgium-movers.be\/blog\/wp-content\/uploads\/2026\/03\/Lift-demenagement-2048x1365.jpg 2048w\" sizes=\"auto, (max-width: 300px) 100vw, 300px\" \/><\/p>\n<p data-start=\"2572\" data-end=\"2638\">Dans une ville comme <a href=\"https:\/\/fr.wikipedia.org\/wiki\/Bruxelles\" target=\"_blank\" rel=\"noopener\">Bruxelles<\/a>, le lift est souvent indispensable.<\/p>\n<h2 data-start=\"2640\" data-end=\"2670\">Pourquoi utiliser un lift ?<\/h2>\n<p data-start=\"2672\" data-end=\"2825\">\u2714 Gain de temps consid\u00e9rable<br data-start=\"2700\" data-end=\"2703\" \/>\u2714 Moins d\u2019effort physique<br data-start=\"2728\" data-end=\"2731\" \/>\u2714 Moins de risques de casse<br data-start=\"2758\" data-end=\"2761\" \/>\u2714 Protection des parties communes<br data-start=\"2794\" data-end=\"2797\" \/>\u2714 Intervention plus rapide<\/p>\n<p data-start=\"2827\" data-end=\"2937\">Dans des communes comme <a href=\"https:\/\/fr.wikipedia.org\/wiki\/Schaerbeek\" target=\"_blank\" rel=\"noopener\">Schaerbeek<\/a> ou <a href=\"https:\/\/fr.wikipedia.org\/wiki\/Ixelles\" target=\"_blank\" rel=\"noopener\">Ixelles<\/a>, o\u00f9 les escaliers sont \u00e9troits, le lift permet de faire passer :<\/p>\n<ul data-start=\"2939\" data-end=\"3042\">\n<li data-start=\"2939\" data-end=\"2961\">\n<p data-start=\"2941\" data-end=\"2961\">Canap\u00e9s volumineux<\/p>\n<\/li>\n<li data-start=\"2962\" data-end=\"2974\">\n<p data-start=\"2964\" data-end=\"2974\">Armoires<\/p>\n<\/li>\n<li data-start=\"2975\" data-end=\"2996\">\n<p data-start=\"2977\" data-end=\"2996\">Frigos am\u00e9ricains<\/p>\n<\/li>\n<li data-start=\"2997\" data-end=\"3015\">\n<p data-start=\"2999\" data-end=\"3015\">Lits king size<\/p>\n<\/li>\n<li data-start=\"3016\" data-end=\"3042\">\n<p data-start=\"3018\" data-end=\"3042\">\u00c9lectrom\u00e9nagers lourds<\/p>\n<\/li>\n<\/ul>\n<hr data-start=\"3044\" data-end=\"3047\" \/>\n<h2 data-start=\"3049\" data-end=\"3076\">Nos lifts professionnels<\/h2>\n<p data-start=\"3078\" data-end=\"3119\">Belgium Movers dispose de lifts adapt\u00e9s :<\/p>\n<ul data-start=\"3121\" data-end=\"3203\">\n<li data-start=\"3121\" data-end=\"3147\">\n<p data-start=\"3123\" data-end=\"3147\">Pour les \u00e9tages \u00e9lev\u00e9s<\/p>\n<\/li>\n<li data-start=\"3148\" data-end=\"3174\">\n<p data-start=\"3150\" data-end=\"3174\">Pour les rues \u00e9troites<\/p>\n<\/li>\n<li data-start=\"3175\" data-end=\"3203\">\n<p data-start=\"3177\" data-end=\"3203\">Pour les acc\u00e8s complexes<\/p>\n<\/li>\n<\/ul>\n<p data-start=\"3205\" data-end=\"3284\">Nos op\u00e9rateurs sont form\u00e9s pour garantir une manipulation s\u00e9curis\u00e9e et pr\u00e9cise.<\/p>\n<hr data-start=\"3286\" data-end=\"3289\" \/>\n<h1 data-start=\"3291\" data-end=\"3333\">Nos services de d\u00e9m\u00e9nagement \u00e0 Bruxelles<\/h1>\n<h2 data-start=\"3335\" data-end=\"3363\">\ud83c\udfe0 D\u00e9m\u00e9nagement de maison<\/h2>\n<p data-start=\"3365\" data-end=\"3465\">Que vous quittiez une maison familiale \u00e0 <a href=\"https:\/\/fr.wikipedia.org\/wiki\/Uccle\" target=\"_blank\" rel=\"noopener\">Uccle<\/a> ou une maison mitoyenne \u00e0 <a href=\"https:\/\/fr.wikipedia.org\/wiki\/Anderlecht\" target=\"_blank\" rel=\"noopener\">Anderlecht<\/a>, nous assurons :<\/p>\n<ul data-start=\"3467\" data-end=\"3568\">\n<li data-start=\"3467\" data-end=\"3490\">\n<p data-start=\"3469\" data-end=\"3490\">Chargement optimis\u00e9<\/p>\n<\/li>\n<li data-start=\"3491\" data-end=\"3514\">\n<p data-start=\"3493\" data-end=\"3514\">Protection compl\u00e8te<\/p>\n<\/li>\n<li data-start=\"3515\" data-end=\"3537\">\n<p data-start=\"3517\" data-end=\"3537\">Transport s\u00e9curis\u00e9<\/p>\n<\/li>\n<li data-start=\"3538\" data-end=\"3568\">\n<p data-start=\"3540\" data-end=\"3568\">Installation \u00e0 destination<\/p>\n<\/li>\n<\/ul>\n<hr data-start=\"3570\" data-end=\"3573\" \/>\n<h2 data-start=\"3575\" data-end=\"3607\">\ud83c\udfe2 D\u00e9m\u00e9nagement d\u2019appartement<\/h2>\n<p data-start=\"3609\" data-end=\"3657\">Les appartements bruxellois pr\u00e9sentent souvent :<\/p>\n<ul data-start=\"3659\" data-end=\"3724\">\n<li data-start=\"3659\" data-end=\"3685\">\n<p data-start=\"3661\" data-end=\"3685\">Escaliers en colima\u00e7on<\/p>\n<\/li>\n<li data-start=\"3686\" data-end=\"3706\">\n<p data-start=\"3688\" data-end=\"3706\">Couloirs \u00e9troits<\/p>\n<\/li>\n<li data-start=\"3707\" data-end=\"3724\">\n<p data-start=\"3709\" data-end=\"3724\">\u00c9tages \u00e9lev\u00e9s<\/p>\n<\/li>\n<\/ul>\n<p data-start=\"3726\" data-end=\"3780\">Nos lifts simplifient consid\u00e9rablement ces situations.<\/p>\n<hr data-start=\"3782\" data-end=\"3785\" \/>\n<h2 data-start=\"3787\" data-end=\"3815\">\ud83c\udfec D\u00e9m\u00e9nagement de bureau<\/h2>\n<p data-start=\"3817\" data-end=\"3857\">Nous accompagnons les entreprises pour :<\/p>\n<ul data-start=\"3859\" data-end=\"3990\">\n<li data-start=\"3859\" data-end=\"3898\">\n<p data-start=\"3861\" data-end=\"3898\">Transfert de mobilier professionnel<\/p>\n<\/li>\n<li data-start=\"3899\" data-end=\"3925\">\n<p data-start=\"3901\" data-end=\"3925\">D\u00e9placement d\u2019archives<\/p>\n<\/li>\n<li data-start=\"3926\" data-end=\"3964\">\n<p data-start=\"3928\" data-end=\"3964\">Transport de mat\u00e9riel informatique<\/p>\n<\/li>\n<li data-start=\"3965\" data-end=\"3990\">\n<p data-start=\"3967\" data-end=\"3990\">R\u00e9installation rapide<\/p>\n<\/li>\n<\/ul>\n<p data-start=\"3992\" data-end=\"4041\">Nous minimisons l\u2019interruption de votre activit\u00e9.<\/p>\n<hr data-start=\"4043\" data-end=\"4046\" \/>\n<h1 data-start=\"4048\" data-end=\"4109\">Comment se d\u00e9roule votre d\u00e9m\u00e9nagement avec Belgium Movers ?<\/h1>\n<h3 data-start=\"4111\" data-end=\"4147\">\u00c9tape 1 : Pr\u00e9paration logistique<\/h3>\n<p data-start=\"4148\" data-end=\"4171\">Planification compl\u00e8te.<\/p>\n<h3 data-start=\"4173\" data-end=\"4205\">\u00c9tape 2 : Emballage s\u00e9curis\u00e9<\/h3>\n<p data-start=\"4206\" data-end=\"4237\">Protection des objets fragiles.<\/p>\n<h3 data-start=\"4239\" data-end=\"4286\">\u00c9tape 3 : Utilisation du lift si n\u00e9cessaire<\/h3>\n<p data-start=\"4287\" data-end=\"4313\">Gain de temps et s\u00e9curit\u00e9.<\/p>\n<h3 data-start=\"4315\" data-end=\"4352\">\u00c9tape 4 : Transport professionnel<\/h3>\n<p data-start=\"4353\" data-end=\"4383\">Conduite adapt\u00e9e et s\u00e9curis\u00e9e.<\/p>\n<h3 data-start=\"4385\" data-end=\"4411\">\u00c9tape 5 : Installation<\/h3>\n<p data-start=\"4412\" data-end=\"4461\">D\u00e9chargement et placement selon vos instructions.<\/p>\n<hr data-start=\"4463\" data-end=\"4466\" \/>\n<h1 data-start=\"4468\" data-end=\"4507\">D\u00e9m\u00e9nagement local ou longue distance<\/h1>\n<p data-start=\"4509\" data-end=\"4525\">Nous r\u00e9alisons :<\/p>\n<ul data-start=\"4527\" data-end=\"4631\">\n<li data-start=\"4527\" data-end=\"4560\">\n<p data-start=\"4529\" data-end=\"4560\">D\u00e9m\u00e9nagements intra-Bruxelles<\/p>\n<\/li>\n<li data-start=\"4561\" data-end=\"4590\">\n<p data-start=\"4563\" data-end=\"4590\">Transferts entre communes<\/p>\n<\/li>\n<li data-start=\"4591\" data-end=\"4631\">\n<p data-start=\"4593\" data-end=\"4631\">D\u00e9m\u00e9nagements vers toute la Belgique<\/p>\n<\/li>\n<\/ul>\n<p data-start=\"4633\" data-end=\"4687\">Chaque projet b\u00e9n\u00e9ficie du m\u00eame niveau d\u2019organisation.<\/p>\n<hr data-start=\"4689\" data-end=\"4692\" \/>\n<h1 data-start=\"4694\" data-end=\"4748\">Pr\u00e9parer son d\u00e9m\u00e9nagement \u00e0 Bruxelles : nos conseils<\/h1>\n<p data-start=\"4750\" data-end=\"4785\">Pour optimiser votre d\u00e9m\u00e9nagement :<\/p>\n<p data-start=\"4787\" data-end=\"4934\">\u2714 Trier avant de d\u00e9m\u00e9nager<br data-start=\"4813\" data-end=\"4816\" \/>\u2714 Pr\u00e9parer les cartons \u00e0 l\u2019avance<br data-start=\"4849\" data-end=\"4852\" \/>\u2714 \u00c9tiqueter clairement<br data-start=\"4874\" data-end=\"4877\" \/>\u2714 Pr\u00e9voir un acc\u00e8s d\u00e9gag\u00e9<br data-start=\"4902\" data-end=\"4905\" \/>\u2714 R\u00e9server suffisamment t\u00f4t<\/p>\n<p data-start=\"4936\" data-end=\"4978\">Une bonne pr\u00e9paration r\u00e9duit les impr\u00e9vus.<\/p>\n<hr data-start=\"4980\" data-end=\"4983\" \/>\n<h1 data-start=\"4985\" data-end=\"5007\">Les erreurs \u00e0 \u00e9viter<\/h1>\n<p data-start=\"5009\" data-end=\"5164\">\u274c Sous-estimer le volume<br data-start=\"5033\" data-end=\"5036\" \/>\u274c N\u00e9gliger la protection des meubles<br data-start=\"5072\" data-end=\"5075\" \/>\u274c Oublier les autorisations de stationnement<br data-start=\"5119\" data-end=\"5122\" \/>\u274c Choisir une \u00e9quipe non professionnelle<\/p>\n<p data-start=\"5166\" data-end=\"5211\">Avec Belgium Movers, vous \u00e9vitez ces erreurs.<\/p>\n<hr data-start=\"5213\" data-end=\"5216\" \/>\n<h1 data-start=\"5218\" data-end=\"5263\">Combien co\u00fbte un d\u00e9m\u00e9nagement \u00e0 Bruxelles ?<\/h1>\n<p data-start=\"5265\" data-end=\"5284\">Le prix d\u00e9pend de :<\/p>\n<ul data-start=\"5286\" data-end=\"5388\">\n<li data-start=\"5286\" data-end=\"5302\">\n<p data-start=\"5288\" data-end=\"5302\">Volume total<\/p>\n<\/li>\n<li data-start=\"5303\" data-end=\"5315\">\n<p data-start=\"5305\" data-end=\"5315\">Distance<\/p>\n<\/li>\n<li data-start=\"5316\" data-end=\"5333\">\n<p data-start=\"5318\" data-end=\"5333\">Accessibilit\u00e9<\/p>\n<\/li>\n<li data-start=\"5334\" data-end=\"5359\">\n<p data-start=\"5336\" data-end=\"5359\">Utilisation d\u2019un lift<\/p>\n<\/li>\n<li data-start=\"5360\" data-end=\"5388\">\n<p data-start=\"5362\" data-end=\"5388\">Services suppl\u00e9mentaires<\/p>\n<\/li>\n<\/ul>\n<p data-start=\"5390\" data-end=\"5484\">Chaque situation est diff\u00e9rente, c\u2019est pourquoi nous proposons des estimations personnalis\u00e9es.<\/p>\n<hr data-start=\"5486\" data-end=\"5489\" \/>\n<h1 data-start=\"5491\" data-end=\"5526\">Pourquoi choisir Belgium Movers ?<\/h1>\n<p data-start=\"5528\" data-end=\"5700\">\u2714 Expertise locale<br data-start=\"5546\" data-end=\"5549\" \/>\u2714 \u00c9quipe exp\u00e9riment\u00e9e<br data-start=\"5570\" data-end=\"5573\" \/>\u2714 Lifts professionnels<br data-start=\"5595\" data-end=\"5598\" \/>\u2714 Mat\u00e9riel de protection complet<br data-start=\"5630\" data-end=\"5633\" \/>\u2714 Organisation efficace<br data-start=\"5656\" data-end=\"5659\" \/>\u2714 Intervention dans toutes les communes<\/p>\n<p data-start=\"5702\" data-end=\"5747\">Notre objectif : simplifier votre transition.<\/p>\n<hr data-start=\"5749\" data-end=\"5752\" \/>\n<h1 data-start=\"5754\" data-end=\"5784\">FAQ \u2013 D\u00e9m\u00e9nagement Bruxelles<\/h1>\n<h3 data-start=\"5786\" data-end=\"5845\">Intervenez-vous dans toutes les communes de Bruxelles ?<\/h3>\n<p data-start=\"5846\" data-end=\"5901\">Oui, nous couvrons l\u2019ensemble de la r\u00e9gion bruxelloise.<\/p>\n<h3 data-start=\"5903\" data-end=\"5932\">Utilisez-vous des lifts ?<\/h3>\n<p data-start=\"5933\" data-end=\"5971\">Oui, lorsque la configuration l\u2019exige.<\/p>\n<h3 data-start=\"5973\" data-end=\"6016\">Combien de temps dure un d\u00e9m\u00e9nagement ?<\/h3>\n<p data-start=\"6017\" data-end=\"6061\">Cela d\u00e9pend du volume et de l\u2019accessibilit\u00e9.<\/p>\n<h3 data-start=\"6063\" data-end=\"6108\">Proposez-vous le d\u00e9montage et remontage ?<\/h3>\n<p data-start=\"6109\" data-end=\"6126\">Oui, sur demande.<\/p>\n<h3 data-start=\"6128\" data-end=\"6161\">Faut-il r\u00e9server \u00e0 l\u2019avance ?<\/h3>\n<p data-start=\"6162\" data-end=\"6190\">Oui, surtout en fin de mois.<\/p>\n<h3 data-start=\"6192\" data-end=\"6225\">Travaillez-vous le week-end ?<\/h3>\n<p data-start=\"6226\" data-end=\"6251\">Oui, selon disponibilit\u00e9.<\/p>\n<h3 data-start=\"6253\" data-end=\"6285\">D\u00e9m\u00e9nagez-vous les bureaux ?<\/h3>\n<p data-start=\"6286\" data-end=\"6328\">Oui, nous accompagnons les professionnels.<\/p>\n<h3 data-start=\"6330\" data-end=\"6362\">Le mat\u00e9riel est-il prot\u00e9g\u00e9 ?<\/h3>\n<p data-start=\"6363\" data-end=\"6404\">Oui, avec des \u00e9quipements professionnels.<\/p>\n<h3 data-start=\"6406\" data-end=\"6438\">Intervenez-vous en urgence ?<\/h3>\n<p data-start=\"6439\" data-end=\"6490\">Selon planning, nous pouvons intervenir rapidement.<\/p>\n<h3 data-start=\"6492\" data-end=\"6520\">Proposez-vous un devis ?<\/h3>\n<p data-start=\"6521\" data-end=\"6558\">Oui, gratuitement et sans engagement.<\/p>\n<hr data-start=\"6560\" data-end=\"6563\" \/>\n<h1 data-start=\"6565\" data-end=\"6577\">Conclusion<\/h1>\n<p data-start=\"6579\" data-end=\"6754\">Pour votre <strong data-start=\"6590\" data-end=\"6618\">d\u00e9m\u00e9nagement \u00e0 Bruxelles<\/strong>, Belgium Movers vous offre une organisation compl\u00e8te, une \u00e9quipe exp\u00e9riment\u00e9e et des lifts professionnels pour simplifier chaque \u00e9tape.<\/p>\n<p data-start=\"6756\" data-end=\"6860\">Nous intervenons dans toutes les communes de Bruxelles et adaptons nos services aux contraintes locales.<\/p>\n<p data-start=\"6862\" data-end=\"6939\">Notre priorit\u00e9 est de rendre votre d\u00e9m\u00e9nagement rapide, s\u00e9curis\u00e9 et efficace.<\/p>\n<p data-start=\"6941\" data-end=\"7038\">\ud83d\udcde <a href=\"https:\/\/belgium-movers.be\/contact-demenagement.html\" target=\"_blank\" rel=\"noopener\">Contactez-nous<\/a> d\u00e8s aujourd\u2019hui pour obtenir votre <strong data-start=\"6994\" data-end=\"7011\">devis gratuit<\/strong>, clair et sans engagement.<\/p>\n","protected":false},"excerpt":{"rendered":"<p>Organiser un d\u00e9m\u00e9nagement \u00e0 Bruxelles peut rapidement devenir un d\u00e9fi. Entre la circulation dense, les immeubles anciens, les escaliers \u00e9troits, le stationnement r\u00e9glement\u00e9 et les contraintes d\u2019acc\u00e8s, d\u00e9m\u00e9nager dans la capitale demande une organisation rigoureuse et une \u00e9quipe exp\u00e9riment\u00e9e. Chez Belgium Movers, nous mettons tout en \u0153uvre pour rendre votre d\u00e9m\u00e9nagement simple, fluide et s\u00e9curis\u00e9&hellip;<\/p>\n","protected":false},"author":1,"featured_media":185,"parent":0,"menu_order":0,"comment_status":"closed","ping_status":"closed","template":"","meta":{"footnotes":""},"class_list":["post-183","page","type-page","status-publish","has-post-thumbnail","hentry"],"_links":{"self":[{"href":"https:\/\/belgium-movers.be\/blog\/wp-json\/wp\/v2\/pages\/183","targetHints":{"allow":["GET"]}}],"collection":[{"href":"https:\/\/belgium-movers.be\/blog\/wp-json\/wp\/v2\/pages"}],"about":[{"href":"https:\/\/belgium-movers.be\/blog\/wp-json\/wp\/v2\/types\/page"}],"author":[{"embeddable":true,"href":"https:\/\/belgium-movers.be\/blog\/wp-json\/wp\/v2\/users\/1"}],"replies":[{"embeddable":true,"href":"https:\/\/belgium-movers.be\/blog\/wp-json\/wp\/v2\/comments?post=183"}],"version-history":[{"count":1,"href":"https:\/\/belgium-movers.be\/blog\/wp-json\/wp\/v2\/pages\/183\/revisions"}],"predecessor-version":[{"id":187,"href":"https:\/\/belgium-movers.be\/blog\/wp-json\/wp\/v2\/pages\/183\/revisions\/187"}],"wp:featuredmedia":[{"embeddable":true,"href":"https:\/\/belgium-movers.be\/blog\/wp-json\/wp\/v2\/media\/185"}],"wp:attachment":[{"href":"https:\/\/belgium-movers.be\/blog\/wp-json\/wp\/v2\/media?parent=183"}],"curies":[{"name":"wp","href":"https:\/\/api.w.org\/{rel}","templated":true}]}}